{"id":1643,"date":"2022-05-20T10:22:17","date_gmt":"2022-05-20T10:22:17","guid":{"rendered":"https:\/\/www.dumainteractiva.com\/web\/?page_id=1643"},"modified":"2025-12-01T15:17:24","modified_gmt":"2025-12-01T15:17:24","slug":"comunicapp-fincas","status":"publish","type":"page","link":"https:\/\/www.dumainteractiva.com\/web\/es\/comunicapp-fincas\/","title":{"rendered":"ComunicAPP Fincas"},"content":{"rendered":"<div class=\"wp-block-image\">\n<figure class=\"aligncenter size-full is-resized\"><img data-recalc-dims=\"1\" fetchpriority=\"high\" decoding=\"async\" width=\"750\" height=\"115\" src=\"https:\/\/i0.wp.com\/www.dumainteractiva.com\/web\/wp-content\/uploads\/2022\/05\/comunicAPP_Finques.jpg?resize=750%2C115&#038;ssl=1\" alt=\"\" class=\"wp-image-1657\" style=\"width:400px\" srcset=\"https:\/\/i0.wp.com\/www.dumainteractiva.com\/web\/wp-content\/uploads\/2022\/05\/comunicAPP_Finques.jpg?w=750&amp;ssl=1 750w, https:\/\/i0.wp.com\/www.dumainteractiva.com\/web\/wp-content\/uploads\/2022\/05\/comunicAPP_Finques.jpg?resize=300%2C46&amp;ssl=1 300w\" sizes=\"(max-width: 750px) 100vw, 750px\" \/><\/figure>\n<\/div>\n\n\n<p>ComunicAPP Fincas es una <strong>App para Administradores de Fincas y comunidades de propietarios<\/strong>, ya disponible en los markets para m\u00f3viles Android o iPhone, que permite el env\u00edo de comunicados a propietarios de inmuebles sin coste alguno por mensaje: Reuniones, avisos, reclamaciones, actas, normativas\u2026 pudiendo enviar el mensaje a una vivienda, a toda una comunidad o a todas las comunidades del administrador a la vez. <strong>Solo pueden responder aquellos mensajes que el administrador decida, no se ven los n\u00fameros de tel\u00e9fono, no se generan debates innecesarios\u2026 Todo son ventajas! La APP dispone de calendario de reuniones, listado de documentos, tel\u00e9fonos de emergencia, formulario de incidencias\u2026<\/strong><\/p>\n\n\n\n<div style=\"height:50px\" aria-hidden=\"true\" class=\"wp-block-spacer\"><\/div>\n\n\n\n<p><strong>\u00bfQu\u00e9 tal si acabamos con los grupos de whatsapp en las comunidades?<\/strong><\/p>\n\n\n\n<div style=\"height:50px\" aria-hidden=\"true\" class=\"wp-block-spacer\"><\/div>\n\n\n\n<div class=\"wp-block-columns is-layout-flex wp-container-core-columns-is-layout-9d6595d7 wp-block-columns-is-layout-flex\">\n<div class=\"wp-block-column is-vertically-aligned-top is-layout-flow wp-block-column-is-layout-flow\"><div class=\"wp-block-image\">\n<figure class=\"aligncenter size-full is-resized\"><img data-recalc-dims=\"1\" decoding=\"async\" width=\"562\" height=\"1000\" src=\"https:\/\/i0.wp.com\/www.dumainteractiva.com\/web\/wp-content\/uploads\/2022\/05\/comunicAPP_Fincas_screen.jpg?resize=562%2C1000&#038;ssl=1\" alt=\"\" class=\"wp-image-1650\" style=\"width:300px\" srcset=\"https:\/\/i0.wp.com\/www.dumainteractiva.com\/web\/wp-content\/uploads\/2022\/05\/comunicAPP_Fincas_screen.jpg?w=562&amp;ssl=1 562w, https:\/\/i0.wp.com\/www.dumainteractiva.com\/web\/wp-content\/uploads\/2022\/05\/comunicAPP_Fincas_screen.jpg?resize=169%2C300&amp;ssl=1 169w\" sizes=\"(max-width: 562px) 100vw, 562px\" \/><\/figure>\n<\/div><\/div>\n\n\n\n<div class=\"wp-block-column is-layout-flow wp-block-column-is-layout-flow\">\n<p>Adem\u00e1s la APP dispone de:<\/p>\n\n\n\n<ul class=\"wp-block-list\">\n<li>Mensajes con confirmaci\u00f3n de lectura y enlaces a archivos adjuntos.<\/li>\n\n\n\n<li>Calendario de la comunidad con fechas de reuniones y reparaciones, etc, enlazable con el propio calendario del m\u00f3vil del usuario.<\/li>\n\n\n\n<li>Listado de documentos de la comunidad (actas, presupuestos, facturas\u2026)<\/li>\n\n\n\n<li>Tel\u00e9fonos de emergencia.<\/li>\n\n\n\n<li>Formulario de incidencias con fotograf\u00eda adjunta, que recibe el administrador\/presidente.<\/li>\n\n\n\n<li>Todas las secciones son editables para el administrador desde una sencilla aplicaci\u00f3n online.<\/li>\n\n\n\n<li>La App es de descargar gratuita para los usuarios (propietarios o vecinos de las comunidades).<\/li>\n<\/ul>\n\n\n\n<div class=\"wp-block-columns is-layout-flex wp-container-core-columns-is-layout-9d6595d7 wp-block-columns-is-layout-flex\">\n<div class=\"wp-block-column is-layout-flow wp-block-column-is-layout-flow\">\n<figure class=\"wp-block-image size-full\"><a href=\"https:\/\/play.google.com\/store\/apps\/details?id=com.dumainteractiva.finques\"><img data-recalc-dims=\"1\" decoding=\"async\" width=\"428\" height=\"126\" src=\"https:\/\/i0.wp.com\/www.dumainteractiva.com\/web\/wp-content\/uploads\/2022\/05\/android_store_es.png?resize=428%2C126&#038;ssl=1\" alt=\"\" class=\"wp-image-1235\" srcset=\"https:\/\/i0.wp.com\/www.dumainteractiva.com\/web\/wp-content\/uploads\/2022\/05\/android_store_es.png?w=428&amp;ssl=1 428w, https:\/\/i0.wp.com\/www.dumainteractiva.com\/web\/wp-content\/uploads\/2022\/05\/android_store_es.png?resize=300%2C88&amp;ssl=1 300w\" sizes=\"(max-width: 428px) 100vw, 428px\" \/><\/a><\/figure>\n<\/div>\n\n\n\n<div class=\"wp-block-column is-layout-flow wp-block-column-is-layout-flow\">\n<figure class=\"wp-block-image size-full\"><a href=\"https:\/\/itunes.apple.com\/es\/app\/comunicapp-fincas\/id991042541?mt=8\" target=\"_blank\" rel=\"noopener\"><img data-recalc-dims=\"1\" loading=\"lazy\" decoding=\"async\" width=\"428\" height=\"126\" src=\"https:\/\/i0.wp.com\/www.dumainteractiva.com\/web\/wp-content\/uploads\/2022\/05\/ios_store_es.png?resize=428%2C126&#038;ssl=1\" alt=\"\" class=\"wp-image-1260\" srcset=\"https:\/\/i0.wp.com\/www.dumainteractiva.com\/web\/wp-content\/uploads\/2022\/05\/ios_store_es.png?w=428&amp;ssl=1 428w, https:\/\/i0.wp.com\/www.dumainteractiva.com\/web\/wp-content\/uploads\/2022\/05\/ios_store_es.png?resize=300%2C88&amp;ssl=1 300w\" sizes=\"(max-width: 428px) 100vw, 428px\" \/><\/a><\/figure>\n<\/div>\n<\/div>\n\n\n\n<p>Descargue gratuitamente <strong>ComunicAPP Fincas<\/strong> en un m\u00f3vil Android o iPhone y acceda a la versi\u00f3n demo (c\u00f3digo de comunidad: <strong>demo123456<\/strong>).<\/p>\n<\/div>\n<\/div>\n\n\n\n<div style=\"height:50px\" aria-hidden=\"true\" class=\"wp-block-spacer\"><\/div>\n\n\n\n<div class=\"wp-block-columns is-layout-flex wp-container-core-columns-is-layout-9d6595d7 wp-block-columns-is-layout-flex\">\n<div class=\"wp-block-column is-layout-flow wp-block-column-is-layout-flow\">\n<h2 class=\"wp-block-heading\">Comunidades de propietarios<\/h2>\n\n\n\n<p>Coste del servicio para comunidades de propietarios :<\/p>\n\n\n\n<p>&#8211; Comunidad de hasta 20 viviendas: 60,00 \u20ac anuales (iva&nbsp;aparte)<br>&#8211; Comunidad de hasta 40 viviendas: 90,00 \u20ac anuales (iva&nbsp;aparte)<br>&#8211; Comunidad de m\u00e1s de 40 viviendas: 120,00 \u20ac anuales (ivaa&nbsp;parte)<\/p>\n<\/div>\n\n\n\n<div class=\"wp-block-column is-layout-flow wp-block-column-is-layout-flow\">\n<h2 class=\"wp-block-heading\">Administrador de fincas<\/h2>\n\n\n\n<p>Coste del servicio para administradores de fincas:<\/p>\n\n\n\n<p>39,95 \u20ac mensuales &#8211; incluyendo hasta 100 comunidades (iva aparte)<br>59,95 \u20ac mensuales &#8211; incluyendo m\u00e1s de 100 comunidades (iva aparte)<\/p>\n<\/div>\n<\/div>\n\n\n\n<div style=\"height:50px\" aria-hidden=\"true\" class=\"wp-block-spacer\"><\/div>\n\n\n\n<p>Si lo prefiere tambi\u00e9n podemos desarrollar una APP totalmente a medida de su empresa.<\/p>\n\n\n\n<p>P\u00f3ngase en contacto con nosotros para mayor informaci\u00f3n:<\/p>\n\n\n\n<div class=\"wp-block-buttons is-content-justification-center is-layout-flex wp-container-core-buttons-is-layout-16018d1d wp-block-buttons-is-layout-flex\">\n<div class=\"wp-block-button aligncenter\"><a class=\"wp-block-button__link has-text-align-center wp-element-button\" href=\"https:\/\/www.dumainteractiva.com\/web\/contacta-es\/\">SOLICITA AQU\u00cd INFORMACI\u00d3N O PRESUPUESTO DETALLADO<\/a><\/div>\n<\/div>\n","protected":false},"excerpt":{"rendered":"<p>ComunicAPP Fincas es una App para Administradores de Fincas y comunidades de propietarios, ya disponible en los markets para m\u00f3viles Android o iPhone, que permite el env\u00edo de comunicados a&hellip;<\/p>\n","protected":false},"author":1,"featured_media":0,"parent":0,"menu_order":0,"comment_status":"closed","ping_status":"closed","template":"","meta":{"footnotes":""},"class_list":["post-1643","page","type-page","status-publish","hentry"],"yoast_head":"<!-- This site is optimized with the Yoast SEO plugin v27.2 - https:\/\/yoast.com\/product\/yoast-seo-wordpress\/ -->\n<title>ComunicAPP Fincas - Duma Next<\/title>\n<meta name=\"robots\" content=\"index, follow, max-snippet:-1, max-image-preview:large, max-video-preview:-1\" \/>\n<link rel=\"canonical\" href=\"https:\/\/www.dumainteractiva.com\/web\/es\/comunicapp-fincas\/\" \/>\n<meta property=\"og:locale\" content=\"es_ES\" \/>\n<meta property=\"og:type\" content=\"article\" \/>\n<meta property=\"og:title\" content=\"ComunicAPP Fincas - Duma Next\" \/>\n<meta property=\"og:description\" content=\"ComunicAPP Fincas es una App para Administradores de Fincas y comunidades de propietarios, ya disponible en los markets para m\u00f3viles Android o iPhone, que permite el env\u00edo de comunicados a&hellip;\" \/>\n<meta property=\"og:url\" content=\"https:\/\/www.dumainteractiva.com\/web\/es\/comunicapp-fincas\/\" \/>\n<meta property=\"og:site_name\" content=\"Duma Next\" \/>\n<meta property=\"article:publisher\" content=\"https:\/\/www.facebook.com\/dumainteractiva\" \/>\n<meta property=\"article:modified_time\" content=\"2025-12-01T15:17:24+00:00\" \/>\n<meta property=\"og:image\" content=\"https:\/\/www.dumainteractiva.com\/web\/wp-content\/uploads\/2022\/05\/comunicAPP_Finques.jpg\" \/>\n<meta name=\"twitter:card\" content=\"summary_large_image\" \/>\n<meta name=\"twitter:label1\" content=\"Tiempo de lectura\" \/>\n\t<meta name=\"twitter:data1\" content=\"3 minutos\" \/>\n<script type=\"application\/ld+json\" class=\"yoast-schema-graph\">{\"@context\":\"https:\/\/schema.org\",\"@graph\":[{\"@type\":\"WebPage\",\"@id\":\"https:\/\/www.dumainteractiva.com\/web\/es\/comunicapp-fincas\/\",\"url\":\"https:\/\/www.dumainteractiva.com\/web\/es\/comunicapp-fincas\/\",\"name\":\"ComunicAPP Fincas - Duma Next\",\"isPartOf\":{\"@id\":\"https:\/\/www.dumainteractiva.com\/web\/#website\"},\"primaryImageOfPage\":{\"@id\":\"https:\/\/www.dumainteractiva.com\/web\/es\/comunicapp-fincas\/#primaryimage\"},\"image\":{\"@id\":\"https:\/\/www.dumainteractiva.com\/web\/es\/comunicapp-fincas\/#primaryimage\"},\"thumbnailUrl\":\"https:\/\/www.dumainteractiva.com\/web\/wp-content\/uploads\/2022\/05\/comunicAPP_Finques.jpg\",\"datePublished\":\"2022-05-20T10:22:17+00:00\",\"dateModified\":\"2025-12-01T15:17:24+00:00\",\"breadcrumb\":{\"@id\":\"https:\/\/www.dumainteractiva.com\/web\/es\/comunicapp-fincas\/#breadcrumb\"},\"inLanguage\":\"es\",\"potentialAction\":[{\"@type\":\"ReadAction\",\"target\":[\"https:\/\/www.dumainteractiva.com\/web\/es\/comunicapp-fincas\/\"]}]},{\"@type\":\"ImageObject\",\"inLanguage\":\"es\",\"@id\":\"https:\/\/www.dumainteractiva.com\/web\/es\/comunicapp-fincas\/#primaryimage\",\"url\":\"https:\/\/i0.wp.com\/www.dumainteractiva.com\/web\/wp-content\/uploads\/2022\/05\/comunicAPP_Finques.jpg?fit=750%2C115&ssl=1\",\"contentUrl\":\"https:\/\/i0.wp.com\/www.dumainteractiva.com\/web\/wp-content\/uploads\/2022\/05\/comunicAPP_Finques.jpg?fit=750%2C115&ssl=1\",\"width\":750,\"height\":115},{\"@type\":\"BreadcrumbList\",\"@id\":\"https:\/\/www.dumainteractiva.com\/web\/es\/comunicapp-fincas\/#breadcrumb\",\"itemListElement\":[{\"@type\":\"ListItem\",\"position\":1,\"name\":\"Portada\",\"item\":\"https:\/\/www.dumainteractiva.com\/web\/\"},{\"@type\":\"ListItem\",\"position\":2,\"name\":\"ComunicAPP Fincas\"}]},{\"@type\":\"WebSite\",\"@id\":\"https:\/\/www.dumainteractiva.com\/web\/#website\",\"url\":\"https:\/\/www.dumainteractiva.com\/web\/\",\"name\":\"Duma Next\",\"description\":\"Agencia Interactiva de programaci\u00f3n ERP, desarrollo App y dise\u00f1o web multiplataforma\",\"publisher\":{\"@id\":\"https:\/\/www.dumainteractiva.com\/web\/#organization\"},\"potentialAction\":[{\"@type\":\"SearchAction\",\"target\":{\"@type\":\"EntryPoint\",\"urlTemplate\":\"https:\/\/www.dumainteractiva.com\/web\/?s={search_term_string}\"},\"query-input\":{\"@type\":\"PropertyValueSpecification\",\"valueRequired\":true,\"valueName\":\"search_term_string\"}}],\"inLanguage\":\"es\"},{\"@type\":\"Organization\",\"@id\":\"https:\/\/www.dumainteractiva.com\/web\/#organization\",\"name\":\"Duma Next\",\"url\":\"https:\/\/www.dumainteractiva.com\/web\/\",\"logo\":{\"@type\":\"ImageObject\",\"inLanguage\":\"es\",\"@id\":\"https:\/\/www.dumainteractiva.com\/web\/#\/schema\/logo\/image\/\",\"url\":\"https:\/\/i0.wp.com\/www.dumainteractiva.com\/web\/wp-content\/uploads\/2022\/05\/Duma_logo_2022-transparent.png?fit=1239%2C836&ssl=1\",\"contentUrl\":\"https:\/\/i0.wp.com\/www.dumainteractiva.com\/web\/wp-content\/uploads\/2022\/05\/Duma_logo_2022-transparent.png?fit=1239%2C836&ssl=1\",\"width\":1239,\"height\":836,\"caption\":\"Duma Next\"},\"image\":{\"@id\":\"https:\/\/www.dumainteractiva.com\/web\/#\/schema\/logo\/image\/\"},\"sameAs\":[\"https:\/\/www.facebook.com\/dumainteractiva\"]}]}<\/script>\n<!-- \/ Yoast SEO plugin. -->","yoast_head_json":{"title":"ComunicAPP Fincas - Duma Next","robots":{"index":"index","follow":"follow","max-snippet":"max-snippet:-1","max-image-preview":"max-image-preview:large","max-video-preview":"max-video-preview:-1"},"canonical":"https:\/\/www.dumainteractiva.com\/web\/es\/comunicapp-fincas\/","og_locale":"es_ES","og_type":"article","og_title":"ComunicAPP Fincas - Duma Next","og_description":"ComunicAPP Fincas es una App para Administradores de Fincas y comunidades de propietarios, ya disponible en los markets para m\u00f3viles Android o iPhone, que permite el env\u00edo de comunicados a&hellip;","og_url":"https:\/\/www.dumainteractiva.com\/web\/es\/comunicapp-fincas\/","og_site_name":"Duma Next","article_publisher":"https:\/\/www.facebook.com\/dumainteractiva","article_modified_time":"2025-12-01T15:17:24+00:00","og_image":[{"url":"https:\/\/www.dumainteractiva.com\/web\/wp-content\/uploads\/2022\/05\/comunicAPP_Finques.jpg","type":"","width":"","height":""}],"twitter_card":"summary_large_image","twitter_misc":{"Tiempo de lectura":"3 minutos"},"schema":{"@context":"https:\/\/schema.org","@graph":[{"@type":"WebPage","@id":"https:\/\/www.dumainteractiva.com\/web\/es\/comunicapp-fincas\/","url":"https:\/\/www.dumainteractiva.com\/web\/es\/comunicapp-fincas\/","name":"ComunicAPP Fincas - Duma Next","isPartOf":{"@id":"https:\/\/www.dumainteractiva.com\/web\/#website"},"primaryImageOfPage":{"@id":"https:\/\/www.dumainteractiva.com\/web\/es\/comunicapp-fincas\/#primaryimage"},"image":{"@id":"https:\/\/www.dumainteractiva.com\/web\/es\/comunicapp-fincas\/#primaryimage"},"thumbnailUrl":"https:\/\/www.dumainteractiva.com\/web\/wp-content\/uploads\/2022\/05\/comunicAPP_Finques.jpg","datePublished":"2022-05-20T10:22:17+00:00","dateModified":"2025-12-01T15:17:24+00:00","breadcrumb":{"@id":"https:\/\/www.dumainteractiva.com\/web\/es\/comunicapp-fincas\/#breadcrumb"},"inLanguage":"es","potentialAction":[{"@type":"ReadAction","target":["https:\/\/www.dumainteractiva.com\/web\/es\/comunicapp-fincas\/"]}]},{"@type":"ImageObject","inLanguage":"es","@id":"https:\/\/www.dumainteractiva.com\/web\/es\/comunicapp-fincas\/#primaryimage","url":"https:\/\/i0.wp.com\/www.dumainteractiva.com\/web\/wp-content\/uploads\/2022\/05\/comunicAPP_Finques.jpg?fit=750%2C115&ssl=1","contentUrl":"https:\/\/i0.wp.com\/www.dumainteractiva.com\/web\/wp-content\/uploads\/2022\/05\/comunicAPP_Finques.jpg?fit=750%2C115&ssl=1","width":750,"height":115},{"@type":"BreadcrumbList","@id":"https:\/\/www.dumainteractiva.com\/web\/es\/comunicapp-fincas\/#breadcrumb","itemListElement":[{"@type":"ListItem","position":1,"name":"Portada","item":"https:\/\/www.dumainteractiva.com\/web\/"},{"@type":"ListItem","position":2,"name":"ComunicAPP Fincas"}]},{"@type":"WebSite","@id":"https:\/\/www.dumainteractiva.com\/web\/#website","url":"https:\/\/www.dumainteractiva.com\/web\/","name":"Duma Next","description":"Agencia Interactiva de programaci\u00f3n ERP, desarrollo App y dise\u00f1o web multiplataforma","publisher":{"@id":"https:\/\/www.dumainteractiva.com\/web\/#organization"},"potentialAction":[{"@type":"SearchAction","target":{"@type":"EntryPoint","urlTemplate":"https:\/\/www.dumainteractiva.com\/web\/?s={search_term_string}"},"query-input":{"@type":"PropertyValueSpecification","valueRequired":true,"valueName":"search_term_string"}}],"inLanguage":"es"},{"@type":"Organization","@id":"https:\/\/www.dumainteractiva.com\/web\/#organization","name":"Duma Next","url":"https:\/\/www.dumainteractiva.com\/web\/","logo":{"@type":"ImageObject","inLanguage":"es","@id":"https:\/\/www.dumainteractiva.com\/web\/#\/schema\/logo\/image\/","url":"https:\/\/i0.wp.com\/www.dumainteractiva.com\/web\/wp-content\/uploads\/2022\/05\/Duma_logo_2022-transparent.png?fit=1239%2C836&ssl=1","contentUrl":"https:\/\/i0.wp.com\/www.dumainteractiva.com\/web\/wp-content\/uploads\/2022\/05\/Duma_logo_2022-transparent.png?fit=1239%2C836&ssl=1","width":1239,"height":836,"caption":"Duma Next"},"image":{"@id":"https:\/\/www.dumainteractiva.com\/web\/#\/schema\/logo\/image\/"},"sameAs":["https:\/\/www.facebook.com\/dumainteractiva"]}]}},"jetpack_sharing_enabled":true,"_links":{"self":[{"href":"https:\/\/www.dumainteractiva.com\/web\/wp-json\/wp\/v2\/pages\/1643","targetHints":{"allow":["GET"]}}],"collection":[{"href":"https:\/\/www.dumainteractiva.com\/web\/wp-json\/wp\/v2\/pages"}],"about":[{"href":"https:\/\/www.dumainteractiva.com\/web\/wp-json\/wp\/v2\/types\/page"}],"author":[{"embeddable":true,"href":"https:\/\/www.dumainteractiva.com\/web\/wp-json\/wp\/v2\/users\/1"}],"replies":[{"embeddable":true,"href":"https:\/\/www.dumainteractiva.com\/web\/wp-json\/wp\/v2\/comments?post=1643"}],"version-history":[{"count":10,"href":"https:\/\/www.dumainteractiva.com\/web\/wp-json\/wp\/v2\/pages\/1643\/revisions"}],"predecessor-version":[{"id":2530,"href":"https:\/\/www.dumainteractiva.com\/web\/wp-json\/wp\/v2\/pages\/1643\/revisions\/2530"}],"wp:attachment":[{"href":"https:\/\/www.dumainteractiva.com\/web\/wp-json\/wp\/v2\/media?parent=1643"}],"curies":[{"name":"wp","href":"https:\/\/api.w.org\/{rel}","templated":true}]}}