{"id":1645,"date":"2022-05-20T10:23:29","date_gmt":"2022-05-20T10:23:29","guid":{"rendered":"https:\/\/www.dumainteractiva.com\/web\/?page_id=1645"},"modified":"2025-12-01T15:05:31","modified_gmt":"2025-12-01T15:05:31","slug":"comunicapp-finques","status":"publish","type":"page","link":"https:\/\/www.dumainteractiva.com\/web\/comunicapp-finques\/","title":{"rendered":"ComunicAPP Finques"},"content":{"rendered":"<div class=\"wp-block-image\">\n<figure class=\"aligncenter size-full is-resized\"><img data-recalc-dims=\"1\" fetchpriority=\"high\" decoding=\"async\" width=\"750\" height=\"115\" src=\"https:\/\/i0.wp.com\/www.dumainteractiva.com\/web\/wp-content\/uploads\/2022\/05\/comunicappfinques.jpg?resize=750%2C115&#038;ssl=1\" alt=\"\" class=\"wp-image-1652\" style=\"width:400px\" srcset=\"https:\/\/i0.wp.com\/www.dumainteractiva.com\/web\/wp-content\/uploads\/2022\/05\/comunicappfinques.jpg?w=750&amp;ssl=1 750w, https:\/\/i0.wp.com\/www.dumainteractiva.com\/web\/wp-content\/uploads\/2022\/05\/comunicappfinques.jpg?resize=300%2C46&amp;ssl=1 300w\" sizes=\"(max-width: 750px) 100vw, 750px\" \/><\/figure>\n<\/div>\n\n\n<p>ComunicAPP Finques \u00e9s una <strong>APP per a Administradors de Finques i comunitats de propietaris<\/strong>, disponible gratu\u00eftament per a m\u00f2bils Android i iPhone, que permet l&#8217;enviament de comunicats a propietaris d&#8217;immobles sense cap cost per missatge: Reunions, avisos, reclamacions, actes, normatives \u2026 podent enviar el missatge a una vivenda, a tota una comunitat o a totes les comunitats de l&#8217;administrador alhora. <strong>Nom\u00e9s poden respondre<\/strong> <strong>aquells missatges que l\u2019administrador decideixi, no es veuen els n\u00fameros de tel\u00e8fon, no es generen debats innecessaris\u2026 Tot s\u00f3n avantatges! L&#8217;APP disposa de calendari de reunions, llistat de documents, tel\u00e8fons d&#8217;emerg\u00e8ncia, formulari d&#8217;incid\u00e8ncies<\/strong>\u2026<\/p>\n\n\n\n<div style=\"height:50px\" aria-hidden=\"true\" class=\"wp-block-spacer\"><\/div>\n\n\n\n<p><strong>\u00bfQu\u00e8 tal si acabem amb els grups de whatsapp a les comunitats?<\/strong><\/p>\n\n\n\n<div style=\"height:50px\" aria-hidden=\"true\" class=\"wp-block-spacer\"><\/div>\n\n\n\n<div class=\"wp-block-columns is-layout-flex wp-container-core-columns-is-layout-9d6595d7 wp-block-columns-is-layout-flex\">\n<div class=\"wp-block-column is-vertically-aligned-top is-layout-flow wp-block-column-is-layout-flow\"><div class=\"wp-block-image\">\n<figure class=\"aligncenter size-full is-resized\"><img data-recalc-dims=\"1\" decoding=\"async\" width=\"624\" height=\"1000\" src=\"https:\/\/i0.wp.com\/www.dumainteractiva.com\/web\/wp-content\/uploads\/2022\/05\/comunicAPP_Finques_screen.jpg?resize=624%2C1000&#038;ssl=1\" alt=\"\" class=\"wp-image-1651\" style=\"width:300px\" srcset=\"https:\/\/i0.wp.com\/www.dumainteractiva.com\/web\/wp-content\/uploads\/2022\/05\/comunicAPP_Finques_screen.jpg?w=624&amp;ssl=1 624w, https:\/\/i0.wp.com\/www.dumainteractiva.com\/web\/wp-content\/uploads\/2022\/05\/comunicAPP_Finques_screen.jpg?resize=187%2C300&amp;ssl=1 187w\" sizes=\"(max-width: 624px) 100vw, 624px\" \/><\/figure>\n<\/div><\/div>\n\n\n\n<div class=\"wp-block-column is-layout-flow wp-block-column-is-layout-flow\">\n<p>A m\u00e9s l&#8217;APP disposa de:<\/p>\n\n\n\n<ul class=\"wp-block-list\">\n<li>Missatges amb confirmaci\u00f3 de lectura i enlla\u00e7os a arxius adjunts.<\/li>\n\n\n\n<li>Calendari de la comunitat amb dates de reunions i reparacions, etc,\u00a0enlla\u00e7able amb el propi calendari del m\u00f2bil de l&#8217;usuari.<\/li>\n\n\n\n<li>Llistat de documents de la comunitat (actes, pressupostos, factures&#8230;)<\/li>\n\n\n\n<li>Tel\u00e8fons d&#8217;emerg\u00e8ncia.<\/li>\n\n\n\n<li>Formulari d&#8217;incid\u00e8ncies amb fotografia adjunta, que rep l&#8217;administrador\/president.<\/li>\n\n\n\n<li>Totes les seccions s\u00f3n editables per a l&#8217;administrador des d&#8217;una senzilla aplicaci\u00f3 en l\u00ednia.<\/li>\n\n\n\n<li>L&#8217;App \u00e9s de descarregar gratu\u00efta per als usuaris (propietaris o ve\u00efns de les comunitats).<\/li>\n<\/ul>\n\n\n\n<div class=\"wp-block-columns is-layout-flex wp-container-core-columns-is-layout-9d6595d7 wp-block-columns-is-layout-flex\">\n<div class=\"wp-block-column is-layout-flow wp-block-column-is-layout-flow\"><div class=\"wp-block-image\">\n<figure class=\"aligncenter size-full\"><a href=\"https:\/\/play.google.com\/store\/apps\/details?id=com.dumainteractiva.finques\" target=\"_blank\" rel=\"noopener\"><img data-recalc-dims=\"1\" decoding=\"async\" width=\"428\" height=\"126\" src=\"https:\/\/i0.wp.com\/www.dumainteractiva.com\/web\/wp-content\/uploads\/2022\/05\/android_store_cat.png?resize=428%2C126&#038;ssl=1\" alt=\"\" class=\"wp-image-1234\" srcset=\"https:\/\/i0.wp.com\/www.dumainteractiva.com\/web\/wp-content\/uploads\/2022\/05\/android_store_cat.png?w=428&amp;ssl=1 428w, https:\/\/i0.wp.com\/www.dumainteractiva.com\/web\/wp-content\/uploads\/2022\/05\/android_store_cat.png?resize=300%2C88&amp;ssl=1 300w\" sizes=\"(max-width: 428px) 100vw, 428px\" \/><\/a><\/figure>\n<\/div><\/div>\n\n\n\n<div class=\"wp-block-column is-layout-flow wp-block-column-is-layout-flow\"><div class=\"wp-block-image\">\n<figure class=\"aligncenter size-full\"><a href=\"https:\/\/itunes.apple.com\/es\/app\/comunicapp-fincas\/id991042541?mt=8\" target=\"_blank\" rel=\"noopener\"><img data-recalc-dims=\"1\" decoding=\"async\" src=\"https:\/\/i0.wp.com\/www.dumainteractiva.com\/web\/wp-content\/uploads\/2022\/05\/ios_store_cat.png?ssl=1\" alt=\"\" class=\"wp-image-1259\"\/><\/a><\/figure>\n<\/div><\/div>\n<\/div>\n\n\n\n<p>Descarregui gratu\u00eftament <strong>ComunicAPP Finques<\/strong> al seu m\u00f2bil Android o iPhone i accedeixi a la versi\u00f3 demo (codi de comunitat: <strong>demo123456<\/strong>).<\/p>\n<\/div>\n<\/div>\n\n\n\n<div style=\"height:50px\" aria-hidden=\"true\" class=\"wp-block-spacer\"><\/div>\n\n\n\n<div class=\"wp-block-columns is-layout-flex wp-container-core-columns-is-layout-9d6595d7 wp-block-columns-is-layout-flex\">\n<div class=\"wp-block-column is-layout-flow wp-block-column-is-layout-flow\">\n<h2 class=\"wp-block-heading\">Comunitats de propietaris<\/h2>\n\n\n\n<p>Cost del servei per a comunitats de propietaris :<\/p>\n\n\n\n<p>&#8211; Comunitat de fins 20 vivendes: 60,00 \u20ac anuals (iva apart)<br>&#8211; Comunitat de fins 40 vivendes: 90,00 \u20ac anuals (iva apart)<br>&#8211; Comunitat de m\u00e9s de 40 vivendes: 120,00 \u20ac anuals (ivaa part)<\/p>\n<\/div>\n\n\n\n<div class=\"wp-block-column is-layout-flow wp-block-column-is-layout-flow\">\n<h2 class=\"wp-block-heading\">Administradors de finques<\/h2>\n\n\n\n<p>Cost del servei per a administradors de finques:<\/p>\n\n\n\n<p>39,95 \u20ac mensuals incloent fins a 100 comunitats (iva apart)<br>59,95 \u20ac mensuals incloent m\u00e9s de 100 comunitats (iva apart)<\/p>\n<\/div>\n<\/div>\n\n\n\n<div style=\"height:50px\" aria-hidden=\"true\" class=\"wp-block-spacer\"><\/div>\n\n\n\n<p>Si ho prefereix tamb\u00e9 podem desenvolupar una APP totalment a mida de la seva empresa.<\/p>\n\n\n\n<p>Posi&#8217;s en contacte amb nosaltres per a m\u00e9s informaci\u00f3:<\/p>\n\n\n\n<div class=\"wp-block-buttons is-content-justification-center is-layout-flex wp-container-core-buttons-is-layout-16018d1d wp-block-buttons-is-layout-flex\">\n<div class=\"wp-block-button aligncenter\"><a class=\"wp-block-button__link has-text-align-center wp-element-button\" href=\"https:\/\/www.dumainteractiva.com\/web\/ca\/contacta-cat\/\">SOL\u00b7LICITA AQU\u00cd INFORMACI\u00d3 O PRESSUPOST DETALLAT<\/a><\/div>\n<\/div>\n","protected":false},"excerpt":{"rendered":"<p>ComunicAPP Finques \u00e9s una APP per a Administradors de Finques i comunitats de propietaris, disponible gratu\u00eftament per a m\u00f2bils Android i iPhone, que permet l&#8217;enviament de comunicats a propietaris d&#8217;immobles&hellip;<\/p>\n","protected":false},"author":1,"featured_media":0,"parent":0,"menu_order":0,"comment_status":"closed","ping_status":"closed","template":"","meta":{"footnotes":""},"class_list":["post-1645","page","type-page","status-publish","hentry"],"yoast_head":"<!-- This site is optimized with the Yoast SEO plugin v27.2 - https:\/\/yoast.com\/product\/yoast-seo-wordpress\/ -->\n<title>ComunicAPP Finques - Duma Next<\/title>\n<meta name=\"robots\" content=\"index, follow, max-snippet:-1, max-image-preview:large, max-video-preview:-1\" \/>\n<link rel=\"canonical\" href=\"https:\/\/www.dumainteractiva.com\/web\/comunicapp-finques\/\" \/>\n<meta property=\"og:locale\" content=\"es_ES\" \/>\n<meta property=\"og:type\" content=\"article\" \/>\n<meta property=\"og:title\" content=\"ComunicAPP Finques - Duma Next\" \/>\n<meta property=\"og:description\" content=\"ComunicAPP Finques \u00e9s una APP per a Administradors de Finques i comunitats de propietaris, disponible gratu\u00eftament per a m\u00f2bils Android i iPhone, que permet l&#8217;enviament de comunicats a propietaris d&#8217;immobles&hellip;\" \/>\n<meta property=\"og:url\" content=\"https:\/\/www.dumainteractiva.com\/web\/comunicapp-finques\/\" \/>\n<meta property=\"og:site_name\" content=\"Duma Next\" \/>\n<meta property=\"article:publisher\" content=\"https:\/\/www.facebook.com\/dumainteractiva\" \/>\n<meta property=\"article:modified_time\" content=\"2025-12-01T15:05:31+00:00\" \/>\n<meta property=\"og:image\" content=\"https:\/\/www.dumainteractiva.com\/web\/wp-content\/uploads\/2022\/05\/comunicappfinques.jpg\" \/>\n<meta name=\"twitter:card\" content=\"summary_large_image\" \/>\n<meta name=\"twitter:label1\" content=\"Tiempo de lectura\" \/>\n\t<meta name=\"twitter:data1\" content=\"3 minutos\" \/>\n<script type=\"application\/ld+json\" class=\"yoast-schema-graph\">{\"@context\":\"https:\/\/schema.org\",\"@graph\":[{\"@type\":\"WebPage\",\"@id\":\"https:\/\/www.dumainteractiva.com\/web\/comunicapp-finques\/\",\"url\":\"https:\/\/www.dumainteractiva.com\/web\/comunicapp-finques\/\",\"name\":\"ComunicAPP Finques - Duma Next\",\"isPartOf\":{\"@id\":\"https:\/\/www.dumainteractiva.com\/web\/#website\"},\"primaryImageOfPage\":{\"@id\":\"https:\/\/www.dumainteractiva.com\/web\/comunicapp-finques\/#primaryimage\"},\"image\":{\"@id\":\"https:\/\/www.dumainteractiva.com\/web\/comunicapp-finques\/#primaryimage\"},\"thumbnailUrl\":\"https:\/\/www.dumainteractiva.com\/web\/wp-content\/uploads\/2022\/05\/comunicappfinques.jpg\",\"datePublished\":\"2022-05-20T10:23:29+00:00\",\"dateModified\":\"2025-12-01T15:05:31+00:00\",\"breadcrumb\":{\"@id\":\"https:\/\/www.dumainteractiva.com\/web\/comunicapp-finques\/#breadcrumb\"},\"inLanguage\":\"es\",\"potentialAction\":[{\"@type\":\"ReadAction\",\"target\":[\"https:\/\/www.dumainteractiva.com\/web\/comunicapp-finques\/\"]}]},{\"@type\":\"ImageObject\",\"inLanguage\":\"es\",\"@id\":\"https:\/\/www.dumainteractiva.com\/web\/comunicapp-finques\/#primaryimage\",\"url\":\"https:\/\/i0.wp.com\/www.dumainteractiva.com\/web\/wp-content\/uploads\/2022\/05\/comunicappfinques.jpg?fit=750%2C115&ssl=1\",\"contentUrl\":\"https:\/\/i0.wp.com\/www.dumainteractiva.com\/web\/wp-content\/uploads\/2022\/05\/comunicappfinques.jpg?fit=750%2C115&ssl=1\",\"width\":750,\"height\":115},{\"@type\":\"BreadcrumbList\",\"@id\":\"https:\/\/www.dumainteractiva.com\/web\/comunicapp-finques\/#breadcrumb\",\"itemListElement\":[{\"@type\":\"ListItem\",\"position\":1,\"name\":\"Portada\",\"item\":\"https:\/\/www.dumainteractiva.com\/web\/\"},{\"@type\":\"ListItem\",\"position\":2,\"name\":\"ComunicAPP Finques\"}]},{\"@type\":\"WebSite\",\"@id\":\"https:\/\/www.dumainteractiva.com\/web\/#website\",\"url\":\"https:\/\/www.dumainteractiva.com\/web\/\",\"name\":\"Duma Next\",\"description\":\"Agencia Interactiva de programaci\u00f3n ERP, desarrollo App y dise\u00f1o web multiplataforma\",\"publisher\":{\"@id\":\"https:\/\/www.dumainteractiva.com\/web\/#organization\"},\"potentialAction\":[{\"@type\":\"SearchAction\",\"target\":{\"@type\":\"EntryPoint\",\"urlTemplate\":\"https:\/\/www.dumainteractiva.com\/web\/?s={search_term_string}\"},\"query-input\":{\"@type\":\"PropertyValueSpecification\",\"valueRequired\":true,\"valueName\":\"search_term_string\"}}],\"inLanguage\":\"es\"},{\"@type\":\"Organization\",\"@id\":\"https:\/\/www.dumainteractiva.com\/web\/#organization\",\"name\":\"Duma Next\",\"url\":\"https:\/\/www.dumainteractiva.com\/web\/\",\"logo\":{\"@type\":\"ImageObject\",\"inLanguage\":\"es\",\"@id\":\"https:\/\/www.dumainteractiva.com\/web\/#\/schema\/logo\/image\/\",\"url\":\"https:\/\/i0.wp.com\/www.dumainteractiva.com\/web\/wp-content\/uploads\/2022\/05\/Duma_logo_2022-transparent.png?fit=1239%2C836&ssl=1\",\"contentUrl\":\"https:\/\/i0.wp.com\/www.dumainteractiva.com\/web\/wp-content\/uploads\/2022\/05\/Duma_logo_2022-transparent.png?fit=1239%2C836&ssl=1\",\"width\":1239,\"height\":836,\"caption\":\"Duma Next\"},\"image\":{\"@id\":\"https:\/\/www.dumainteractiva.com\/web\/#\/schema\/logo\/image\/\"},\"sameAs\":[\"https:\/\/www.facebook.com\/dumainteractiva\"]}]}<\/script>\n<!-- \/ Yoast SEO plugin. -->","yoast_head_json":{"title":"ComunicAPP Finques - Duma Next","robots":{"index":"index","follow":"follow","max-snippet":"max-snippet:-1","max-image-preview":"max-image-preview:large","max-video-preview":"max-video-preview:-1"},"canonical":"https:\/\/www.dumainteractiva.com\/web\/comunicapp-finques\/","og_locale":"es_ES","og_type":"article","og_title":"ComunicAPP Finques - Duma Next","og_description":"ComunicAPP Finques \u00e9s una APP per a Administradors de Finques i comunitats de propietaris, disponible gratu\u00eftament per a m\u00f2bils Android i iPhone, que permet l&#8217;enviament de comunicats a propietaris d&#8217;immobles&hellip;","og_url":"https:\/\/www.dumainteractiva.com\/web\/comunicapp-finques\/","og_site_name":"Duma Next","article_publisher":"https:\/\/www.facebook.com\/dumainteractiva","article_modified_time":"2025-12-01T15:05:31+00:00","og_image":[{"url":"https:\/\/www.dumainteractiva.com\/web\/wp-content\/uploads\/2022\/05\/comunicappfinques.jpg","type":"","width":"","height":""}],"twitter_card":"summary_large_image","twitter_misc":{"Tiempo de lectura":"3 minutos"},"schema":{"@context":"https:\/\/schema.org","@graph":[{"@type":"WebPage","@id":"https:\/\/www.dumainteractiva.com\/web\/comunicapp-finques\/","url":"https:\/\/www.dumainteractiva.com\/web\/comunicapp-finques\/","name":"ComunicAPP Finques - Duma Next","isPartOf":{"@id":"https:\/\/www.dumainteractiva.com\/web\/#website"},"primaryImageOfPage":{"@id":"https:\/\/www.dumainteractiva.com\/web\/comunicapp-finques\/#primaryimage"},"image":{"@id":"https:\/\/www.dumainteractiva.com\/web\/comunicapp-finques\/#primaryimage"},"thumbnailUrl":"https:\/\/www.dumainteractiva.com\/web\/wp-content\/uploads\/2022\/05\/comunicappfinques.jpg","datePublished":"2022-05-20T10:23:29+00:00","dateModified":"2025-12-01T15:05:31+00:00","breadcrumb":{"@id":"https:\/\/www.dumainteractiva.com\/web\/comunicapp-finques\/#breadcrumb"},"inLanguage":"es","potentialAction":[{"@type":"ReadAction","target":["https:\/\/www.dumainteractiva.com\/web\/comunicapp-finques\/"]}]},{"@type":"ImageObject","inLanguage":"es","@id":"https:\/\/www.dumainteractiva.com\/web\/comunicapp-finques\/#primaryimage","url":"https:\/\/i0.wp.com\/www.dumainteractiva.com\/web\/wp-content\/uploads\/2022\/05\/comunicappfinques.jpg?fit=750%2C115&ssl=1","contentUrl":"https:\/\/i0.wp.com\/www.dumainteractiva.com\/web\/wp-content\/uploads\/2022\/05\/comunicappfinques.jpg?fit=750%2C115&ssl=1","width":750,"height":115},{"@type":"BreadcrumbList","@id":"https:\/\/www.dumainteractiva.com\/web\/comunicapp-finques\/#breadcrumb","itemListElement":[{"@type":"ListItem","position":1,"name":"Portada","item":"https:\/\/www.dumainteractiva.com\/web\/"},{"@type":"ListItem","position":2,"name":"ComunicAPP Finques"}]},{"@type":"WebSite","@id":"https:\/\/www.dumainteractiva.com\/web\/#website","url":"https:\/\/www.dumainteractiva.com\/web\/","name":"Duma Next","description":"Agencia Interactiva de programaci\u00f3n ERP, desarrollo App y dise\u00f1o web multiplataforma","publisher":{"@id":"https:\/\/www.dumainteractiva.com\/web\/#organization"},"potentialAction":[{"@type":"SearchAction","target":{"@type":"EntryPoint","urlTemplate":"https:\/\/www.dumainteractiva.com\/web\/?s={search_term_string}"},"query-input":{"@type":"PropertyValueSpecification","valueRequired":true,"valueName":"search_term_string"}}],"inLanguage":"es"},{"@type":"Organization","@id":"https:\/\/www.dumainteractiva.com\/web\/#organization","name":"Duma Next","url":"https:\/\/www.dumainteractiva.com\/web\/","logo":{"@type":"ImageObject","inLanguage":"es","@id":"https:\/\/www.dumainteractiva.com\/web\/#\/schema\/logo\/image\/","url":"https:\/\/i0.wp.com\/www.dumainteractiva.com\/web\/wp-content\/uploads\/2022\/05\/Duma_logo_2022-transparent.png?fit=1239%2C836&ssl=1","contentUrl":"https:\/\/i0.wp.com\/www.dumainteractiva.com\/web\/wp-content\/uploads\/2022\/05\/Duma_logo_2022-transparent.png?fit=1239%2C836&ssl=1","width":1239,"height":836,"caption":"Duma Next"},"image":{"@id":"https:\/\/www.dumainteractiva.com\/web\/#\/schema\/logo\/image\/"},"sameAs":["https:\/\/www.facebook.com\/dumainteractiva"]}]}},"jetpack_sharing_enabled":true,"_links":{"self":[{"href":"https:\/\/www.dumainteractiva.com\/web\/wp-json\/wp\/v2\/pages\/1645","targetHints":{"allow":["GET"]}}],"collection":[{"href":"https:\/\/www.dumainteractiva.com\/web\/wp-json\/wp\/v2\/pages"}],"about":[{"href":"https:\/\/www.dumainteractiva.com\/web\/wp-json\/wp\/v2\/types\/page"}],"author":[{"embeddable":true,"href":"https:\/\/www.dumainteractiva.com\/web\/wp-json\/wp\/v2\/users\/1"}],"replies":[{"embeddable":true,"href":"https:\/\/www.dumainteractiva.com\/web\/wp-json\/wp\/v2\/comments?post=1645"}],"version-history":[{"count":8,"href":"https:\/\/www.dumainteractiva.com\/web\/wp-json\/wp\/v2\/pages\/1645\/revisions"}],"predecessor-version":[{"id":2524,"href":"https:\/\/www.dumainteractiva.com\/web\/wp-json\/wp\/v2\/pages\/1645\/revisions\/2524"}],"wp:attachment":[{"href":"https:\/\/www.dumainteractiva.com\/web\/wp-json\/wp\/v2\/media?parent=1645"}],"curies":[{"name":"wp","href":"https:\/\/api.w.org\/{rel}","templated":true}]}}