{"id":2295,"date":"2025-04-11T08:43:25","date_gmt":"2025-04-11T08:43:25","guid":{"rendered":"https:\/\/www.dumainteractiva.com\/web\/?page_id=2295"},"modified":"2025-04-16T07:43:26","modified_gmt":"2025-04-16T07:43:26","slug":"politica-de-cookies","status":"publish","type":"page","link":"https:\/\/www.dumainteractiva.com\/web\/politica-de-cookies\/","title":{"rendered":"Pol\u00edtica de cookies"},"content":{"rendered":"\n<p>Les Cookies s\u00f3n fitxers de dades creats pel lloc Web i emmagatzemats pr\u00e8via acceptaci\u00f3 de l&#8217;usuari en el navegador o en el seu dispositiu durant el recorregut per les p\u00e0gines o per l&#8217;aplicaci\u00f3, i serveixen per emmagatzemar informaci\u00f3 sobre la visita. Com la majoria dels llocs en Internet, els portals web han de:<\/p>\n\n\n\n<ul class=\"wp-block-list\">\n<li>Assegurar que les p\u00e0gines Web poden funcionar correctament.<\/li>\n\n\n\n<li>Emmagatzemar les prefer\u00e8ncies, com l&#8217;idioma seleccionat o la grand\u00e0ria de lletra.<\/li>\n\n\n\n<li>Con\u00e8ixer l&#8217;experi\u00e8ncia de navegaci\u00f3.<\/li>\n\n\n\n<li>Recopilar informaci\u00f3 estad\u00edstica an\u00f2nima, com les p\u00e0gines que s&#8217;han visitat o el temps que ha durat la connexi\u00f3.<\/li>\n<\/ul>\n\n\n\n<p>L&#8217;\u00fas de Cookies ens permet optimitzar la navegaci\u00f3, adaptant la informaci\u00f3 i els serveis oferts als interessos de l&#8217;usuari, per proporcionar una millor experi\u00e8ncia sempre que visiti la p\u00e0gina.<\/p>\n\n\n\n<p>Les Cookies s&#8217;associen \u00fanicament a un usuari an\u00f2nim i el seu ordinador\/dispositiu i no proporcionen refer\u00e8ncies que permetin con\u00e8ixer dades personals. A tot moment, l&#8217;usuari podr\u00e0 accedir a la configuraci\u00f3 del seu navegador per modificar i\/o bloquejar la instal\u00b7laci\u00f3 de les Cookies enviades pels llocs Web de WWW.DUMAINTERACTIVA.COM. Els usuaris que completin el proc\u00e9s de registre o hagin iniciat sessi\u00f3 amb les seves dades d&#8217;acc\u00e9s podran accedir a serveis personalitzats i adaptats a les seves prefer\u00e8ncies segons la informaci\u00f3 personal subministrada al moment del registre i l&#8217;emmagatzemada en la Cookie del seu navegador.<\/p>\n\n\n\n<p>Google Analytics emmagatzema cookies per poder elaborar estad\u00edstiques sobre el tr\u00e0fic i volum de visites d&#8217;aquesta Web. En utilitzar aquest lloc Web est\u00e0 consentint el tractament d&#8217;informaci\u00f3 sobre vost\u00e8 per Google. Per tant, l&#8217;exercici de qualsevol dret en aquest sentit haur\u00e0 de fer-ho comunicant directament amb Google. Les cookies de Google Analytics, s&#8217;emmagatzemen en servidors situats als Estats Units i es compromet a no compartir-la amb tercers, excepte en els casos en els quals sigui necessari per al funcionament del sistema o quan la llei obligui a aquest efecte. Segons Google, no guarda la seva adre\u00e7a IP.<\/p>\n\n\n\n<p>Google Inc. \u00e9s una companyia adherida a \u201cPrivacy Shield\u201d (escut de privadesa) que garanteix que totes les dades transferides seran tractades amb un nivell de protecci\u00f3 concorde a la normativa europea. Pot consultar informaci\u00f3 detallada referent a aix\u00f2 a trav\u00e9s del seg\u00fcent enlla\u00e7: https:\/\/support.google.com\/analytics\/answer\/6004245<\/p>\n\n\n\n<p>Si ho desitja pot utilitzar el Complement d&#8217;inhabilitaci\u00f3 per a navegadors de Google Analytics a trav\u00e9s de les instruccions dels quals poden rebutjar-se les cookies anal\u00edtiques d&#8217;aquest servei en tots els navegadors.<\/p>\n\n\n\n<p>Pot consultar m\u00e9s informaci\u00f3 sobre aquest tema al seg\u00fcent enlla\u00e7: https:\/\/tools.google.com\/dlpage\/gaoptout<\/p>\n\n\n\n<h2 class=\"wp-block-heading\"><strong>Com configurar les cookies als principals navegadors<\/strong><\/h2>\n\n\n\n<p>L\u2019usuari t\u00e9 la possibilitat de configurar el seu navegador per acceptar o rebutjar per defecte totes les cookies. Si us plau consulti les instruccions i manuals del seu navegador per ampliar aquesta informaci\u00f3.<\/p>\n\n\n\n<ul class=\"wp-block-list\">\n<li><a class=\"\">Google Chrome<\/a><\/li>\n\n\n\n<li><a class=\"\" href=\"https:\/\/support.mozilla.org\/ca\/kb\/activar-i-desactivar-les-galetes\">Mozilla Firefox<\/a><\/li>\n\n\n\n<li><a class=\"\" href=\"https:\/\/support.apple.com\/ca-es\/guide\/safari\/sfri11471\/mac\">Safari<\/a><\/li>\n\n\n\n<li><a class=\"\" href=\"https:\/\/support.microsoft.com\/ca-es\/microsoft-edge\/eliminar-cookies-en-microsoft-edge-63947406-40ac-c3b8-57b9-2a946a29ae09\">Microsoft Edge<\/a><\/li>\n<\/ul>\n\n\n\n<h2 class=\"wp-block-heading\"><strong>Utilitat<\/strong><\/h2>\n\n\n\n<p>Des d&#8217;un punt de vista t\u00e8cnic, permeten que els llocs web funcionin de forma m\u00e9s \u00e0gil i adaptada a les prefer\u00e8ncies dels usuaris, com per exemple emmagatzemar l&#8217;idioma, la moneda del pa\u00eds o detectar el dispositiu d&#8217;acc\u00e9s.<\/p>\n\n\n\n<p>Estableixen nivells de protecci\u00f3 i seguretat que impedeixen o dificulten ciberatacs contra el lloc Web o els seus usuaris.<\/p>\n\n\n\n<p>Permeten que els gestors dels mitjans puguin con\u00e8ixer dades estad\u00edstiques recopilades en les Cookies per millorar la qualitat i experi\u00e8ncia dels seus serveis.<\/p>\n\n\n\n<p>Serveixen per optimitzar la publicitat que es mostra als usuaris, oferint la que m\u00e9s s&#8217;ajusta als seus interessos.<\/p>\n\n\n\n<p><strong>SEGONS L\u2019ENTITAT QUE LES GESTIONI<\/strong><\/p>\n\n\n\n<ul class=\"wp-block-list\">\n<li><strong>Cookies pr\u00f2pies<\/strong>: S\u00f3n aquelles que es recapten pel propi editor per prestar el servei sol\u00b7licitat per l&#8217;usuari.<\/li>\n\n\n\n<li><strong>Cookies de tercer<\/strong>: S\u00f3n aquelles que s\u00f3n recaptades i gestionades per un tercer, aquestes no es poden considerar pr\u00f2pies.<\/li>\n<\/ul>\n\n\n\n<p><strong>SEGONS EL TERMINI DE TEMPS QUE ROMANGUIN ACTIVADES<\/strong><\/p>\n\n\n\n<ul class=\"wp-block-list\">\n<li><strong>Cookies de sessi\u00f3<\/strong>: Recapten dades mentre l&#8217;usuari navega per la xarxa amb la finalitat de prestar el servei sol\u00b7licitat.<\/li>\n\n\n\n<li><strong>Cookies persistents<\/strong>: S&#8217;emmagatzemen en el terminal i la informaci\u00f3 obtinguda, ser\u00e0 utilitzada pel responsable de la cookie amb la finalitat de prestar el servei sol\u00b7licitat.<\/li>\n<\/ul>\n\n\n\n<p><strong>SEGONS LA SEVA FINALITAT<\/strong><\/p>\n\n\n\n<ul class=\"wp-block-list\">\n<li><strong>Cookies t\u00e8cniques<\/strong>: S\u00f3n les necess\u00e0ries per a la correcta navegaci\u00f3 del lloc web.<\/li>\n\n\n\n<li><strong>Cookies de personalitzaci\u00f3<\/strong>: Permeten a l&#8217;usuari les caracter\u00edstiques (idioma) per a la navegaci\u00f3 per la website.<\/li>\n\n\n\n<li><strong>Cookies d\u2019an\u00e0lisis<\/strong>: Permeten al prestador l&#8217;an\u00e0lisi vinculada a la navegaci\u00f3 realitzada per l&#8217;usuari, amb la finalitat de portar un seguiment d&#8217;\u00fas de la p\u00e0gina web, aix\u00ed com realitzar estad\u00edstiques dels continguts m\u00e9s visitats, nombre de visitants, etc.<\/li>\n\n\n\n<li><strong>Cookies publicit\u00e0ries<\/strong>: Permeten a l&#8217;editor incloure a la web, espais publicitaris, segons el contingut de la pr\u00f2pia web.<\/li>\n\n\n\n<li><strong>Cookies de publicitat comportamental<\/strong>: Permeten a l&#8217;editor incloure a la p\u00e0gina web espais publicitaris segons la informaci\u00f3 obtinguda a trav\u00e9s dels h\u00e0bits de navegaci\u00f3 de l&#8217;usuari.<\/li>\n<\/ul>\n\n\n\n<h2 class=\"wp-block-heading\"><strong>Cookies utilitzades al nostre lloc web<\/strong><\/h2>\n\n\n\n<p>Segons el que estableix l&#8217;article 22.2 de la Llei 34\/2002, de 11 de juliol, de Serveis de la Societat de la Informaci\u00f3 i de Comer\u00e7 Electr\u00f2nic (LSSI-CE), WWW.DUMAINTERACTIVA.COM informa sobre les cookies utilitzades al nostre lloc web:<\/p>\n\n\n\n<figure class=\"wp-block-table\"><table class=\"has-fixed-layout\"><tbody><tr><td>cookie-consent<\/td><td>www.dumainteractiva.com<\/td><td>1 any<\/td><td>Pr\u00f2pia<\/td><td>Funcional<\/td><td>Aquesta cookie recorda si s&#8217;ha acceptat el missatge d&#8217;av\u00eds sobre cookies i les prefer\u00e8ncies seleccionades<\/td><\/tr><tr><td>_GRECAPTCHA<\/td><td>www.google.com<\/td><td>6 mesos<\/td><td>Tercers<\/td><td>Necessari<\/td><td>Utilitzat per Google reCAPTCHA per a l\u2019an\u00e0lisi de riscos.<\/td><\/tr><tr><td>_grecaptcha<\/td><td>www.google.com<\/td><td>Persistent<\/td><td>Tercers<\/td><td>Necessari<\/td><td>Aquesta cookie \u00e9s establerta per Google reCAPTCHA, que protegeix el lloc contra enviaments de formularis de correu brossa.<\/td><\/tr><tr><td>wpEmojiSettingsSupports<\/td><td>www.dumainteractiva.com<\/td><td>Session<\/td><td>Propi<\/td><td>Necessari<\/td><td>Aquesta cookie s\u2019utilitza per habilitar el suport d\u2019emojis en p\u00e0gines que utilitzen WordPress.<\/td><\/tr><tr><td>pll_language<\/td><td>www.dumainteractiva.com<\/td><td>1 any<\/td><td>Tercers<\/td><td>Prefer\u00e8ncia<\/td><td>Aquesta cookie s\u2019utilitza per recordar l\u2019idioma seleccionat pel usuari quan torna a visitar el lloc web, establert per Polylang.<\/td><\/tr><tr><td>_ga<\/td><td>.google.com<\/td><td>4 dies<\/td><td>Tercers<\/td><td>An\u00e0lisi<\/td><td>Google Analytics utilitza aquesta cookie per calcular dades de visitants, sessions i campanyes, i per fer un seguiment de l\u2019\u00fas del lloc web.<\/td><\/tr><tr><td>_gid<\/td><td>.google.com<\/td><td>1 dia<\/td><td>Tercers<\/td><td>An\u00e0lisi<\/td><td>Google Analytics utilitza aquesta cookie per emmagatzemar informaci\u00f3 sobre com els visitants utilitzen el lloc web i per crear informes d\u2019an\u00e0lisi.<\/td><\/tr><tr><td>_gat<\/td><td>.google.com<\/td><td>1 minut<\/td><td>Tercers<\/td><td>Rendiment<\/td><td>Google Universal Analytics utilitza aquesta cookie per limitar la velocitat de les sol\u00b7licituds i controlar la recopilaci\u00f3 de dades en llocs amb molt tr\u00e0nsit.<\/td><\/tr><tr><td>VISITOR_INFO1_LIVE<\/td><td>.youtube.com<\/td><td>6 mesos<\/td><td>Tercers<\/td><td>M\u00e0rketing<\/td><td>Aquesta cookie s\u2019utilitza per mantenir el lloc web lliure de bots i per assegurar-se que els v\u00eddeos embed no se\u2019n veuen afectats. Tamb\u00e9 s\u2019utilitza per ajustar les recomanacions i els anuncis.<\/td><\/tr><\/tbody><\/table><\/figure>\n","protected":false},"excerpt":{"rendered":"<p>Les Cookies s\u00f3n fitxers de dades creats pel lloc Web i emmagatzemats pr\u00e8via acceptaci\u00f3 de l&#8217;usuari en el navegador o en el seu dispositiu durant el recorregut per les p\u00e0gines&hellip;<\/p>\n","protected":false},"author":1,"featured_media":0,"parent":0,"menu_order":0,"comment_status":"closed","ping_status":"closed","template":"","meta":{"footnotes":""},"class_list":["post-2295","page","type-page","status-publish","hentry"],"yoast_head":"<!-- This site is optimized with the Yoast SEO plugin v27.2 - https:\/\/yoast.com\/product\/yoast-seo-wordpress\/ -->\n<title>Pol\u00edtica de cookies - Duma Next<\/title>\n<meta name=\"robots\" content=\"index, follow, max-snippet:-1, max-image-preview:large, max-video-preview:-1\" \/>\n<link rel=\"canonical\" href=\"https:\/\/www.dumainteractiva.com\/web\/politica-de-cookies\/\" \/>\n<meta property=\"og:locale\" content=\"es_ES\" \/>\n<meta property=\"og:type\" content=\"article\" \/>\n<meta property=\"og:title\" content=\"Pol\u00edtica de cookies - Duma Next\" \/>\n<meta property=\"og:description\" content=\"Les Cookies s\u00f3n fitxers de dades creats pel lloc Web i emmagatzemats pr\u00e8via acceptaci\u00f3 de l&#8217;usuari en el navegador o en el seu dispositiu durant el recorregut per les p\u00e0gines&hellip;\" \/>\n<meta property=\"og:url\" content=\"https:\/\/www.dumainteractiva.com\/web\/politica-de-cookies\/\" \/>\n<meta property=\"og:site_name\" content=\"Duma Next\" \/>\n<meta property=\"article:publisher\" content=\"https:\/\/www.facebook.com\/dumainteractiva\" \/>\n<meta property=\"article:modified_time\" content=\"2025-04-16T07:43:26+00:00\" \/>\n<meta property=\"og:image\" content=\"https:\/\/i0.wp.com\/www.dumainteractiva.com\/web\/wp-content\/uploads\/2022\/05\/Duma_logo_2022-transparent.png?fit=1239%2C836&ssl=1\" \/>\n\t<meta property=\"og:image:width\" content=\"1239\" \/>\n\t<meta property=\"og:image:height\" content=\"836\" \/>\n\t<meta property=\"og:image:type\" content=\"image\/png\" \/>\n<meta name=\"twitter:card\" content=\"summary_large_image\" \/>\n<meta name=\"twitter:label1\" content=\"Tiempo de lectura\" \/>\n\t<meta name=\"twitter:data1\" content=\"5 minutos\" \/>\n<script type=\"application\/ld+json\" class=\"yoast-schema-graph\">{\"@context\":\"https:\/\/schema.org\",\"@graph\":[{\"@type\":\"WebPage\",\"@id\":\"https:\/\/www.dumainteractiva.com\/web\/politica-de-cookies\/\",\"url\":\"https:\/\/www.dumainteractiva.com\/web\/politica-de-cookies\/\",\"name\":\"Pol\u00edtica de cookies - Duma Next\",\"isPartOf\":{\"@id\":\"https:\/\/www.dumainteractiva.com\/web\/#website\"},\"datePublished\":\"2025-04-11T08:43:25+00:00\",\"dateModified\":\"2025-04-16T07:43:26+00:00\",\"breadcrumb\":{\"@id\":\"https:\/\/www.dumainteractiva.com\/web\/politica-de-cookies\/#breadcrumb\"},\"inLanguage\":\"es\",\"potentialAction\":[{\"@type\":\"ReadAction\",\"target\":[\"https:\/\/www.dumainteractiva.com\/web\/politica-de-cookies\/\"]}]},{\"@type\":\"BreadcrumbList\",\"@id\":\"https:\/\/www.dumainteractiva.com\/web\/politica-de-cookies\/#breadcrumb\",\"itemListElement\":[{\"@type\":\"ListItem\",\"position\":1,\"name\":\"Portada\",\"item\":\"https:\/\/www.dumainteractiva.com\/web\/\"},{\"@type\":\"ListItem\",\"position\":2,\"name\":\"Pol\u00edtica de cookies\"}]},{\"@type\":\"WebSite\",\"@id\":\"https:\/\/www.dumainteractiva.com\/web\/#website\",\"url\":\"https:\/\/www.dumainteractiva.com\/web\/\",\"name\":\"Duma Next\",\"description\":\"Agencia Interactiva de programaci\u00f3n ERP, desarrollo App y dise\u00f1o web multiplataforma\",\"publisher\":{\"@id\":\"https:\/\/www.dumainteractiva.com\/web\/#organization\"},\"potentialAction\":[{\"@type\":\"SearchAction\",\"target\":{\"@type\":\"EntryPoint\",\"urlTemplate\":\"https:\/\/www.dumainteractiva.com\/web\/?s={search_term_string}\"},\"query-input\":{\"@type\":\"PropertyValueSpecification\",\"valueRequired\":true,\"valueName\":\"search_term_string\"}}],\"inLanguage\":\"es\"},{\"@type\":\"Organization\",\"@id\":\"https:\/\/www.dumainteractiva.com\/web\/#organization\",\"name\":\"Duma Next\",\"url\":\"https:\/\/www.dumainteractiva.com\/web\/\",\"logo\":{\"@type\":\"ImageObject\",\"inLanguage\":\"es\",\"@id\":\"https:\/\/www.dumainteractiva.com\/web\/#\/schema\/logo\/image\/\",\"url\":\"https:\/\/i0.wp.com\/www.dumainteractiva.com\/web\/wp-content\/uploads\/2022\/05\/Duma_logo_2022-transparent.png?fit=1239%2C836&ssl=1\",\"contentUrl\":\"https:\/\/i0.wp.com\/www.dumainteractiva.com\/web\/wp-content\/uploads\/2022\/05\/Duma_logo_2022-transparent.png?fit=1239%2C836&ssl=1\",\"width\":1239,\"height\":836,\"caption\":\"Duma Next\"},\"image\":{\"@id\":\"https:\/\/www.dumainteractiva.com\/web\/#\/schema\/logo\/image\/\"},\"sameAs\":[\"https:\/\/www.facebook.com\/dumainteractiva\"]}]}<\/script>\n<!-- \/ Yoast SEO plugin. -->","yoast_head_json":{"title":"Pol\u00edtica de cookies - Duma Next","robots":{"index":"index","follow":"follow","max-snippet":"max-snippet:-1","max-image-preview":"max-image-preview:large","max-video-preview":"max-video-preview:-1"},"canonical":"https:\/\/www.dumainteractiva.com\/web\/politica-de-cookies\/","og_locale":"es_ES","og_type":"article","og_title":"Pol\u00edtica de cookies - Duma Next","og_description":"Les Cookies s\u00f3n fitxers de dades creats pel lloc Web i emmagatzemats pr\u00e8via acceptaci\u00f3 de l&#8217;usuari en el navegador o en el seu dispositiu durant el recorregut per les p\u00e0gines&hellip;","og_url":"https:\/\/www.dumainteractiva.com\/web\/politica-de-cookies\/","og_site_name":"Duma Next","article_publisher":"https:\/\/www.facebook.com\/dumainteractiva","article_modified_time":"2025-04-16T07:43:26+00:00","og_image":[{"width":1239,"height":836,"url":"https:\/\/i0.wp.com\/www.dumainteractiva.com\/web\/wp-content\/uploads\/2022\/05\/Duma_logo_2022-transparent.png?fit=1239%2C836&ssl=1","type":"image\/png"}],"twitter_card":"summary_large_image","twitter_misc":{"Tiempo de lectura":"5 minutos"},"schema":{"@context":"https:\/\/schema.org","@graph":[{"@type":"WebPage","@id":"https:\/\/www.dumainteractiva.com\/web\/politica-de-cookies\/","url":"https:\/\/www.dumainteractiva.com\/web\/politica-de-cookies\/","name":"Pol\u00edtica de cookies - Duma Next","isPartOf":{"@id":"https:\/\/www.dumainteractiva.com\/web\/#website"},"datePublished":"2025-04-11T08:43:25+00:00","dateModified":"2025-04-16T07:43:26+00:00","breadcrumb":{"@id":"https:\/\/www.dumainteractiva.com\/web\/politica-de-cookies\/#breadcrumb"},"inLanguage":"es","potentialAction":[{"@type":"ReadAction","target":["https:\/\/www.dumainteractiva.com\/web\/politica-de-cookies\/"]}]},{"@type":"BreadcrumbList","@id":"https:\/\/www.dumainteractiva.com\/web\/politica-de-cookies\/#breadcrumb","itemListElement":[{"@type":"ListItem","position":1,"name":"Portada","item":"https:\/\/www.dumainteractiva.com\/web\/"},{"@type":"ListItem","position":2,"name":"Pol\u00edtica de cookies"}]},{"@type":"WebSite","@id":"https:\/\/www.dumainteractiva.com\/web\/#website","url":"https:\/\/www.dumainteractiva.com\/web\/","name":"Duma Next","description":"Agencia Interactiva de programaci\u00f3n ERP, desarrollo App y dise\u00f1o web multiplataforma","publisher":{"@id":"https:\/\/www.dumainteractiva.com\/web\/#organization"},"potentialAction":[{"@type":"SearchAction","target":{"@type":"EntryPoint","urlTemplate":"https:\/\/www.dumainteractiva.com\/web\/?s={search_term_string}"},"query-input":{"@type":"PropertyValueSpecification","valueRequired":true,"valueName":"search_term_string"}}],"inLanguage":"es"},{"@type":"Organization","@id":"https:\/\/www.dumainteractiva.com\/web\/#organization","name":"Duma Next","url":"https:\/\/www.dumainteractiva.com\/web\/","logo":{"@type":"ImageObject","inLanguage":"es","@id":"https:\/\/www.dumainteractiva.com\/web\/#\/schema\/logo\/image\/","url":"https:\/\/i0.wp.com\/www.dumainteractiva.com\/web\/wp-content\/uploads\/2022\/05\/Duma_logo_2022-transparent.png?fit=1239%2C836&ssl=1","contentUrl":"https:\/\/i0.wp.com\/www.dumainteractiva.com\/web\/wp-content\/uploads\/2022\/05\/Duma_logo_2022-transparent.png?fit=1239%2C836&ssl=1","width":1239,"height":836,"caption":"Duma Next"},"image":{"@id":"https:\/\/www.dumainteractiva.com\/web\/#\/schema\/logo\/image\/"},"sameAs":["https:\/\/www.facebook.com\/dumainteractiva"]}]}},"jetpack_sharing_enabled":true,"_links":{"self":[{"href":"https:\/\/www.dumainteractiva.com\/web\/wp-json\/wp\/v2\/pages\/2295","targetHints":{"allow":["GET"]}}],"collection":[{"href":"https:\/\/www.dumainteractiva.com\/web\/wp-json\/wp\/v2\/pages"}],"about":[{"href":"https:\/\/www.dumainteractiva.com\/web\/wp-json\/wp\/v2\/types\/page"}],"author":[{"embeddable":true,"href":"https:\/\/www.dumainteractiva.com\/web\/wp-json\/wp\/v2\/users\/1"}],"replies":[{"embeddable":true,"href":"https:\/\/www.dumainteractiva.com\/web\/wp-json\/wp\/v2\/comments?post=2295"}],"version-history":[{"count":7,"href":"https:\/\/www.dumainteractiva.com\/web\/wp-json\/wp\/v2\/pages\/2295\/revisions"}],"predecessor-version":[{"id":2340,"href":"https:\/\/www.dumainteractiva.com\/web\/wp-json\/wp\/v2\/pages\/2295\/revisions\/2340"}],"wp:attachment":[{"href":"https:\/\/www.dumainteractiva.com\/web\/wp-json\/wp\/v2\/media?parent=2295"}],"curies":[{"name":"wp","href":"https:\/\/api.w.org\/{rel}","templated":true}]}}