{"id":233,"date":"2022-05-06T08:57:54","date_gmt":"2022-05-06T08:57:54","guid":{"rendered":"https:\/\/www.dumainteractiva.com\/web\/?page_id=233"},"modified":"2025-12-01T15:15:54","modified_gmt":"2025-12-01T15:15:54","slug":"apps-a-medida","status":"publish","type":"page","link":"https:\/\/www.dumainteractiva.com\/web\/es\/apps-a-medida\/","title":{"rendered":"Apps a medida"},"content":{"rendered":"\n<figure class=\"wp-block-image alignfull size-large\"><img data-recalc-dims=\"1\" fetchpriority=\"high\" decoding=\"async\" width=\"1024\" height=\"251\" src=\"https:\/\/i0.wp.com\/www.dumainteractiva.com\/web\/wp-content\/uploads\/2022\/05\/bannerbg-Mobile-1500x700-2.jpg?resize=1024%2C251&#038;ssl=1\" alt=\"\" class=\"wp-image-1582\" srcset=\"https:\/\/i0.wp.com\/www.dumainteractiva.com\/web\/wp-content\/uploads\/2022\/05\/bannerbg-Mobile-1500x700-2.jpg?resize=1024%2C251&amp;ssl=1 1024w, https:\/\/i0.wp.com\/www.dumainteractiva.com\/web\/wp-content\/uploads\/2022\/05\/bannerbg-Mobile-1500x700-2.jpg?resize=300%2C74&amp;ssl=1 300w, https:\/\/i0.wp.com\/www.dumainteractiva.com\/web\/wp-content\/uploads\/2022\/05\/bannerbg-Mobile-1500x700-2.jpg?resize=768%2C188&amp;ssl=1 768w, https:\/\/i0.wp.com\/www.dumainteractiva.com\/web\/wp-content\/uploads\/2022\/05\/bannerbg-Mobile-1500x700-2.jpg?w=1500&amp;ssl=1 1500w\" sizes=\"(max-width: 1000px) 100vw, 1000px\" \/><\/figure>\n\n\n\n<p>En <strong>Duma Next<\/strong> desarrollamos Apps a medida para m\u00f3vil y tablet, para Android e iOS, Apps de comunicaci\u00f3n, corporativas, comercio electr\u00f3nico, fidelizaci\u00f3n, etc.<\/p>\n\n\n\n<p>&gt;&gt; <strong>Mensajes push App<\/strong>, con confirmaci\u00f3n de lectura, adjuntos y respuesta. <\/p>\n\n\n\n<p>&gt;&gt; Sistema de<strong> pagos TPV<\/strong>, sin comisiones, el dinero va directo a vuestra cuenta corriente. Posibilidad de a\u00f1adir m\u00e1s de un TPV.<\/p>\n\n\n\n<p>&gt;&gt; Sistema de&nbsp;<strong>reserva de espacios<\/strong> y <strong>agenda digital<\/strong>.<\/p>\n\n\n\n<p>&gt;&gt; Sistema de&nbsp;registro de clientes o socios, fidelizaci\u00f3n, pago de mensualidades, reserva de cursos o actividades.<\/p>\n\n\n\n<p>&gt;&gt; Con la App contribuimos a cuidar el medio ambiente ahorrando papel, ya que todos los <strong>documentos, circulares y archivos llegan a los dispositivos de los usuarios en formato digital<\/strong>.<\/p>\n\n\n\n<p>&gt;&gt;&nbsp;<strong>Servicio de&nbsp;desarrollo personalizado&nbsp;para cualquier secci\u00f3n o funcionalidad que necesiten.<\/strong><\/p>\n\n\n\n<p>>> Posibilidad de conectar con la\u00a0<strong><a href=\"https:\/\/www.dumainteractiva.com\/web\/es\/programacion-erp\/\">ERP corporativo<\/a><\/strong> desarrollado por nosotros, y enlazado con la web y la App: intranets a medida, gesti\u00f3n de procesos, gesti\u00f3n de personal, gesti\u00f3n documental, enlazados con web y app.<\/p>\n\n\n\n<div class=\"wp-block-columns is-layout-flex wp-container-core-columns-is-layout-9d6595d7 wp-block-columns-is-layout-flex\">\n<div class=\"wp-block-column is-vertically-aligned-center is-layout-flow wp-block-column-is-layout-flow\"><div class=\"wp-block-image\">\n<figure class=\"aligncenter size-full\"><img data-recalc-dims=\"1\" decoding=\"async\" width=\"560\" height=\"324\" src=\"https:\/\/i0.wp.com\/www.dumainteractiva.com\/web\/wp-content\/uploads\/2022\/05\/app.png?resize=560%2C324&#038;ssl=1\" alt=\"\" class=\"wp-image-106\" srcset=\"https:\/\/i0.wp.com\/www.dumainteractiva.com\/web\/wp-content\/uploads\/2022\/05\/app.png?w=560&amp;ssl=1 560w, https:\/\/i0.wp.com\/www.dumainteractiva.com\/web\/wp-content\/uploads\/2022\/05\/app.png?resize=300%2C174&amp;ssl=1 300w\" sizes=\"(max-width: 560px) 100vw, 560px\" \/><\/figure>\n<\/div><\/div>\n\n\n\n<div class=\"wp-block-column is-layout-flow wp-block-column-is-layout-flow\">\n<p><strong>Disponemos de un sistema propio de gesti\u00f3n para:<\/strong><\/p>\n\n\n\n<ul class=\"wp-block-list\">\n<li><a href=\"https:\/\/www.dumainteractiva.com\/web\/centros-educativos\/\">APP a medida para centros educativos<\/a><\/li>\n\n\n\n<li><a href=\"https:\/\/www.dumainteractiva.com\/web\/centros-deportivos-y-clubes\/\">APP a medida para centros deportivos<\/a><\/li>\n\n\n\n<li><a href=\"https:\/\/www.dumainteractiva.com\/web\/centros-medicos\/\">APP a medida para centros m\u00e9dicos<\/a><\/li>\n\n\n\n<li><a href=\"https:\/\/www.dumainteractiva.com\/web\/ayuntamientos\/\">APP a medida para ayuntamientos<\/a><\/li>\n\n\n\n<li><a href=\"https:\/\/www.dumainteractiva.com\/web\/pymes\/\">APP a medida para comercios<\/a><\/li>\n\n\n\n<li><a href=\"https:\/\/www.dumainteractiva.com\/web\/centros-educativos\/#comunicappedu\">ComunicAPP Edu (centros educativos)<\/a><\/li>\n\n\n\n<li><a href=\"https:\/\/www.dumainteractiva.com\/web\/comunicapp-fincas\/\">ComunicAPP Fincas (administradores de Fincas)<\/a><\/li>\n\n\n\n<li><a href=\"https:\/\/www.dumainteractiva.com\/web\/centros-medicos\/#comunicappsalud\">ComunicAPP Salud (centros m\u00e9dicos)<\/a><\/li>\n<\/ul>\n<\/div>\n<\/div>\n\n\n\n<div class=\"wp-block-buttons is-content-justification-center is-layout-flex wp-container-core-buttons-is-layout-16018d1d wp-block-buttons-is-layout-flex\">\n<div class=\"wp-block-button aligncenter\"><a class=\"wp-block-button__link has-text-align-center wp-element-button\" href=\"https:\/\/www.dumainteractiva.com\/web\/contacta-es\/\">SOLICITA AQU\u00cd INFORMACI\u00d3N O PRESUPUESTO DETALLADO<\/a><\/div>\n<\/div>\n","protected":false},"excerpt":{"rendered":"<p>En Duma Next desarrollamos Apps a medida para m\u00f3vil y tablet, para Android e iOS, Apps de comunicaci\u00f3n, corporativas, comercio electr\u00f3nico, fidelizaci\u00f3n, etc. &gt;&gt; Mensajes push App, con confirmaci\u00f3n de&hellip;<\/p>\n","protected":false},"author":1,"featured_media":0,"parent":0,"menu_order":0,"comment_status":"closed","ping_status":"closed","template":"","meta":{"footnotes":""},"class_list":["post-233","page","type-page","status-publish","hentry"],"yoast_head":"<!-- This site is optimized with the Yoast SEO plugin v27.2 - https:\/\/yoast.com\/product\/yoast-seo-wordpress\/ -->\n<title>Apps a medida - Duma Next<\/title>\n<meta name=\"description\" content=\"Desarrollamos APPs para m\u00f3vil y tablet, para Android y iOS, apps de comunicaci\u00f3n, corporativas, tiendas, fidelizaci\u00f3n.\" \/>\n<meta name=\"robots\" content=\"index, follow, max-snippet:-1, max-image-preview:large, max-video-preview:-1\" \/>\n<link rel=\"canonical\" href=\"https:\/\/www.dumainteractiva.com\/web\/es\/apps-a-medida\/\" \/>\n<meta property=\"og:locale\" content=\"es_ES\" \/>\n<meta property=\"og:type\" content=\"article\" \/>\n<meta property=\"og:title\" content=\"Apps a medida - Duma Next\" \/>\n<meta property=\"og:description\" content=\"En Duma Next desarrollamos APPs para m\u00f3vil y tablet, para Android y iOS, apps de comunicaci\u00f3n, corporativas, tiendas, fidelizaci\u00f3n, o cualquier otra cosa que puedan necesitar.\" \/>\n<meta property=\"og:url\" content=\"https:\/\/www.dumainteractiva.com\/web\/es\/apps-a-medida\/\" \/>\n<meta property=\"og:site_name\" content=\"Duma Next\" \/>\n<meta property=\"article:publisher\" content=\"https:\/\/www.facebook.com\/dumainteractiva\" \/>\n<meta property=\"article:modified_time\" content=\"2025-12-01T15:15:54+00:00\" \/>\n<meta property=\"og:image\" content=\"https:\/\/www.dumainteractiva.com\/web\/wp-content\/uploads\/2022\/05\/app.png\" \/>\n\t<meta property=\"og:image:width\" content=\"560\" \/>\n\t<meta property=\"og:image:height\" content=\"324\" \/>\n\t<meta property=\"og:image:type\" content=\"image\/png\" \/>\n<meta name=\"twitter:card\" content=\"summary_large_image\" \/>\n<meta name=\"twitter:title\" content=\"Apps a medida - Duma Next\" \/>\n<meta name=\"twitter:description\" content=\"En Duma Next desarrollamos APPs para m\u00f3vil y tablet, para Android y iOS, apps de comunicaci\u00f3n, corporativas, tiendas, fidelizaci\u00f3n, o cualquier otra cosa que puedan necesitar.\" \/>\n<meta name=\"twitter:image\" content=\"https:\/\/i0.wp.com\/www.dumainteractiva.com\/web\/wp-content\/uploads\/2022\/05\/app.png?fit=560%2C324&ssl=1\" \/>\n<meta name=\"twitter:label1\" content=\"Tiempo de lectura\" \/>\n\t<meta name=\"twitter:data1\" content=\"2 minutos\" \/>\n<script type=\"application\/ld+json\" class=\"yoast-schema-graph\">{\"@context\":\"https:\/\/schema.org\",\"@graph\":[{\"@type\":\"WebPage\",\"@id\":\"https:\/\/www.dumainteractiva.com\/web\/es\/apps-a-medida\/\",\"url\":\"https:\/\/www.dumainteractiva.com\/web\/es\/apps-a-medida\/\",\"name\":\"Apps a medida - Duma Next\",\"isPartOf\":{\"@id\":\"https:\/\/www.dumainteractiva.com\/web\/#website\"},\"primaryImageOfPage\":{\"@id\":\"https:\/\/www.dumainteractiva.com\/web\/es\/apps-a-medida\/#primaryimage\"},\"image\":{\"@id\":\"https:\/\/www.dumainteractiva.com\/web\/es\/apps-a-medida\/#primaryimage\"},\"thumbnailUrl\":\"https:\/\/www.dumainteractiva.com\/web\/wp-content\/uploads\/2022\/05\/bannerbg-Mobile-1500x700-2-1024x251.jpg\",\"datePublished\":\"2022-05-06T08:57:54+00:00\",\"dateModified\":\"2025-12-01T15:15:54+00:00\",\"description\":\"Desarrollamos APPs para m\u00f3vil y tablet, para Android y iOS, apps de comunicaci\u00f3n, corporativas, tiendas, fidelizaci\u00f3n.\",\"breadcrumb\":{\"@id\":\"https:\/\/www.dumainteractiva.com\/web\/es\/apps-a-medida\/#breadcrumb\"},\"inLanguage\":\"es\",\"potentialAction\":[{\"@type\":\"ReadAction\",\"target\":[\"https:\/\/www.dumainteractiva.com\/web\/es\/apps-a-medida\/\"]}]},{\"@type\":\"ImageObject\",\"inLanguage\":\"es\",\"@id\":\"https:\/\/www.dumainteractiva.com\/web\/es\/apps-a-medida\/#primaryimage\",\"url\":\"https:\/\/i0.wp.com\/www.dumainteractiva.com\/web\/wp-content\/uploads\/2022\/05\/bannerbg-Mobile-1500x700-2.jpg?fit=1500%2C368&ssl=1\",\"contentUrl\":\"https:\/\/i0.wp.com\/www.dumainteractiva.com\/web\/wp-content\/uploads\/2022\/05\/bannerbg-Mobile-1500x700-2.jpg?fit=1500%2C368&ssl=1\",\"width\":1500,\"height\":368},{\"@type\":\"BreadcrumbList\",\"@id\":\"https:\/\/www.dumainteractiva.com\/web\/es\/apps-a-medida\/#breadcrumb\",\"itemListElement\":[{\"@type\":\"ListItem\",\"position\":1,\"name\":\"Portada\",\"item\":\"https:\/\/www.dumainteractiva.com\/web\/\"},{\"@type\":\"ListItem\",\"position\":2,\"name\":\"Apps a medida\"}]},{\"@type\":\"WebSite\",\"@id\":\"https:\/\/www.dumainteractiva.com\/web\/#website\",\"url\":\"https:\/\/www.dumainteractiva.com\/web\/\",\"name\":\"Duma Next\",\"description\":\"Agencia Interactiva de programaci\u00f3n ERP, desarrollo App y dise\u00f1o web multiplataforma\",\"publisher\":{\"@id\":\"https:\/\/www.dumainteractiva.com\/web\/#organization\"},\"potentialAction\":[{\"@type\":\"SearchAction\",\"target\":{\"@type\":\"EntryPoint\",\"urlTemplate\":\"https:\/\/www.dumainteractiva.com\/web\/?s={search_term_string}\"},\"query-input\":{\"@type\":\"PropertyValueSpecification\",\"valueRequired\":true,\"valueName\":\"search_term_string\"}}],\"inLanguage\":\"es\"},{\"@type\":\"Organization\",\"@id\":\"https:\/\/www.dumainteractiva.com\/web\/#organization\",\"name\":\"Duma Next\",\"url\":\"https:\/\/www.dumainteractiva.com\/web\/\",\"logo\":{\"@type\":\"ImageObject\",\"inLanguage\":\"es\",\"@id\":\"https:\/\/www.dumainteractiva.com\/web\/#\/schema\/logo\/image\/\",\"url\":\"https:\/\/i0.wp.com\/www.dumainteractiva.com\/web\/wp-content\/uploads\/2022\/05\/Duma_logo_2022-transparent.png?fit=1239%2C836&ssl=1\",\"contentUrl\":\"https:\/\/i0.wp.com\/www.dumainteractiva.com\/web\/wp-content\/uploads\/2022\/05\/Duma_logo_2022-transparent.png?fit=1239%2C836&ssl=1\",\"width\":1239,\"height\":836,\"caption\":\"Duma Next\"},\"image\":{\"@id\":\"https:\/\/www.dumainteractiva.com\/web\/#\/schema\/logo\/image\/\"},\"sameAs\":[\"https:\/\/www.facebook.com\/dumainteractiva\"]}]}<\/script>\n<!-- \/ Yoast SEO plugin. -->","yoast_head_json":{"title":"Apps a medida - Duma Next","description":"Desarrollamos APPs para m\u00f3vil y tablet, para Android y iOS, apps de comunicaci\u00f3n, corporativas, tiendas, fidelizaci\u00f3n.","robots":{"index":"index","follow":"follow","max-snippet":"max-snippet:-1","max-image-preview":"max-image-preview:large","max-video-preview":"max-video-preview:-1"},"canonical":"https:\/\/www.dumainteractiva.com\/web\/es\/apps-a-medida\/","og_locale":"es_ES","og_type":"article","og_title":"Apps a medida - Duma Next","og_description":"En Duma Next desarrollamos APPs para m\u00f3vil y tablet, para Android y iOS, apps de comunicaci\u00f3n, corporativas, tiendas, fidelizaci\u00f3n, o cualquier otra cosa que puedan necesitar.","og_url":"https:\/\/www.dumainteractiva.com\/web\/es\/apps-a-medida\/","og_site_name":"Duma Next","article_publisher":"https:\/\/www.facebook.com\/dumainteractiva","article_modified_time":"2025-12-01T15:15:54+00:00","og_image":[{"width":560,"height":324,"url":"https:\/\/www.dumainteractiva.com\/web\/wp-content\/uploads\/2022\/05\/app.png","type":"image\/png"}],"twitter_card":"summary_large_image","twitter_title":"Apps a medida - Duma Next","twitter_description":"En Duma Next desarrollamos APPs para m\u00f3vil y tablet, para Android y iOS, apps de comunicaci\u00f3n, corporativas, tiendas, fidelizaci\u00f3n, o cualquier otra cosa que puedan necesitar.","twitter_image":"https:\/\/i0.wp.com\/www.dumainteractiva.com\/web\/wp-content\/uploads\/2022\/05\/app.png?fit=560%2C324&ssl=1","twitter_misc":{"Tiempo de lectura":"2 minutos"},"schema":{"@context":"https:\/\/schema.org","@graph":[{"@type":"WebPage","@id":"https:\/\/www.dumainteractiva.com\/web\/es\/apps-a-medida\/","url":"https:\/\/www.dumainteractiva.com\/web\/es\/apps-a-medida\/","name":"Apps a medida - Duma Next","isPartOf":{"@id":"https:\/\/www.dumainteractiva.com\/web\/#website"},"primaryImageOfPage":{"@id":"https:\/\/www.dumainteractiva.com\/web\/es\/apps-a-medida\/#primaryimage"},"image":{"@id":"https:\/\/www.dumainteractiva.com\/web\/es\/apps-a-medida\/#primaryimage"},"thumbnailUrl":"https:\/\/www.dumainteractiva.com\/web\/wp-content\/uploads\/2022\/05\/bannerbg-Mobile-1500x700-2-1024x251.jpg","datePublished":"2022-05-06T08:57:54+00:00","dateModified":"2025-12-01T15:15:54+00:00","description":"Desarrollamos APPs para m\u00f3vil y tablet, para Android y iOS, apps de comunicaci\u00f3n, corporativas, tiendas, fidelizaci\u00f3n.","breadcrumb":{"@id":"https:\/\/www.dumainteractiva.com\/web\/es\/apps-a-medida\/#breadcrumb"},"inLanguage":"es","potentialAction":[{"@type":"ReadAction","target":["https:\/\/www.dumainteractiva.com\/web\/es\/apps-a-medida\/"]}]},{"@type":"ImageObject","inLanguage":"es","@id":"https:\/\/www.dumainteractiva.com\/web\/es\/apps-a-medida\/#primaryimage","url":"https:\/\/i0.wp.com\/www.dumainteractiva.com\/web\/wp-content\/uploads\/2022\/05\/bannerbg-Mobile-1500x700-2.jpg?fit=1500%2C368&ssl=1","contentUrl":"https:\/\/i0.wp.com\/www.dumainteractiva.com\/web\/wp-content\/uploads\/2022\/05\/bannerbg-Mobile-1500x700-2.jpg?fit=1500%2C368&ssl=1","width":1500,"height":368},{"@type":"BreadcrumbList","@id":"https:\/\/www.dumainteractiva.com\/web\/es\/apps-a-medida\/#breadcrumb","itemListElement":[{"@type":"ListItem","position":1,"name":"Portada","item":"https:\/\/www.dumainteractiva.com\/web\/"},{"@type":"ListItem","position":2,"name":"Apps a medida"}]},{"@type":"WebSite","@id":"https:\/\/www.dumainteractiva.com\/web\/#website","url":"https:\/\/www.dumainteractiva.com\/web\/","name":"Duma Next","description":"Agencia Interactiva de programaci\u00f3n ERP, desarrollo App y dise\u00f1o web multiplataforma","publisher":{"@id":"https:\/\/www.dumainteractiva.com\/web\/#organization"},"potentialAction":[{"@type":"SearchAction","target":{"@type":"EntryPoint","urlTemplate":"https:\/\/www.dumainteractiva.com\/web\/?s={search_term_string}"},"query-input":{"@type":"PropertyValueSpecification","valueRequired":true,"valueName":"search_term_string"}}],"inLanguage":"es"},{"@type":"Organization","@id":"https:\/\/www.dumainteractiva.com\/web\/#organization","name":"Duma Next","url":"https:\/\/www.dumainteractiva.com\/web\/","logo":{"@type":"ImageObject","inLanguage":"es","@id":"https:\/\/www.dumainteractiva.com\/web\/#\/schema\/logo\/image\/","url":"https:\/\/i0.wp.com\/www.dumainteractiva.com\/web\/wp-content\/uploads\/2022\/05\/Duma_logo_2022-transparent.png?fit=1239%2C836&ssl=1","contentUrl":"https:\/\/i0.wp.com\/www.dumainteractiva.com\/web\/wp-content\/uploads\/2022\/05\/Duma_logo_2022-transparent.png?fit=1239%2C836&ssl=1","width":1239,"height":836,"caption":"Duma Next"},"image":{"@id":"https:\/\/www.dumainteractiva.com\/web\/#\/schema\/logo\/image\/"},"sameAs":["https:\/\/www.facebook.com\/dumainteractiva"]}]}},"jetpack_sharing_enabled":true,"_links":{"self":[{"href":"https:\/\/www.dumainteractiva.com\/web\/wp-json\/wp\/v2\/pages\/233","targetHints":{"allow":["GET"]}}],"collection":[{"href":"https:\/\/www.dumainteractiva.com\/web\/wp-json\/wp\/v2\/pages"}],"about":[{"href":"https:\/\/www.dumainteractiva.com\/web\/wp-json\/wp\/v2\/types\/page"}],"author":[{"embeddable":true,"href":"https:\/\/www.dumainteractiva.com\/web\/wp-json\/wp\/v2\/users\/1"}],"replies":[{"embeddable":true,"href":"https:\/\/www.dumainteractiva.com\/web\/wp-json\/wp\/v2\/comments?post=233"}],"version-history":[{"count":23,"href":"https:\/\/www.dumainteractiva.com\/web\/wp-json\/wp\/v2\/pages\/233\/revisions"}],"predecessor-version":[{"id":2529,"href":"https:\/\/www.dumainteractiva.com\/web\/wp-json\/wp\/v2\/pages\/233\/revisions\/2529"}],"wp:attachment":[{"href":"https:\/\/www.dumainteractiva.com\/web\/wp-json\/wp\/v2\/media?parent=233"}],"curies":[{"name":"wp","href":"https:\/\/api.w.org\/{rel}","templated":true}]}}