{"id":2344,"date":"2025-07-15T10:31:06","date_gmt":"2025-07-15T10:31:06","guid":{"rendered":"https:\/\/www.dumainteractiva.com\/web\/?page_id=2344"},"modified":"2025-07-15T10:47:18","modified_gmt":"2025-07-15T10:47:18","slug":"comedores-escolares","status":"publish","type":"page","link":"https:\/\/www.dumainteractiva.com\/web\/es\/soluciones\/comedores-escolares\/","title":{"rendered":"Comedores escolares"},"content":{"rendered":"\t\t<div data-elementor-type=\"wp-page\" data-elementor-id=\"2344\" class=\"elementor elementor-2344\">\n\t\t\t\t\t\t<section class=\"elementor-section elementor-top-section elementor-element elementor-element-793a3dff elementor-section-boxed elementor-section-height-default elementor-section-height-default\" data-id=\"793a3dff\" data-element_type=\"section\" data-e-type=\"section\">\n\t\t\t\t\t\t<div class=\"elementor-container elementor-column-gap-default\">\n\t\t\t\t\t<div class=\"elementor-column elementor-col-100 elementor-top-column elementor-element elementor-element-50b98d82\" data-id=\"50b98d82\" data-element_type=\"column\" data-e-type=\"column\">\n\t\t\t<div class=\"elementor-widget-wrap elementor-element-populated\">\n\t\t\t\t\t\t<div class=\"elementor-element elementor-element-3c6d7ae1 elementor-widget elementor-widget-text-editor\" data-id=\"3c6d7ae1\" data-element_type=\"widget\" data-e-type=\"widget\" data-widget_type=\"text-editor.default\">\n\t\t\t\t<div class=\"elementor-widget-container\">\n\t\t\t\t\t\t\t\t\t<p><\/p>\n<h2 class=\"wp-block-heading has-text-align-center\">APP COMEDOR ESC0LAR<\/h2>\n<h2 class=\"wp-block-heading has-text-align-center\">App + Programa de gesti\u00f3n en la nube<\/h2>\n<p><\/p>\n<div class=\"wp-block-spacer\" style=\"height: 50px;\" aria-hidden=\"true\">\u00a0<\/div>\n<p><\/p>\n<p><strong>Aplicaci\u00f3n f\u00e1cil e intuitiva para consultar todo aquello relacionado con la gesti\u00f3n de los comedores escolares para empresas de c\u00e1tering. <\/strong><\/p>\n<p><\/p>\n<p>Nuestra aplicaci\u00f3n est\u00e1 dise\u00f1ada para ofrecer una experiencia sencilla, clara e intuitiva, tanto para familias como para el personal educativo y de cocina. Somos una empresa con m\u00e1s de 20 a\u00f1os trabajando en el sector educativo.<\/p>\n<p><\/p>\n<div class=\"wp-block-spacer\" style=\"height: 50px;\" aria-hidden=\"true\">\u00a0<\/div>\n<p><\/p>\n<div class=\"wp-block-columns is-layout-flex wp-container-core-columns-is-layout-9d6595d7 wp-block-columns-is-layout-flex\">\n<p><\/p>\n<div class=\"wp-block-column is-layout-flow wp-block-column-is-layout-flow\" style=\"flex-basis: 150px;\">\u00a0<\/div>\n<p><\/p>\n<div class=\"wp-block-column is-layout-flow wp-block-column-is-layout-flow\">\n<p><\/p>\n<p class=\"has-text-align-center has-white-color has-vivid-cyan-blue-background-color has-text-color has-background\"><strong>M\u00e1s de 400 centros educativos ya conf\u00edan en nuestros servicios<\/strong><\/p>\n<p><\/p>\n<\/div>\n<p><\/p>\n<div class=\"wp-block-column is-layout-flow wp-block-column-is-layout-flow\" style=\"flex-basis: 150px;\">\u00a0<\/div>\n<p><\/p>\n<\/div>\n<p><\/p>\n<div class=\"wp-block-spacer\" style=\"height: 50px;\" aria-hidden=\"true\">\u00a0<\/div>\n<p><\/p>\n<p>Desde una \u00fanica plataforma, es posible consultar y gestionar toda la informaci\u00f3n relacionada con los comedores escolares:<\/p>\n<p><\/p>\n<p>\u2713 Planificador\u00a0de <strong>men\u00fas con informaci\u00f3n nutricional<\/strong> y gesti\u00f3n de dietas especiales con posibles al\u00e9rgenos.<\/p>\n<p><\/p>\n<p>\u2713 <strong>Registro de asistencia al comedor<\/strong>. Asignaci\u00f3n y anulaci\u00f3n en el calendario desde la App.<\/p>\n<p><\/p>\n<p>\u2713 <strong>Pagos y recibos<\/strong> f\u00e1cilmente accesibles desde la App, con pagos TPV, generaci\u00f3n de recibos SEPA, importaci\u00f3n de impagados.<\/p>\n<p><\/p>\n<p>\u2713 <strong>Comunicaci\u00f3n directa con la coordinaci\u00f3n del comedor<\/strong>.<\/p>\n<p><\/p>\n<p>\u2713 Informes sobre el uso del comedor.<\/p>\n<p><\/p>\n<p>\u2713 <strong>Notificaciones y avisos importantes<\/strong>, env\u00edo de mensajes gratuitos a familias individuales o por grupos, con archivos adjuntos, confirmaci\u00f3n de lectura y posibilidad de respuesta.<\/p>\n<p><\/p>\n<p>\u2713 Y otras funciones como: firma de autorizaciones digitales, listado de documentos, agenda escolar, control horario de trabajadores (fichar), App multi idioma, App multi escuela, etc.<\/p>\n<p><\/p>\n<p>Todo ello con una interfaz moderna, adaptada a dispositivos m\u00f3viles y pensada para facilitar el d\u00eda a d\u00eda de las familias y los centros educativos.<\/p>\n<p><\/p>\n<div class=\"wp-block-spacer\" style=\"height: 50px;\" aria-hidden=\"true\">\u00a0<\/div>\n<p><\/p>\n<h2 class=\"wp-block-heading has-text-align-center\"><strong>La mejor App en gesti\u00f3n y comunicaci\u00f3n para comedores escolares<\/strong><\/h2>\n<p><\/p>\n<p class=\"has-text-align-center\">Si desea una demo del sistema o pedir m\u00e1s informaci\u00f3n contacte con nosotros:<\/p>\n<p><\/p>\n<h3 class=\"wp-block-heading has-text-align-center\"><a href=\"https:\/\/www.edugestion.es\/web\/?page_id=44\"><strong><u>Contacto ComunicApp Edu<\/u><\/strong><\/a><\/h3>\n<p><\/p>\n<div class=\"wp-block-columns is-layout-flex wp-container-core-columns-is-layout-9d6595d7 wp-block-columns-is-layout-flex\">\n<p><\/p>\n<div class=\"wp-block-column has-white-color has-vivid-cyan-blue-background-color has-text-color has-background is-layout-flow wp-block-column-is-layout-flow\">\n<p><\/p>\n<div class=\"wp-block-spacer\" style=\"height: 50px;\" aria-hidden=\"true\">\u00a0<\/div>\n<p><\/p>\n<h3 class=\"wp-block-heading has-text-align-center has-white-color has-text-color\">&gt;&gt; Desarrollamos\u00a0<strong>Apps a medida<\/strong><\/h3>\n<p><\/p>\n<h6 class=\"wp-block-heading has-text-align-center has-white-color has-text-color\"><strong>Dise\u00f1o a medida de la App, con vuestro logo, colores y dise\u00f1o de botones personalizados.<\/strong><\/h6>\n<p><div class=\"wp-block-image\"><\/p>\n<figure class=\"aligncenter size-full is-resized\"><img decoding=\"async\" data-recalc-dims=\"1\" class=\"wp-image-723\" style=\"width: 250px;\" src=\"https:\/\/i0.wp.com\/www.edugestion.es\/web\/wp-content\/uploads\/2025\/07\/Comedor.jpg?ssl=1\" alt=\"\" \/><\/figure>\n<p><\/div><\/p>\n<div class=\"wp-block-spacer\" style=\"height: 50px;\" aria-hidden=\"true\">\u00a0<\/div>\n<p><\/p>\n<div class=\"wp-block-buttons is-layout-flex wp-block-buttons-is-layout-flex\">\n<p><\/p>\n<div class=\"wp-block-button aligncenter\"><a class=\"wp-block-button__link has-vivid-cyan-blue-color has-white-background-color has-text-color has-background wp-element-button\" href=\"https:\/\/www.edugestion.es\/web\/?page_id=46\">Ver m\u00e1s informaci\u00f3n<\/a><\/div>\n<p><\/p>\n<\/div>\n<p><\/p>\n<div class=\"wp-block-spacer\" style=\"height: 50px;\" aria-hidden=\"true\">\u00a0<\/div>\n<p><\/p>\n<\/div>\n<p><\/p>\n<div class=\"wp-block-column has-white-color has-vivid-cyan-blue-background-color has-text-color has-background is-layout-flow wp-block-column-is-layout-flow\">\n<p><\/p>\n<div class=\"wp-block-spacer\" style=\"height: 50px;\" aria-hidden=\"true\">\u00a0<\/div>\n<p><\/p>\n<h3 class=\"wp-block-heading has-text-align-center has-white-color has-text-color\">&gt;&gt;\u00a0<strong>ComunicApp Edu<\/strong><\/h3>\n<p><\/p>\n<h6 class=\"wp-block-heading has-text-align-center has-white-color has-text-color\">La App est\u00e1ndar con el sistema m\u00e1s avanzado de comunicaci\u00f3n y gesti\u00f3n escolar.<\/h6>\n<p><div class=\"wp-block-image\"><\/p>\n<figure class=\"aligncenter size-full is-resized\"><img decoding=\"async\" data-recalc-dims=\"1\" class=\"wp-image-725\" style=\"width: 250px;\" src=\"https:\/\/i0.wp.com\/www.edugestion.es\/web\/wp-content\/uploads\/2025\/07\/ComunicAPP-Edu-ES.jpg?ssl=1\" alt=\"\" \/><\/figure>\n<p><\/div><\/p>\n<div class=\"wp-block-spacer\" style=\"height: 50px;\" aria-hidden=\"true\">\u00a0<\/div>\n<p><\/p>\n<div class=\"wp-block-buttons is-layout-flex wp-block-buttons-is-layout-flex\">\n<p><\/p>\n<div class=\"wp-block-button aligncenter\"><a class=\"wp-block-button__link has-vivid-cyan-blue-color has-white-background-color has-text-color has-background wp-element-button\" href=\"https:\/\/www.edugestion.es\/web\/?page_id=37\">Ver m\u00e1s informaci\u00f3n<\/a><\/div>\n<p><\/p>\n<\/div>\n<p><\/p>\n<div class=\"wp-block-spacer\" style=\"height: 50px;\" aria-hidden=\"true\">\u00a0<\/div>\n<p><\/p>\n<\/div>\n<p><\/p>\n<\/div>\n<p><\/p>\n<p><\/p>\n<p class=\"has-text-align-center\">Para m\u00e1s informaci\u00f3n p\u00f3ngase en contacto con nosotros.<\/p>\n<p><\/p>\n<p class=\"has-text-align-center\"><strong>Tel. 930.133.503<\/strong><\/p>\n<p><\/p>\n<p class=\"has-text-align-center\"><a href=\"mailto:info@dumainteractiva.com\"><strong>info@dumainteractiva.com<\/strong><\/a><\/p>\n<p><\/p>\t\t\t\t\t\t\t\t<\/div>\n\t\t\t\t<\/div>\n\t\t\t\t\t<\/div>\n\t\t<\/div>\n\t\t\t\t\t<\/div>\n\t\t<\/section>\n\t\t\t\t<\/div>\n\t\t","protected":false},"excerpt":{"rendered":"<p>APP COMEDOR ESC0LAR App + Programa de gesti\u00f3n en la nube Aplicaci\u00f3n f\u00e1cil e intuitiva para consultar todo aquello relacionado con la gesti\u00f3n de los comedores escolares para empresas de&hellip;<\/p>\n","protected":false},"author":1,"featured_media":0,"parent":1730,"menu_order":0,"comment_status":"closed","ping_status":"closed","template":"","meta":{"footnotes":""},"class_list":["post-2344","page","type-page","status-publish","hentry"],"yoast_head":"<!-- This site is optimized with the Yoast SEO plugin v27.5 - https:\/\/yoast.com\/product\/yoast-seo-wordpress\/ -->\n<title>Comedores escolares - Duma Next<\/title>\n<meta name=\"robots\" content=\"index, follow, max-snippet:-1, max-image-preview:large, max-video-preview:-1\" \/>\n<link rel=\"canonical\" href=\"https:\/\/www.dumainteractiva.com\/web\/es\/soluciones\/comedores-escolares\/\" \/>\n<meta property=\"og:locale\" content=\"es_ES\" \/>\n<meta property=\"og:type\" content=\"article\" \/>\n<meta property=\"og:title\" content=\"Comedores escolares - Duma Next\" \/>\n<meta property=\"og:description\" content=\"APP COMEDOR ESC0LAR App + Programa de gesti\u00f3n en la nube Aplicaci\u00f3n f\u00e1cil e intuitiva para consultar todo aquello relacionado con la gesti\u00f3n de los comedores escolares para empresas de&hellip;\" \/>\n<meta property=\"og:url\" content=\"https:\/\/www.dumainteractiva.com\/web\/es\/soluciones\/comedores-escolares\/\" \/>\n<meta property=\"og:site_name\" content=\"Duma Next\" \/>\n<meta property=\"article:publisher\" content=\"https:\/\/www.facebook.com\/dumainteractiva\" \/>\n<meta property=\"article:modified_time\" content=\"2025-07-15T10:47:18+00:00\" \/>\n<meta property=\"og:image\" content=\"https:\/\/www.edugestion.es\/web\/wp-content\/uploads\/2025\/07\/Comedor.jpg\" \/>\n<meta name=\"twitter:card\" content=\"summary_large_image\" \/>\n<meta name=\"twitter:label1\" content=\"Tiempo de lectura\" \/>\n\t<meta name=\"twitter:data1\" content=\"2 minutos\" \/>\n<script type=\"application\/ld+json\" class=\"yoast-schema-graph\">{\"@context\":\"https:\\\/\\\/schema.org\",\"@graph\":[{\"@type\":\"WebPage\",\"@id\":\"https:\\\/\\\/www.dumainteractiva.com\\\/web\\\/es\\\/soluciones\\\/comedores-escolares\\\/\",\"url\":\"https:\\\/\\\/www.dumainteractiva.com\\\/web\\\/es\\\/soluciones\\\/comedores-escolares\\\/\",\"name\":\"Comedores escolares - Duma Next\",\"isPartOf\":{\"@id\":\"https:\\\/\\\/www.dumainteractiva.com\\\/web\\\/#website\"},\"primaryImageOfPage\":{\"@id\":\"https:\\\/\\\/www.dumainteractiva.com\\\/web\\\/es\\\/soluciones\\\/comedores-escolares\\\/#primaryimage\"},\"image\":{\"@id\":\"https:\\\/\\\/www.dumainteractiva.com\\\/web\\\/es\\\/soluciones\\\/comedores-escolares\\\/#primaryimage\"},\"thumbnailUrl\":\"https:\\\/\\\/www.edugestion.es\\\/web\\\/wp-content\\\/uploads\\\/2025\\\/07\\\/Comedor.jpg\",\"datePublished\":\"2025-07-15T10:31:06+00:00\",\"dateModified\":\"2025-07-15T10:47:18+00:00\",\"breadcrumb\":{\"@id\":\"https:\\\/\\\/www.dumainteractiva.com\\\/web\\\/es\\\/soluciones\\\/comedores-escolares\\\/#breadcrumb\"},\"inLanguage\":\"es\",\"potentialAction\":[{\"@type\":\"ReadAction\",\"target\":[\"https:\\\/\\\/www.dumainteractiva.com\\\/web\\\/es\\\/soluciones\\\/comedores-escolares\\\/\"]}]},{\"@type\":\"ImageObject\",\"inLanguage\":\"es\",\"@id\":\"https:\\\/\\\/www.dumainteractiva.com\\\/web\\\/es\\\/soluciones\\\/comedores-escolares\\\/#primaryimage\",\"url\":\"https:\\\/\\\/www.edugestion.es\\\/web\\\/wp-content\\\/uploads\\\/2025\\\/07\\\/Comedor.jpg\",\"contentUrl\":\"https:\\\/\\\/www.edugestion.es\\\/web\\\/wp-content\\\/uploads\\\/2025\\\/07\\\/Comedor.jpg\"},{\"@type\":\"BreadcrumbList\",\"@id\":\"https:\\\/\\\/www.dumainteractiva.com\\\/web\\\/es\\\/soluciones\\\/comedores-escolares\\\/#breadcrumb\",\"itemListElement\":[{\"@type\":\"ListItem\",\"position\":1,\"name\":\"Portada\",\"item\":\"https:\\\/\\\/www.dumainteractiva.com\\\/web\\\/\"},{\"@type\":\"ListItem\",\"position\":2,\"name\":\"Soluciones\",\"item\":\"https:\\\/\\\/www.dumainteractiva.com\\\/web\\\/soluciones\\\/\"},{\"@type\":\"ListItem\",\"position\":3,\"name\":\"Comedores escolares\"}]},{\"@type\":\"WebSite\",\"@id\":\"https:\\\/\\\/www.dumainteractiva.com\\\/web\\\/#website\",\"url\":\"https:\\\/\\\/www.dumainteractiva.com\\\/web\\\/\",\"name\":\"Duma Next\",\"description\":\"Agencia Interactiva de programaci\u00f3n ERP, desarrollo App y dise\u00f1o web multiplataforma\",\"publisher\":{\"@id\":\"https:\\\/\\\/www.dumainteractiva.com\\\/web\\\/#organization\"},\"potentialAction\":[{\"@type\":\"SearchAction\",\"target\":{\"@type\":\"EntryPoint\",\"urlTemplate\":\"https:\\\/\\\/www.dumainteractiva.com\\\/web\\\/?s={search_term_string}\"},\"query-input\":{\"@type\":\"PropertyValueSpecification\",\"valueRequired\":true,\"valueName\":\"search_term_string\"}}],\"inLanguage\":\"es\"},{\"@type\":\"Organization\",\"@id\":\"https:\\\/\\\/www.dumainteractiva.com\\\/web\\\/#organization\",\"name\":\"Duma Next\",\"url\":\"https:\\\/\\\/www.dumainteractiva.com\\\/web\\\/\",\"logo\":{\"@type\":\"ImageObject\",\"inLanguage\":\"es\",\"@id\":\"https:\\\/\\\/www.dumainteractiva.com\\\/web\\\/#\\\/schema\\\/logo\\\/image\\\/\",\"url\":\"https:\\\/\\\/i0.wp.com\\\/www.dumainteractiva.com\\\/web\\\/wp-content\\\/uploads\\\/2022\\\/05\\\/Duma_logo_2022-transparent.png?fit=1239%2C836&ssl=1\",\"contentUrl\":\"https:\\\/\\\/i0.wp.com\\\/www.dumainteractiva.com\\\/web\\\/wp-content\\\/uploads\\\/2022\\\/05\\\/Duma_logo_2022-transparent.png?fit=1239%2C836&ssl=1\",\"width\":1239,\"height\":836,\"caption\":\"Duma Next\"},\"image\":{\"@id\":\"https:\\\/\\\/www.dumainteractiva.com\\\/web\\\/#\\\/schema\\\/logo\\\/image\\\/\"},\"sameAs\":[\"https:\\\/\\\/www.facebook.com\\\/dumainteractiva\"]}]}<\/script>\n<!-- \/ Yoast SEO plugin. -->","yoast_head_json":{"title":"Comedores escolares - Duma Next","robots":{"index":"index","follow":"follow","max-snippet":"max-snippet:-1","max-image-preview":"max-image-preview:large","max-video-preview":"max-video-preview:-1"},"canonical":"https:\/\/www.dumainteractiva.com\/web\/es\/soluciones\/comedores-escolares\/","og_locale":"es_ES","og_type":"article","og_title":"Comedores escolares - Duma Next","og_description":"APP COMEDOR ESC0LAR App + Programa de gesti\u00f3n en la nube Aplicaci\u00f3n f\u00e1cil e intuitiva para consultar todo aquello relacionado con la gesti\u00f3n de los comedores escolares para empresas de&hellip;","og_url":"https:\/\/www.dumainteractiva.com\/web\/es\/soluciones\/comedores-escolares\/","og_site_name":"Duma Next","article_publisher":"https:\/\/www.facebook.com\/dumainteractiva","article_modified_time":"2025-07-15T10:47:18+00:00","og_image":[{"url":"https:\/\/www.edugestion.es\/web\/wp-content\/uploads\/2025\/07\/Comedor.jpg","type":"","width":"","height":""}],"twitter_card":"summary_large_image","twitter_misc":{"Tiempo de lectura":"2 minutos"},"schema":{"@context":"https:\/\/schema.org","@graph":[{"@type":"WebPage","@id":"https:\/\/www.dumainteractiva.com\/web\/es\/soluciones\/comedores-escolares\/","url":"https:\/\/www.dumainteractiva.com\/web\/es\/soluciones\/comedores-escolares\/","name":"Comedores escolares - Duma Next","isPartOf":{"@id":"https:\/\/www.dumainteractiva.com\/web\/#website"},"primaryImageOfPage":{"@id":"https:\/\/www.dumainteractiva.com\/web\/es\/soluciones\/comedores-escolares\/#primaryimage"},"image":{"@id":"https:\/\/www.dumainteractiva.com\/web\/es\/soluciones\/comedores-escolares\/#primaryimage"},"thumbnailUrl":"https:\/\/www.edugestion.es\/web\/wp-content\/uploads\/2025\/07\/Comedor.jpg","datePublished":"2025-07-15T10:31:06+00:00","dateModified":"2025-07-15T10:47:18+00:00","breadcrumb":{"@id":"https:\/\/www.dumainteractiva.com\/web\/es\/soluciones\/comedores-escolares\/#breadcrumb"},"inLanguage":"es","potentialAction":[{"@type":"ReadAction","target":["https:\/\/www.dumainteractiva.com\/web\/es\/soluciones\/comedores-escolares\/"]}]},{"@type":"ImageObject","inLanguage":"es","@id":"https:\/\/www.dumainteractiva.com\/web\/es\/soluciones\/comedores-escolares\/#primaryimage","url":"https:\/\/www.edugestion.es\/web\/wp-content\/uploads\/2025\/07\/Comedor.jpg","contentUrl":"https:\/\/www.edugestion.es\/web\/wp-content\/uploads\/2025\/07\/Comedor.jpg"},{"@type":"BreadcrumbList","@id":"https:\/\/www.dumainteractiva.com\/web\/es\/soluciones\/comedores-escolares\/#breadcrumb","itemListElement":[{"@type":"ListItem","position":1,"name":"Portada","item":"https:\/\/www.dumainteractiva.com\/web\/"},{"@type":"ListItem","position":2,"name":"Soluciones","item":"https:\/\/www.dumainteractiva.com\/web\/soluciones\/"},{"@type":"ListItem","position":3,"name":"Comedores escolares"}]},{"@type":"WebSite","@id":"https:\/\/www.dumainteractiva.com\/web\/#website","url":"https:\/\/www.dumainteractiva.com\/web\/","name":"Duma Next","description":"Agencia Interactiva de programaci\u00f3n ERP, desarrollo App y dise\u00f1o web multiplataforma","publisher":{"@id":"https:\/\/www.dumainteractiva.com\/web\/#organization"},"potentialAction":[{"@type":"SearchAction","target":{"@type":"EntryPoint","urlTemplate":"https:\/\/www.dumainteractiva.com\/web\/?s={search_term_string}"},"query-input":{"@type":"PropertyValueSpecification","valueRequired":true,"valueName":"search_term_string"}}],"inLanguage":"es"},{"@type":"Organization","@id":"https:\/\/www.dumainteractiva.com\/web\/#organization","name":"Duma Next","url":"https:\/\/www.dumainteractiva.com\/web\/","logo":{"@type":"ImageObject","inLanguage":"es","@id":"https:\/\/www.dumainteractiva.com\/web\/#\/schema\/logo\/image\/","url":"https:\/\/i0.wp.com\/www.dumainteractiva.com\/web\/wp-content\/uploads\/2022\/05\/Duma_logo_2022-transparent.png?fit=1239%2C836&ssl=1","contentUrl":"https:\/\/i0.wp.com\/www.dumainteractiva.com\/web\/wp-content\/uploads\/2022\/05\/Duma_logo_2022-transparent.png?fit=1239%2C836&ssl=1","width":1239,"height":836,"caption":"Duma Next"},"image":{"@id":"https:\/\/www.dumainteractiva.com\/web\/#\/schema\/logo\/image\/"},"sameAs":["https:\/\/www.facebook.com\/dumainteractiva"]}]}},"jetpack_sharing_enabled":true,"_links":{"self":[{"href":"https:\/\/www.dumainteractiva.com\/web\/wp-json\/wp\/v2\/pages\/2344","targetHints":{"allow":["GET"]}}],"collection":[{"href":"https:\/\/www.dumainteractiva.com\/web\/wp-json\/wp\/v2\/pages"}],"about":[{"href":"https:\/\/www.dumainteractiva.com\/web\/wp-json\/wp\/v2\/types\/page"}],"author":[{"embeddable":true,"href":"https:\/\/www.dumainteractiva.com\/web\/wp-json\/wp\/v2\/users\/1"}],"replies":[{"embeddable":true,"href":"https:\/\/www.dumainteractiva.com\/web\/wp-json\/wp\/v2\/comments?post=2344"}],"version-history":[{"count":8,"href":"https:\/\/www.dumainteractiva.com\/web\/wp-json\/wp\/v2\/pages\/2344\/revisions"}],"predecessor-version":[{"id":2363,"href":"https:\/\/www.dumainteractiva.com\/web\/wp-json\/wp\/v2\/pages\/2344\/revisions\/2363"}],"up":[{"embeddable":true,"href":"https:\/\/www.dumainteractiva.com\/web\/wp-json\/wp\/v2\/pages\/1730"}],"wp:attachment":[{"href":"https:\/\/www.dumainteractiva.com\/web\/wp-json\/wp\/v2\/media?parent=2344"}],"curies":[{"name":"wp","href":"https:\/\/api.w.org\/{rel}","templated":true}]}}