{"id":249,"date":"2022-05-06T09:03:11","date_gmt":"2022-05-06T09:03:11","guid":{"rendered":"https:\/\/www.dumainteractiva.com\/web\/?page_id=249"},"modified":"2022-06-08T10:50:26","modified_gmt":"2022-06-08T10:50:26","slug":"empresa-es","status":"publish","type":"page","link":"https:\/\/www.dumainteractiva.com\/web\/es\/empresa-es\/","title":{"rendered":"Empresa"},"content":{"rendered":"\n<p><strong>Duma Next <\/strong>est\u00e1 formada por profesionales de la tecnolog\u00eda y la comunicaci\u00f3n con m\u00e1s de veinte a\u00f1os de trayectoria en an\u00e1lisis, dise\u00f1o, desarrollo y mantenimiento de proyectos de todo tipo: programaci\u00f3n ERP a medida, Apps, webs  multiformato, programas de gesti\u00f3n en la nube y marketing digital.<br><br>En&nbsp;<strong>Duma Next <\/strong>desarrollamos Apps para Android e iOS, para todo tipo de sectores: centros educativos, centros deportivos, centros m\u00e9dicos, comercios, ayuntamientos y pymes de todo tipo. Todos los desarrollos se hacen a medida, por lo que podemos adaptarnos a la necesidad de cada cliente.<\/p>\n\n\n\n<p>Disponemos tambi\u00e9n de un sistema propio de gesti\u00f3n en la nube con el que pueden mantenerse los contenidos ERP, web y app desde una misma plataforma.<\/p>\n\n\n\n<p>En&nbsp;<strong>Duma Next<\/strong> estudiamos su proyecto y lo llevamos a cabo con la intenci\u00f3n&nbsp;de proporcionarle la mejor herramienta que le aporte un ahorro en la gesti\u00f3n de su empresa, optimizando recusos y procedimientos. Podemos encargarnos de la imagen corporativa, dise\u00f1o web, programaci\u00f3n ERP, App y marketing digital, todo en una sola empresa.&nbsp;<\/p>\n\n\n\n<p>Tenemos nuestra oficina principal en el centro de Matar\u00f3 (Barcelona), pero tambi\u00e9n tenemos presencia en Murcia (Archena).<\/p>\n\n\n\n<div class=\"wp-block-image\"><figure class=\"aligncenter size-full\"><img data-recalc-dims=\"1\" fetchpriority=\"high\" decoding=\"async\" width=\"667\" height=\"296\" src=\"https:\/\/i0.wp.com\/www.dumainteractiva.com\/web\/wp-content\/uploads\/2022\/05\/Marketing-Technology.jpg?resize=667%2C296&#038;ssl=1\" alt=\"\" class=\"wp-image-731\" srcset=\"https:\/\/i0.wp.com\/www.dumainteractiva.com\/web\/wp-content\/uploads\/2022\/05\/Marketing-Technology.jpg?w=667&amp;ssl=1 667w, https:\/\/i0.wp.com\/www.dumainteractiva.com\/web\/wp-content\/uploads\/2022\/05\/Marketing-Technology.jpg?resize=300%2C133&amp;ssl=1 300w\" sizes=\"(max-width: 667px) 100vw, 667px\" \/><\/figure><\/div>\n","protected":false},"excerpt":{"rendered":"<p>Duma Next est\u00e1 formada por profesionales de la tecnolog\u00eda y la comunicaci\u00f3n con m\u00e1s de veinte a\u00f1os de trayectoria en an\u00e1lisis, dise\u00f1o, desarrollo y mantenimiento de proyectos de todo tipo:&hellip;<\/p>\n","protected":false},"author":1,"featured_media":7,"parent":0,"menu_order":0,"comment_status":"closed","ping_status":"closed","template":"","meta":{"footnotes":""},"class_list":["post-249","page","type-page","status-publish","has-post-thumbnail","hentry"],"yoast_head":"<!-- This site is optimized with the Yoast SEO plugin v27.2 - https:\/\/yoast.com\/product\/yoast-seo-wordpress\/ -->\n<title>Empresa - Duma Next<\/title>\n<meta name=\"description\" content=\"Duma Next est\u00e1 formada por profesionales de la tecnolog\u00eda y la comunicaci\u00f3n con m\u00e1s de veinte a\u00f1os de trayectoria\" \/>\n<meta name=\"robots\" content=\"index, follow, max-snippet:-1, max-image-preview:large, max-video-preview:-1\" \/>\n<link rel=\"canonical\" href=\"https:\/\/www.dumainteractiva.com\/web\/es\/empresa-es\/\" \/>\n<meta property=\"og:locale\" content=\"es_ES\" \/>\n<meta property=\"og:type\" content=\"article\" \/>\n<meta property=\"og:title\" content=\"Duma Next\" \/>\n<meta property=\"og:description\" content=\"Duma Next est\u00e1 formada por profesionales de la tecnolog\u00eda y la comunicaci\u00f3n con m\u00e1s de veinte a\u00f1os de trayectoria\" \/>\n<meta property=\"og:url\" content=\"https:\/\/www.dumainteractiva.com\/web\/es\/empresa-es\/\" \/>\n<meta property=\"og:site_name\" content=\"Duma Next\" \/>\n<meta property=\"article:publisher\" content=\"https:\/\/www.facebook.com\/dumainteractiva\" \/>\n<meta property=\"article:modified_time\" content=\"2022-06-08T10:50:26+00:00\" \/>\n<meta property=\"og:image\" content=\"https:\/\/www.dumainteractiva.com\/web\/wp-content\/uploads\/2022\/05\/Duma_logo_2022-transparent.png\" \/>\n\t<meta property=\"og:image:width\" content=\"1239\" \/>\n\t<meta property=\"og:image:height\" content=\"836\" \/>\n\t<meta property=\"og:image:type\" content=\"image\/png\" \/>\n<meta name=\"twitter:card\" content=\"summary_large_image\" \/>\n<meta name=\"twitter:title\" content=\"Duma Next\" \/>\n<meta name=\"twitter:description\" content=\"Duma Next est\u00e1 formada por profesionales de la tecnolog\u00eda y la comunicaci\u00f3n con m\u00e1s de veinte a\u00f1os de trayectoria\" \/>\n<meta name=\"twitter:image\" content=\"https:\/\/i0.wp.com\/www.dumainteractiva.com\/web\/wp-content\/uploads\/2022\/05\/Duma_logo_2022-transparent.png?fit=1239%2C836&ssl=1\" \/>\n<meta name=\"twitter:label1\" content=\"Tiempo de lectura\" \/>\n\t<meta name=\"twitter:data1\" content=\"2 minutos\" \/>\n<script type=\"application\/ld+json\" class=\"yoast-schema-graph\">{\"@context\":\"https:\/\/schema.org\",\"@graph\":[{\"@type\":\"WebPage\",\"@id\":\"https:\/\/www.dumainteractiva.com\/web\/es\/empresa-es\/\",\"url\":\"https:\/\/www.dumainteractiva.com\/web\/es\/empresa-es\/\",\"name\":\"Empresa - Duma Next\",\"isPartOf\":{\"@id\":\"https:\/\/www.dumainteractiva.com\/web\/#website\"},\"primaryImageOfPage\":{\"@id\":\"https:\/\/www.dumainteractiva.com\/web\/es\/empresa-es\/#primaryimage\"},\"image\":{\"@id\":\"https:\/\/www.dumainteractiva.com\/web\/es\/empresa-es\/#primaryimage\"},\"thumbnailUrl\":\"https:\/\/i0.wp.com\/www.dumainteractiva.com\/web\/wp-content\/uploads\/2022\/05\/cropped-duma.jpg?fit=512%2C512&ssl=1\",\"datePublished\":\"2022-05-06T09:03:11+00:00\",\"dateModified\":\"2022-06-08T10:50:26+00:00\",\"description\":\"Duma Next est\u00e1 formada por profesionales de la tecnolog\u00eda y la comunicaci\u00f3n con m\u00e1s de veinte a\u00f1os de trayectoria\",\"breadcrumb\":{\"@id\":\"https:\/\/www.dumainteractiva.com\/web\/es\/empresa-es\/#breadcrumb\"},\"inLanguage\":\"es\",\"potentialAction\":[{\"@type\":\"ReadAction\",\"target\":[\"https:\/\/www.dumainteractiva.com\/web\/es\/empresa-es\/\"]}]},{\"@type\":\"ImageObject\",\"inLanguage\":\"es\",\"@id\":\"https:\/\/www.dumainteractiva.com\/web\/es\/empresa-es\/#primaryimage\",\"url\":\"https:\/\/i0.wp.com\/www.dumainteractiva.com\/web\/wp-content\/uploads\/2022\/05\/cropped-duma.jpg?fit=512%2C512&ssl=1\",\"contentUrl\":\"https:\/\/i0.wp.com\/www.dumainteractiva.com\/web\/wp-content\/uploads\/2022\/05\/cropped-duma.jpg?fit=512%2C512&ssl=1\",\"width\":512,\"height\":512},{\"@type\":\"BreadcrumbList\",\"@id\":\"https:\/\/www.dumainteractiva.com\/web\/es\/empresa-es\/#breadcrumb\",\"itemListElement\":[{\"@type\":\"ListItem\",\"position\":1,\"name\":\"Portada\",\"item\":\"https:\/\/www.dumainteractiva.com\/web\/\"},{\"@type\":\"ListItem\",\"position\":2,\"name\":\"Empresa\"}]},{\"@type\":\"WebSite\",\"@id\":\"https:\/\/www.dumainteractiva.com\/web\/#website\",\"url\":\"https:\/\/www.dumainteractiva.com\/web\/\",\"name\":\"Duma Next\",\"description\":\"Agencia Interactiva de programaci\u00f3n ERP, desarrollo App y dise\u00f1o web multiplataforma\",\"publisher\":{\"@id\":\"https:\/\/www.dumainteractiva.com\/web\/#organization\"},\"potentialAction\":[{\"@type\":\"SearchAction\",\"target\":{\"@type\":\"EntryPoint\",\"urlTemplate\":\"https:\/\/www.dumainteractiva.com\/web\/?s={search_term_string}\"},\"query-input\":{\"@type\":\"PropertyValueSpecification\",\"valueRequired\":true,\"valueName\":\"search_term_string\"}}],\"inLanguage\":\"es\"},{\"@type\":\"Organization\",\"@id\":\"https:\/\/www.dumainteractiva.com\/web\/#organization\",\"name\":\"Duma Next\",\"url\":\"https:\/\/www.dumainteractiva.com\/web\/\",\"logo\":{\"@type\":\"ImageObject\",\"inLanguage\":\"es\",\"@id\":\"https:\/\/www.dumainteractiva.com\/web\/#\/schema\/logo\/image\/\",\"url\":\"https:\/\/i0.wp.com\/www.dumainteractiva.com\/web\/wp-content\/uploads\/2022\/05\/Duma_logo_2022-transparent.png?fit=1239%2C836&ssl=1\",\"contentUrl\":\"https:\/\/i0.wp.com\/www.dumainteractiva.com\/web\/wp-content\/uploads\/2022\/05\/Duma_logo_2022-transparent.png?fit=1239%2C836&ssl=1\",\"width\":1239,\"height\":836,\"caption\":\"Duma Next\"},\"image\":{\"@id\":\"https:\/\/www.dumainteractiva.com\/web\/#\/schema\/logo\/image\/\"},\"sameAs\":[\"https:\/\/www.facebook.com\/dumainteractiva\"]}]}<\/script>\n<!-- \/ Yoast SEO plugin. -->","yoast_head_json":{"title":"Empresa - Duma Next","description":"Duma Next est\u00e1 formada por profesionales de la tecnolog\u00eda y la comunicaci\u00f3n con m\u00e1s de veinte a\u00f1os de trayectoria","robots":{"index":"index","follow":"follow","max-snippet":"max-snippet:-1","max-image-preview":"max-image-preview:large","max-video-preview":"max-video-preview:-1"},"canonical":"https:\/\/www.dumainteractiva.com\/web\/es\/empresa-es\/","og_locale":"es_ES","og_type":"article","og_title":"Duma Next","og_description":"Duma Next est\u00e1 formada por profesionales de la tecnolog\u00eda y la comunicaci\u00f3n con m\u00e1s de veinte a\u00f1os de trayectoria","og_url":"https:\/\/www.dumainteractiva.com\/web\/es\/empresa-es\/","og_site_name":"Duma Next","article_publisher":"https:\/\/www.facebook.com\/dumainteractiva","article_modified_time":"2022-06-08T10:50:26+00:00","og_image":[{"width":1239,"height":836,"url":"https:\/\/www.dumainteractiva.com\/web\/wp-content\/uploads\/2022\/05\/Duma_logo_2022-transparent.png","type":"image\/png"}],"twitter_card":"summary_large_image","twitter_title":"Duma Next","twitter_description":"Duma Next est\u00e1 formada por profesionales de la tecnolog\u00eda y la comunicaci\u00f3n con m\u00e1s de veinte a\u00f1os de trayectoria","twitter_image":"https:\/\/i0.wp.com\/www.dumainteractiva.com\/web\/wp-content\/uploads\/2022\/05\/Duma_logo_2022-transparent.png?fit=1239%2C836&ssl=1","twitter_misc":{"Tiempo de lectura":"2 minutos"},"schema":{"@context":"https:\/\/schema.org","@graph":[{"@type":"WebPage","@id":"https:\/\/www.dumainteractiva.com\/web\/es\/empresa-es\/","url":"https:\/\/www.dumainteractiva.com\/web\/es\/empresa-es\/","name":"Empresa - Duma Next","isPartOf":{"@id":"https:\/\/www.dumainteractiva.com\/web\/#website"},"primaryImageOfPage":{"@id":"https:\/\/www.dumainteractiva.com\/web\/es\/empresa-es\/#primaryimage"},"image":{"@id":"https:\/\/www.dumainteractiva.com\/web\/es\/empresa-es\/#primaryimage"},"thumbnailUrl":"https:\/\/i0.wp.com\/www.dumainteractiva.com\/web\/wp-content\/uploads\/2022\/05\/cropped-duma.jpg?fit=512%2C512&ssl=1","datePublished":"2022-05-06T09:03:11+00:00","dateModified":"2022-06-08T10:50:26+00:00","description":"Duma Next est\u00e1 formada por profesionales de la tecnolog\u00eda y la comunicaci\u00f3n con m\u00e1s de veinte a\u00f1os de trayectoria","breadcrumb":{"@id":"https:\/\/www.dumainteractiva.com\/web\/es\/empresa-es\/#breadcrumb"},"inLanguage":"es","potentialAction":[{"@type":"ReadAction","target":["https:\/\/www.dumainteractiva.com\/web\/es\/empresa-es\/"]}]},{"@type":"ImageObject","inLanguage":"es","@id":"https:\/\/www.dumainteractiva.com\/web\/es\/empresa-es\/#primaryimage","url":"https:\/\/i0.wp.com\/www.dumainteractiva.com\/web\/wp-content\/uploads\/2022\/05\/cropped-duma.jpg?fit=512%2C512&ssl=1","contentUrl":"https:\/\/i0.wp.com\/www.dumainteractiva.com\/web\/wp-content\/uploads\/2022\/05\/cropped-duma.jpg?fit=512%2C512&ssl=1","width":512,"height":512},{"@type":"BreadcrumbList","@id":"https:\/\/www.dumainteractiva.com\/web\/es\/empresa-es\/#breadcrumb","itemListElement":[{"@type":"ListItem","position":1,"name":"Portada","item":"https:\/\/www.dumainteractiva.com\/web\/"},{"@type":"ListItem","position":2,"name":"Empresa"}]},{"@type":"WebSite","@id":"https:\/\/www.dumainteractiva.com\/web\/#website","url":"https:\/\/www.dumainteractiva.com\/web\/","name":"Duma Next","description":"Agencia Interactiva de programaci\u00f3n ERP, desarrollo App y dise\u00f1o web multiplataforma","publisher":{"@id":"https:\/\/www.dumainteractiva.com\/web\/#organization"},"potentialAction":[{"@type":"SearchAction","target":{"@type":"EntryPoint","urlTemplate":"https:\/\/www.dumainteractiva.com\/web\/?s={search_term_string}"},"query-input":{"@type":"PropertyValueSpecification","valueRequired":true,"valueName":"search_term_string"}}],"inLanguage":"es"},{"@type":"Organization","@id":"https:\/\/www.dumainteractiva.com\/web\/#organization","name":"Duma Next","url":"https:\/\/www.dumainteractiva.com\/web\/","logo":{"@type":"ImageObject","inLanguage":"es","@id":"https:\/\/www.dumainteractiva.com\/web\/#\/schema\/logo\/image\/","url":"https:\/\/i0.wp.com\/www.dumainteractiva.com\/web\/wp-content\/uploads\/2022\/05\/Duma_logo_2022-transparent.png?fit=1239%2C836&ssl=1","contentUrl":"https:\/\/i0.wp.com\/www.dumainteractiva.com\/web\/wp-content\/uploads\/2022\/05\/Duma_logo_2022-transparent.png?fit=1239%2C836&ssl=1","width":1239,"height":836,"caption":"Duma Next"},"image":{"@id":"https:\/\/www.dumainteractiva.com\/web\/#\/schema\/logo\/image\/"},"sameAs":["https:\/\/www.facebook.com\/dumainteractiva"]}]}},"jetpack_sharing_enabled":true,"_links":{"self":[{"href":"https:\/\/www.dumainteractiva.com\/web\/wp-json\/wp\/v2\/pages\/249","targetHints":{"allow":["GET"]}}],"collection":[{"href":"https:\/\/www.dumainteractiva.com\/web\/wp-json\/wp\/v2\/pages"}],"about":[{"href":"https:\/\/www.dumainteractiva.com\/web\/wp-json\/wp\/v2\/types\/page"}],"author":[{"embeddable":true,"href":"https:\/\/www.dumainteractiva.com\/web\/wp-json\/wp\/v2\/users\/1"}],"replies":[{"embeddable":true,"href":"https:\/\/www.dumainteractiva.com\/web\/wp-json\/wp\/v2\/comments?post=249"}],"version-history":[{"count":14,"href":"https:\/\/www.dumainteractiva.com\/web\/wp-json\/wp\/v2\/pages\/249\/revisions"}],"predecessor-version":[{"id":1714,"href":"https:\/\/www.dumainteractiva.com\/web\/wp-json\/wp\/v2\/pages\/249\/revisions\/1714"}],"wp:featuredmedia":[{"embeddable":true,"href":"https:\/\/www.dumainteractiva.com\/web\/wp-json\/wp\/v2\/media\/7"}],"wp:attachment":[{"href":"https:\/\/www.dumainteractiva.com\/web\/wp-json\/wp\/v2\/media?parent=249"}],"curies":[{"name":"wp","href":"https:\/\/api.w.org\/{rel}","templated":true}]}}