{"id":680,"date":"2022-05-11T10:33:51","date_gmt":"2022-05-11T10:33:51","guid":{"rendered":"https:\/\/www.dumainteractiva.com\/web\/?page_id=680"},"modified":"2025-12-01T15:08:09","modified_gmt":"2025-12-01T15:08:09","slug":"marqueting-es","status":"publish","type":"page","link":"https:\/\/www.dumainteractiva.com\/web\/es\/marqueting-es\/","title":{"rendered":"M\u00e1rqueting digital"},"content":{"rendered":"\n<div class=\"wp-block-columns has-background is-layout-flex wp-container-core-columns-is-layout-9d6595d7 wp-block-columns-is-layout-flex\" style=\"background:linear-gradient(135deg,rgb(238,238,238) 2%,rgb(153,153,153) 100%)\">\n<div class=\"wp-block-column is-vertically-aligned-center is-layout-flow wp-block-column-is-layout-flow\" style=\"flex-basis:300px\"><div class=\"wp-block-image\">\n<figure class=\"aligncenter size-large\"><img data-recalc-dims=\"1\" fetchpriority=\"high\" decoding=\"async\" width=\"1024\" height=\"239\" src=\"https:\/\/i0.wp.com\/www.dumainteractiva.com\/web\/wp-content\/uploads\/2023\/01\/be_digital-2_allargat_transparent.png?resize=1024%2C239&#038;ssl=1\" alt=\"\" class=\"wp-image-1780\" srcset=\"https:\/\/i0.wp.com\/www.dumainteractiva.com\/web\/wp-content\/uploads\/2023\/01\/be_digital-2_allargat_transparent.png?resize=1024%2C239&amp;ssl=1 1024w, https:\/\/i0.wp.com\/www.dumainteractiva.com\/web\/wp-content\/uploads\/2023\/01\/be_digital-2_allargat_transparent.png?resize=300%2C70&amp;ssl=1 300w, https:\/\/i0.wp.com\/www.dumainteractiva.com\/web\/wp-content\/uploads\/2023\/01\/be_digital-2_allargat_transparent.png?resize=768%2C179&amp;ssl=1 768w, https:\/\/i0.wp.com\/www.dumainteractiva.com\/web\/wp-content\/uploads\/2023\/01\/be_digital-2_allargat_transparent.png?w=1429&amp;ssl=1 1429w\" sizes=\"(max-width: 1000px) 100vw, 1000px\" \/><\/figure>\n<\/div><\/div>\n\n\n\n<div class=\"wp-block-column is-layout-flow wp-block-column-is-layout-flow\">\n<p>P\u00e1sate a digital! <strong>be \u00b7\u00b7 digital<\/strong>&nbsp;es un servicio de <strong>Duma Next<\/strong> de publicidad digital y gesti\u00f3n de redes sociales. <\/p>\n\n\n\n<div class=\"wp-block-buttons is-layout-flex wp-block-buttons-is-layout-flex\">\n<div class=\"wp-block-button is-style-fill\"><a class=\"wp-block-button__link has-background wp-element-button\" href=\"https:\/\/bedigital.cat\/es\/inicio\/\" style=\"background-color:#7c329f\">Ver m\u00e1s<\/a><\/div>\n<\/div>\n<\/div>\n<\/div>\n\n\n\n<p>En <strong>Duma Next <\/strong>ofrecemos un servicio completo en m\u00e1rqueting digital, paquetes estandarizados y proyectos a medida:<\/p>\n\n\n\n<div class=\"wp-block-columns is-layout-flex wp-container-core-columns-is-layout-9d6595d7 wp-block-columns-is-layout-flex\">\n<div class=\"wp-block-column is-layout-flow wp-block-column-is-layout-flow\">\n<p>&gt;&gt; <strong>Dise\u00f1o de la marca<\/strong>, imagen corporativa, logotipo<\/p>\n\n\n\n<p>&gt;&gt; <strong>Gesti\u00f3n de redes sociales<\/strong> (community manager)<\/p>\n\n\n\n<p>&gt;&gt; <strong>Publicidad digital<\/strong>: Google Ads, Facebook, Instagram, LinkedIn, Amazon, etc.<\/p>\n\n\n\n<p>&gt;&gt; Creamos <strong>campa\u00f1as internacionales<\/strong>.<\/p>\n\n\n\n<p>&gt;&gt; Soporte para la publicaci\u00f3n de productos en marketplaces.<\/p>\n<\/div>\n\n\n\n<div class=\"wp-block-column is-layout-flow wp-block-column-is-layout-flow\">\n<figure class=\"wp-block-image size-large\"><img data-recalc-dims=\"1\" decoding=\"async\" width=\"1024\" height=\"819\" src=\"https:\/\/i0.wp.com\/www.dumainteractiva.com\/web\/wp-content\/uploads\/2022\/05\/digital-marketing-solutio.png?resize=1024%2C819&#038;ssl=1\" alt=\"\" class=\"wp-image-681\" srcset=\"https:\/\/i0.wp.com\/www.dumainteractiva.com\/web\/wp-content\/uploads\/2022\/05\/digital-marketing-solutio.png?resize=1024%2C819&amp;ssl=1 1024w, https:\/\/i0.wp.com\/www.dumainteractiva.com\/web\/wp-content\/uploads\/2022\/05\/digital-marketing-solutio.png?resize=300%2C240&amp;ssl=1 300w, https:\/\/i0.wp.com\/www.dumainteractiva.com\/web\/wp-content\/uploads\/2022\/05\/digital-marketing-solutio.png?resize=768%2C614&amp;ssl=1 768w, https:\/\/i0.wp.com\/www.dumainteractiva.com\/web\/wp-content\/uploads\/2022\/05\/digital-marketing-solutio.png?resize=1536%2C1229&amp;ssl=1 1536w, https:\/\/i0.wp.com\/www.dumainteractiva.com\/web\/wp-content\/uploads\/2022\/05\/digital-marketing-solutio.png?w=2048&amp;ssl=1 2048w\" sizes=\"(max-width: 1000px) 100vw, 1000px\" \/><\/figure>\n<\/div>\n<\/div>\n\n\n\n<div class=\"wp-block-buttons is-content-justification-center is-layout-flex wp-container-core-buttons-is-layout-16018d1d wp-block-buttons-is-layout-flex\">\n<div class=\"wp-block-button aligncenter\"><a class=\"wp-block-button__link has-text-align-center wp-element-button\" href=\"https:\/\/www.dumainteractiva.com\/web\/contacta-es\/\">SOLICITA AQU\u00cd INFORMACI\u00d3N O PRESUPUESTO DETALLADO<\/a><\/div>\n<\/div>\n","protected":false},"excerpt":{"rendered":"<p>P\u00e1sate a digital! be \u00b7\u00b7 digital&nbsp;es un servicio de Duma Next de publicidad digital y gesti\u00f3n de redes sociales. En Duma Next ofrecemos un servicio completo en m\u00e1rqueting digital, paquetes&hellip;<\/p>\n","protected":false},"author":1,"featured_media":0,"parent":0,"menu_order":0,"comment_status":"closed","ping_status":"closed","template":"","meta":{"footnotes":""},"class_list":["post-680","page","type-page","status-publish","hentry"],"yoast_head":"<!-- This site is optimized with the Yoast SEO plugin v27.2 - https:\/\/yoast.com\/product\/yoast-seo-wordpress\/ -->\n<title>M\u00e1rqueting digital - Duma Next<\/title>\n<meta name=\"description\" content=\"Servicio completo en m\u00e1rqueting digital: Dise\u00f1o de marca, imagen corporativa, logotipo, redes sociales, publicidad digital.\" \/>\n<meta name=\"robots\" content=\"index, follow, max-snippet:-1, max-image-preview:large, max-video-preview:-1\" \/>\n<link rel=\"canonical\" href=\"https:\/\/www.dumainteractiva.com\/web\/es\/marqueting-es\/\" \/>\n<meta property=\"og:locale\" content=\"es_ES\" \/>\n<meta property=\"og:type\" content=\"article\" \/>\n<meta property=\"og:title\" content=\"M\u00e1rqueting digital - Duma Next\" \/>\n<meta property=\"og:description\" content=\"Servicio completo en m\u00e1rqueting digital: Dise\u00f1o de marca, imagen corporativa, logotipo, redes sociales, publicidad digital.\" \/>\n<meta property=\"og:url\" content=\"https:\/\/www.dumainteractiva.com\/web\/es\/marqueting-es\/\" \/>\n<meta property=\"og:site_name\" content=\"Duma Next\" \/>\n<meta property=\"article:publisher\" content=\"https:\/\/www.facebook.com\/dumainteractiva\" \/>\n<meta property=\"article:modified_time\" content=\"2025-12-01T15:08:09+00:00\" \/>\n<meta property=\"og:image\" content=\"https:\/\/www.dumainteractiva.com\/web\/wp-content\/uploads\/2022\/05\/digital-marketing-solutio.png\" \/>\n\t<meta property=\"og:image:width\" content=\"2048\" \/>\n\t<meta property=\"og:image:height\" content=\"1638\" \/>\n\t<meta property=\"og:image:type\" content=\"image\/png\" \/>\n<meta name=\"twitter:card\" content=\"summary_large_image\" \/>\n<meta name=\"twitter:title\" content=\"M\u00e1rqueting digital - Duma Next\" \/>\n<meta name=\"twitter:description\" content=\"Servicio completo en m\u00e1rqueting digital: Dise\u00f1o de marca, imagen corporativa, logotipo, redes sociales, publicidad digital.\" \/>\n<meta name=\"twitter:image\" content=\"https:\/\/i0.wp.com\/www.dumainteractiva.com\/web\/wp-content\/uploads\/2022\/05\/digital-marketing-solutio.png?fit=2048%2C1638&ssl=1\" \/>\n<meta name=\"twitter:label1\" content=\"Tiempo de lectura\" \/>\n\t<meta name=\"twitter:data1\" content=\"1 minuto\" \/>\n<script type=\"application\/ld+json\" class=\"yoast-schema-graph\">{\"@context\":\"https:\/\/schema.org\",\"@graph\":[{\"@type\":\"WebPage\",\"@id\":\"https:\/\/www.dumainteractiva.com\/web\/es\/marqueting-es\/\",\"url\":\"https:\/\/www.dumainteractiva.com\/web\/es\/marqueting-es\/\",\"name\":\"M\u00e1rqueting digital - Duma Next\",\"isPartOf\":{\"@id\":\"https:\/\/www.dumainteractiva.com\/web\/#website\"},\"primaryImageOfPage\":{\"@id\":\"https:\/\/www.dumainteractiva.com\/web\/es\/marqueting-es\/#primaryimage\"},\"image\":{\"@id\":\"https:\/\/www.dumainteractiva.com\/web\/es\/marqueting-es\/#primaryimage\"},\"thumbnailUrl\":\"https:\/\/www.dumainteractiva.com\/web\/wp-content\/uploads\/2023\/01\/be_digital-2_allargat_transparent-1024x239.png\",\"datePublished\":\"2022-05-11T10:33:51+00:00\",\"dateModified\":\"2025-12-01T15:08:09+00:00\",\"description\":\"Servicio completo en m\u00e1rqueting digital: Dise\u00f1o de marca, imagen corporativa, logotipo, redes sociales, publicidad digital.\",\"breadcrumb\":{\"@id\":\"https:\/\/www.dumainteractiva.com\/web\/es\/marqueting-es\/#breadcrumb\"},\"inLanguage\":\"es\",\"potentialAction\":[{\"@type\":\"ReadAction\",\"target\":[\"https:\/\/www.dumainteractiva.com\/web\/es\/marqueting-es\/\"]}]},{\"@type\":\"ImageObject\",\"inLanguage\":\"es\",\"@id\":\"https:\/\/www.dumainteractiva.com\/web\/es\/marqueting-es\/#primaryimage\",\"url\":\"https:\/\/i0.wp.com\/www.dumainteractiva.com\/web\/wp-content\/uploads\/2023\/01\/be_digital-2_allargat_transparent.png?fit=1429%2C333&ssl=1\",\"contentUrl\":\"https:\/\/i0.wp.com\/www.dumainteractiva.com\/web\/wp-content\/uploads\/2023\/01\/be_digital-2_allargat_transparent.png?fit=1429%2C333&ssl=1\",\"width\":1429,\"height\":333},{\"@type\":\"BreadcrumbList\",\"@id\":\"https:\/\/www.dumainteractiva.com\/web\/es\/marqueting-es\/#breadcrumb\",\"itemListElement\":[{\"@type\":\"ListItem\",\"position\":1,\"name\":\"Portada\",\"item\":\"https:\/\/www.dumainteractiva.com\/web\/\"},{\"@type\":\"ListItem\",\"position\":2,\"name\":\"M\u00e1rqueting digital\"}]},{\"@type\":\"WebSite\",\"@id\":\"https:\/\/www.dumainteractiva.com\/web\/#website\",\"url\":\"https:\/\/www.dumainteractiva.com\/web\/\",\"name\":\"Duma Next\",\"description\":\"Agencia Interactiva de programaci\u00f3n ERP, desarrollo App y dise\u00f1o web multiplataforma\",\"publisher\":{\"@id\":\"https:\/\/www.dumainteractiva.com\/web\/#organization\"},\"potentialAction\":[{\"@type\":\"SearchAction\",\"target\":{\"@type\":\"EntryPoint\",\"urlTemplate\":\"https:\/\/www.dumainteractiva.com\/web\/?s={search_term_string}\"},\"query-input\":{\"@type\":\"PropertyValueSpecification\",\"valueRequired\":true,\"valueName\":\"search_term_string\"}}],\"inLanguage\":\"es\"},{\"@type\":\"Organization\",\"@id\":\"https:\/\/www.dumainteractiva.com\/web\/#organization\",\"name\":\"Duma Next\",\"url\":\"https:\/\/www.dumainteractiva.com\/web\/\",\"logo\":{\"@type\":\"ImageObject\",\"inLanguage\":\"es\",\"@id\":\"https:\/\/www.dumainteractiva.com\/web\/#\/schema\/logo\/image\/\",\"url\":\"https:\/\/i0.wp.com\/www.dumainteractiva.com\/web\/wp-content\/uploads\/2022\/05\/Duma_logo_2022-transparent.png?fit=1239%2C836&ssl=1\",\"contentUrl\":\"https:\/\/i0.wp.com\/www.dumainteractiva.com\/web\/wp-content\/uploads\/2022\/05\/Duma_logo_2022-transparent.png?fit=1239%2C836&ssl=1\",\"width\":1239,\"height\":836,\"caption\":\"Duma Next\"},\"image\":{\"@id\":\"https:\/\/www.dumainteractiva.com\/web\/#\/schema\/logo\/image\/\"},\"sameAs\":[\"https:\/\/www.facebook.com\/dumainteractiva\"]}]}<\/script>\n<!-- \/ Yoast SEO plugin. -->","yoast_head_json":{"title":"M\u00e1rqueting digital - Duma Next","description":"Servicio completo en m\u00e1rqueting digital: Dise\u00f1o de marca, imagen corporativa, logotipo, redes sociales, publicidad digital.","robots":{"index":"index","follow":"follow","max-snippet":"max-snippet:-1","max-image-preview":"max-image-preview:large","max-video-preview":"max-video-preview:-1"},"canonical":"https:\/\/www.dumainteractiva.com\/web\/es\/marqueting-es\/","og_locale":"es_ES","og_type":"article","og_title":"M\u00e1rqueting digital - Duma Next","og_description":"Servicio completo en m\u00e1rqueting digital: Dise\u00f1o de marca, imagen corporativa, logotipo, redes sociales, publicidad digital.","og_url":"https:\/\/www.dumainteractiva.com\/web\/es\/marqueting-es\/","og_site_name":"Duma Next","article_publisher":"https:\/\/www.facebook.com\/dumainteractiva","article_modified_time":"2025-12-01T15:08:09+00:00","og_image":[{"width":2048,"height":1638,"url":"https:\/\/www.dumainteractiva.com\/web\/wp-content\/uploads\/2022\/05\/digital-marketing-solutio.png","type":"image\/png"}],"twitter_card":"summary_large_image","twitter_title":"M\u00e1rqueting digital - Duma Next","twitter_description":"Servicio completo en m\u00e1rqueting digital: Dise\u00f1o de marca, imagen corporativa, logotipo, redes sociales, publicidad digital.","twitter_image":"https:\/\/i0.wp.com\/www.dumainteractiva.com\/web\/wp-content\/uploads\/2022\/05\/digital-marketing-solutio.png?fit=2048%2C1638&ssl=1","twitter_misc":{"Tiempo de lectura":"1 minuto"},"schema":{"@context":"https:\/\/schema.org","@graph":[{"@type":"WebPage","@id":"https:\/\/www.dumainteractiva.com\/web\/es\/marqueting-es\/","url":"https:\/\/www.dumainteractiva.com\/web\/es\/marqueting-es\/","name":"M\u00e1rqueting digital - Duma Next","isPartOf":{"@id":"https:\/\/www.dumainteractiva.com\/web\/#website"},"primaryImageOfPage":{"@id":"https:\/\/www.dumainteractiva.com\/web\/es\/marqueting-es\/#primaryimage"},"image":{"@id":"https:\/\/www.dumainteractiva.com\/web\/es\/marqueting-es\/#primaryimage"},"thumbnailUrl":"https:\/\/www.dumainteractiva.com\/web\/wp-content\/uploads\/2023\/01\/be_digital-2_allargat_transparent-1024x239.png","datePublished":"2022-05-11T10:33:51+00:00","dateModified":"2025-12-01T15:08:09+00:00","description":"Servicio completo en m\u00e1rqueting digital: Dise\u00f1o de marca, imagen corporativa, logotipo, redes sociales, publicidad digital.","breadcrumb":{"@id":"https:\/\/www.dumainteractiva.com\/web\/es\/marqueting-es\/#breadcrumb"},"inLanguage":"es","potentialAction":[{"@type":"ReadAction","target":["https:\/\/www.dumainteractiva.com\/web\/es\/marqueting-es\/"]}]},{"@type":"ImageObject","inLanguage":"es","@id":"https:\/\/www.dumainteractiva.com\/web\/es\/marqueting-es\/#primaryimage","url":"https:\/\/i0.wp.com\/www.dumainteractiva.com\/web\/wp-content\/uploads\/2023\/01\/be_digital-2_allargat_transparent.png?fit=1429%2C333&ssl=1","contentUrl":"https:\/\/i0.wp.com\/www.dumainteractiva.com\/web\/wp-content\/uploads\/2023\/01\/be_digital-2_allargat_transparent.png?fit=1429%2C333&ssl=1","width":1429,"height":333},{"@type":"BreadcrumbList","@id":"https:\/\/www.dumainteractiva.com\/web\/es\/marqueting-es\/#breadcrumb","itemListElement":[{"@type":"ListItem","position":1,"name":"Portada","item":"https:\/\/www.dumainteractiva.com\/web\/"},{"@type":"ListItem","position":2,"name":"M\u00e1rqueting digital"}]},{"@type":"WebSite","@id":"https:\/\/www.dumainteractiva.com\/web\/#website","url":"https:\/\/www.dumainteractiva.com\/web\/","name":"Duma Next","description":"Agencia Interactiva de programaci\u00f3n ERP, desarrollo App y dise\u00f1o web multiplataforma","publisher":{"@id":"https:\/\/www.dumainteractiva.com\/web\/#organization"},"potentialAction":[{"@type":"SearchAction","target":{"@type":"EntryPoint","urlTemplate":"https:\/\/www.dumainteractiva.com\/web\/?s={search_term_string}"},"query-input":{"@type":"PropertyValueSpecification","valueRequired":true,"valueName":"search_term_string"}}],"inLanguage":"es"},{"@type":"Organization","@id":"https:\/\/www.dumainteractiva.com\/web\/#organization","name":"Duma Next","url":"https:\/\/www.dumainteractiva.com\/web\/","logo":{"@type":"ImageObject","inLanguage":"es","@id":"https:\/\/www.dumainteractiva.com\/web\/#\/schema\/logo\/image\/","url":"https:\/\/i0.wp.com\/www.dumainteractiva.com\/web\/wp-content\/uploads\/2022\/05\/Duma_logo_2022-transparent.png?fit=1239%2C836&ssl=1","contentUrl":"https:\/\/i0.wp.com\/www.dumainteractiva.com\/web\/wp-content\/uploads\/2022\/05\/Duma_logo_2022-transparent.png?fit=1239%2C836&ssl=1","width":1239,"height":836,"caption":"Duma Next"},"image":{"@id":"https:\/\/www.dumainteractiva.com\/web\/#\/schema\/logo\/image\/"},"sameAs":["https:\/\/www.facebook.com\/dumainteractiva"]}]}},"jetpack_sharing_enabled":true,"_links":{"self":[{"href":"https:\/\/www.dumainteractiva.com\/web\/wp-json\/wp\/v2\/pages\/680","targetHints":{"allow":["GET"]}}],"collection":[{"href":"https:\/\/www.dumainteractiva.com\/web\/wp-json\/wp\/v2\/pages"}],"about":[{"href":"https:\/\/www.dumainteractiva.com\/web\/wp-json\/wp\/v2\/types\/page"}],"author":[{"embeddable":true,"href":"https:\/\/www.dumainteractiva.com\/web\/wp-json\/wp\/v2\/users\/1"}],"replies":[{"embeddable":true,"href":"https:\/\/www.dumainteractiva.com\/web\/wp-json\/wp\/v2\/comments?post=680"}],"version-history":[{"count":30,"href":"https:\/\/www.dumainteractiva.com\/web\/wp-json\/wp\/v2\/pages\/680\/revisions"}],"predecessor-version":[{"id":2528,"href":"https:\/\/www.dumainteractiva.com\/web\/wp-json\/wp\/v2\/pages\/680\/revisions\/2528"}],"wp:attachment":[{"href":"https:\/\/www.dumainteractiva.com\/web\/wp-json\/wp\/v2\/media?parent=680"}],"curies":[{"name":"wp","href":"https:\/\/api.w.org\/{rel}","templated":true}]}}