{"id":786,"date":"2022-05-12T07:47:07","date_gmt":"2022-05-12T07:47:07","guid":{"rendered":"https:\/\/www.dumainteractiva.com\/web\/?page_id=786"},"modified":"2025-12-01T15:03:32","modified_gmt":"2025-12-01T15:03:32","slug":"web-a-medida","status":"publish","type":"page","link":"https:\/\/www.dumainteractiva.com\/web\/es\/web-a-medida\/","title":{"rendered":"Webs a medida"},"content":{"rendered":"\n<figure class=\"wp-block-image alignfull size-large\"><img data-recalc-dims=\"1\" fetchpriority=\"high\" decoding=\"async\" width=\"1024\" height=\"276\" src=\"https:\/\/i0.wp.com\/www.dumainteractiva.com\/web\/wp-content\/uploads\/2022\/05\/Custom-dimensions-670x450-px-Custom-dimensions.jpeg?resize=1024%2C276&#038;ssl=1\" alt=\"\" class=\"wp-image-1304\" srcset=\"https:\/\/i0.wp.com\/www.dumainteractiva.com\/web\/wp-content\/uploads\/2022\/05\/Custom-dimensions-670x450-px-Custom-dimensions.jpeg?resize=1024%2C276&amp;ssl=1 1024w, https:\/\/i0.wp.com\/www.dumainteractiva.com\/web\/wp-content\/uploads\/2022\/05\/Custom-dimensions-670x450-px-Custom-dimensions.jpeg?resize=300%2C81&amp;ssl=1 300w, https:\/\/i0.wp.com\/www.dumainteractiva.com\/web\/wp-content\/uploads\/2022\/05\/Custom-dimensions-670x450-px-Custom-dimensions.jpeg?resize=768%2C207&amp;ssl=1 768w, https:\/\/i0.wp.com\/www.dumainteractiva.com\/web\/wp-content\/uploads\/2022\/05\/Custom-dimensions-670x450-px-Custom-dimensions.jpeg?resize=1536%2C414&amp;ssl=1 1536w, https:\/\/i0.wp.com\/www.dumainteractiva.com\/web\/wp-content\/uploads\/2022\/05\/Custom-dimensions-670x450-px-Custom-dimensions.jpeg?w=1900&amp;ssl=1 1900w\" sizes=\"(max-width: 1000px) 100vw, 1000px\" \/><\/figure>\n\n\n\n<p>En <strong>Duma Next<\/strong> somos expertos en desarrollo de web a medida, multiformato, con importaci\u00f3n\/exportaci\u00f3n de datos a bases de datos externas.<\/p>\n\n\n\n<p>&gt;&gt; Disponemos de <strong>servidores de alto rendimiento<\/strong> para proyectos con gran volumen de usuarios.<\/p>\n\n\n\n<p>&gt;&gt; Disponemos de un <strong>sistema propio de comercio electr\u00f3nico<\/strong>, que permite dise\u00f1ar tiendas online totalmente a medida del producto y cliente. El sistema permite disponer de una completa tienda virtual, con dise\u00f1o totalmente a medida, pasarela de pago, gesti\u00f3n de productos y familias, pedidos, clientes, y mucho m\u00e1s.&nbsp;<\/p>\n\n\n\n<p>&gt;&gt; Implementamos <strong>gestores de contenidos<\/strong> desarrollados por nosotros, adaptados a las necesidades reales de cada proyecto.<\/p>\n\n\n\n<p>&gt;&gt; Posibilidad de conectar con el <strong><a href=\"https:\/\/www.dumainteractiva.com\/web\/es\/programacion-erp\/\">ERP corporativo<\/a><\/strong> de su empresa, y enlazado con la App: intranets a medida, gesti\u00f3n de procesos, gesti\u00f3n de personal, gesti\u00f3n documental.<\/p>\n\n\n\n<div class=\"wp-block-columns is-layout-flex wp-container-core-columns-is-layout-9d6595d7 wp-block-columns-is-layout-flex\">\n<div class=\"wp-block-column is-vertically-aligned-center is-layout-flow wp-block-column-is-layout-flow\"><div class=\"wp-block-image\">\n<figure class=\"aligncenter size-full\"><img data-recalc-dims=\"1\" decoding=\"async\" width=\"472\" height=\"276\" src=\"https:\/\/i0.wp.com\/www.dumainteractiva.com\/web\/wp-content\/uploads\/2022\/05\/web.png?resize=472%2C276&#038;ssl=1\" alt=\"\" class=\"wp-image-66\" srcset=\"https:\/\/i0.wp.com\/www.dumainteractiva.com\/web\/wp-content\/uploads\/2022\/05\/web.png?w=472&amp;ssl=1 472w, https:\/\/i0.wp.com\/www.dumainteractiva.com\/web\/wp-content\/uploads\/2022\/05\/web.png?resize=300%2C175&amp;ssl=1 300w\" sizes=\"(max-width: 472px) 100vw, 472px\" \/><\/figure>\n<\/div><\/div>\n\n\n\n<div class=\"wp-block-column is-layout-flow wp-block-column-is-layout-flow\">\n<p><strong>Tenemos amplia experiencia en webs de distintos sectores:<\/strong><\/p>\n\n\n\n<ul class=\"wp-block-list\">\n<li><a href=\"https:\/\/www.dumainteractiva.com\/web\/centros-educativos\/\">Webs para centros educativos<\/a><\/li>\n\n\n\n<li><a href=\"https:\/\/www.dumainteractiva.com\/web\/centros-deportivos-y-clubes\/\"><span style=\"font-size: 0.9375rem;\">Webs para centros deportivos<\/span><\/a><\/li>\n\n\n\n<li><a href=\"https:\/\/www.dumainteractiva.com\/web\/centros-medicos\/\">Webs para centros m\u00e9dicos<\/a><\/li>\n\n\n\n<li><a href=\"https:\/\/www.dumainteractiva.com\/web\/ayuntamientos\/\">Webs para ayuntamientos<\/a><\/li>\n\n\n\n<li><a href=\"https:\/\/www.dumainteractiva.com\/web\/pymes\/\">Webs de comercio electr\u00f3nico<\/a><\/li>\n\n\n\n<li><a href=\"https:\/\/www.dumainteractiva.com\/web\/pymes\/\">Webs empresariales de descripci\u00f3n de servicios<\/a><\/li>\n<\/ul>\n<\/div>\n<\/div>\n\n\n\n<div class=\"wp-block-buttons is-content-justification-center is-layout-flex wp-container-core-buttons-is-layout-16018d1d wp-block-buttons-is-layout-flex\">\n<div class=\"wp-block-button aligncenter\"><a class=\"wp-block-button__link has-text-align-center wp-element-button\" href=\"https:\/\/www.dumainteractiva.com\/web\/contacta-es\/\">SOLICITA AQU\u00cd INFORMACI\u00d3N O PRESUPUESTO DETALLADO<\/a><\/div>\n<\/div>\n","protected":false},"excerpt":{"rendered":"<p>En Duma Next somos expertos en desarrollo de web a medida, multiformato, con importaci\u00f3n\/exportaci\u00f3n de datos a bases de datos externas. &gt;&gt; Disponemos de servidores de alto rendimiento para proyectos&hellip;<\/p>\n","protected":false},"author":1,"featured_media":0,"parent":0,"menu_order":0,"comment_status":"closed","ping_status":"closed","template":"","meta":{"footnotes":""},"class_list":["post-786","page","type-page","status-publish","hentry"],"yoast_head":"<!-- This site is optimized with the Yoast SEO plugin v27.2 - https:\/\/yoast.com\/product\/yoast-seo-wordpress\/ -->\n<title>Webs a medida - Duma Next<\/title>\n<meta name=\"description\" content=\"En Duma Next somos expertos en desarrollo web a medida, multiformato, con importaci\u00f3n\/exportaci\u00f3n de datos a bases de datos externas.\" \/>\n<meta name=\"robots\" content=\"index, follow, max-snippet:-1, max-image-preview:large, max-video-preview:-1\" \/>\n<link rel=\"canonical\" href=\"https:\/\/www.dumainteractiva.com\/web\/es\/web-a-medida\/\" \/>\n<meta property=\"og:locale\" content=\"es_ES\" \/>\n<meta property=\"og:type\" content=\"article\" \/>\n<meta property=\"og:title\" content=\"Webs a medida - Duma Next\" \/>\n<meta property=\"og:description\" content=\"En Duma Next somos expertos en desarrollo web a medida, multiformato, con importaci\u00f3n\/exportaci\u00f3n de datos a bases de datos externas.\" \/>\n<meta property=\"og:url\" content=\"https:\/\/www.dumainteractiva.com\/web\/es\/web-a-medida\/\" \/>\n<meta property=\"og:site_name\" content=\"Duma Next\" \/>\n<meta property=\"article:publisher\" content=\"https:\/\/www.facebook.com\/dumainteractiva\" \/>\n<meta property=\"article:modified_time\" content=\"2025-12-01T15:03:32+00:00\" \/>\n<meta property=\"og:image\" content=\"https:\/\/www.dumainteractiva.com\/web\/wp-content\/uploads\/2022\/05\/web.png\" \/>\n\t<meta property=\"og:image:width\" content=\"472\" \/>\n\t<meta property=\"og:image:height\" content=\"276\" \/>\n\t<meta property=\"og:image:type\" content=\"image\/png\" \/>\n<meta name=\"twitter:card\" content=\"summary_large_image\" \/>\n<meta name=\"twitter:title\" content=\"Webs a medida - Duma Next\" \/>\n<meta name=\"twitter:description\" content=\"En Duma Next somos expertos en desarrollo web a medida, multiformato, con importaci\u00f3n\/exportaci\u00f3n de datos a bases de datos externas.\" \/>\n<meta name=\"twitter:image\" content=\"https:\/\/i0.wp.com\/www.dumainteractiva.com\/web\/wp-content\/uploads\/2022\/05\/web.png?fit=472%2C276&ssl=1\" \/>\n<meta name=\"twitter:label1\" content=\"Tiempo de lectura\" \/>\n\t<meta name=\"twitter:data1\" content=\"2 minutos\" \/>\n<script type=\"application\/ld+json\" class=\"yoast-schema-graph\">{\"@context\":\"https:\/\/schema.org\",\"@graph\":[{\"@type\":\"WebPage\",\"@id\":\"https:\/\/www.dumainteractiva.com\/web\/es\/web-a-medida\/\",\"url\":\"https:\/\/www.dumainteractiva.com\/web\/es\/web-a-medida\/\",\"name\":\"Webs a medida - Duma Next\",\"isPartOf\":{\"@id\":\"https:\/\/www.dumainteractiva.com\/web\/#website\"},\"primaryImageOfPage\":{\"@id\":\"https:\/\/www.dumainteractiva.com\/web\/es\/web-a-medida\/#primaryimage\"},\"image\":{\"@id\":\"https:\/\/www.dumainteractiva.com\/web\/es\/web-a-medida\/#primaryimage\"},\"thumbnailUrl\":\"https:\/\/www.dumainteractiva.com\/web\/wp-content\/uploads\/2022\/05\/Custom-dimensions-670x450-px-Custom-dimensions-1024x276.jpeg\",\"datePublished\":\"2022-05-12T07:47:07+00:00\",\"dateModified\":\"2025-12-01T15:03:32+00:00\",\"description\":\"En Duma Next somos expertos en desarrollo web a medida, multiformato, con importaci\u00f3n\/exportaci\u00f3n de datos a bases de datos externas.\",\"breadcrumb\":{\"@id\":\"https:\/\/www.dumainteractiva.com\/web\/es\/web-a-medida\/#breadcrumb\"},\"inLanguage\":\"es\",\"potentialAction\":[{\"@type\":\"ReadAction\",\"target\":[\"https:\/\/www.dumainteractiva.com\/web\/es\/web-a-medida\/\"]}]},{\"@type\":\"ImageObject\",\"inLanguage\":\"es\",\"@id\":\"https:\/\/www.dumainteractiva.com\/web\/es\/web-a-medida\/#primaryimage\",\"url\":\"https:\/\/www.dumainteractiva.com\/web\/wp-content\/uploads\/2022\/05\/Custom-dimensions-670x450-px-Custom-dimensions-1024x276.jpeg\",\"contentUrl\":\"https:\/\/www.dumainteractiva.com\/web\/wp-content\/uploads\/2022\/05\/Custom-dimensions-670x450-px-Custom-dimensions-1024x276.jpeg\"},{\"@type\":\"BreadcrumbList\",\"@id\":\"https:\/\/www.dumainteractiva.com\/web\/es\/web-a-medida\/#breadcrumb\",\"itemListElement\":[{\"@type\":\"ListItem\",\"position\":1,\"name\":\"Portada\",\"item\":\"https:\/\/www.dumainteractiva.com\/web\/\"},{\"@type\":\"ListItem\",\"position\":2,\"name\":\"Webs a medida\"}]},{\"@type\":\"WebSite\",\"@id\":\"https:\/\/www.dumainteractiva.com\/web\/#website\",\"url\":\"https:\/\/www.dumainteractiva.com\/web\/\",\"name\":\"Duma Next\",\"description\":\"Agencia Interactiva de programaci\u00f3n ERP, desarrollo App y dise\u00f1o web multiplataforma\",\"publisher\":{\"@id\":\"https:\/\/www.dumainteractiva.com\/web\/#organization\"},\"potentialAction\":[{\"@type\":\"SearchAction\",\"target\":{\"@type\":\"EntryPoint\",\"urlTemplate\":\"https:\/\/www.dumainteractiva.com\/web\/?s={search_term_string}\"},\"query-input\":{\"@type\":\"PropertyValueSpecification\",\"valueRequired\":true,\"valueName\":\"search_term_string\"}}],\"inLanguage\":\"es\"},{\"@type\":\"Organization\",\"@id\":\"https:\/\/www.dumainteractiva.com\/web\/#organization\",\"name\":\"Duma Next\",\"url\":\"https:\/\/www.dumainteractiva.com\/web\/\",\"logo\":{\"@type\":\"ImageObject\",\"inLanguage\":\"es\",\"@id\":\"https:\/\/www.dumainteractiva.com\/web\/#\/schema\/logo\/image\/\",\"url\":\"https:\/\/i0.wp.com\/www.dumainteractiva.com\/web\/wp-content\/uploads\/2022\/05\/Duma_logo_2022-transparent.png?fit=1239%2C836&ssl=1\",\"contentUrl\":\"https:\/\/i0.wp.com\/www.dumainteractiva.com\/web\/wp-content\/uploads\/2022\/05\/Duma_logo_2022-transparent.png?fit=1239%2C836&ssl=1\",\"width\":1239,\"height\":836,\"caption\":\"Duma Next\"},\"image\":{\"@id\":\"https:\/\/www.dumainteractiva.com\/web\/#\/schema\/logo\/image\/\"},\"sameAs\":[\"https:\/\/www.facebook.com\/dumainteractiva\"]}]}<\/script>\n<!-- \/ Yoast SEO plugin. -->","yoast_head_json":{"title":"Webs a medida - Duma Next","description":"En Duma Next somos expertos en desarrollo web a medida, multiformato, con importaci\u00f3n\/exportaci\u00f3n de datos a bases de datos externas.","robots":{"index":"index","follow":"follow","max-snippet":"max-snippet:-1","max-image-preview":"max-image-preview:large","max-video-preview":"max-video-preview:-1"},"canonical":"https:\/\/www.dumainteractiva.com\/web\/es\/web-a-medida\/","og_locale":"es_ES","og_type":"article","og_title":"Webs a medida - Duma Next","og_description":"En Duma Next somos expertos en desarrollo web a medida, multiformato, con importaci\u00f3n\/exportaci\u00f3n de datos a bases de datos externas.","og_url":"https:\/\/www.dumainteractiva.com\/web\/es\/web-a-medida\/","og_site_name":"Duma Next","article_publisher":"https:\/\/www.facebook.com\/dumainteractiva","article_modified_time":"2025-12-01T15:03:32+00:00","og_image":[{"width":472,"height":276,"url":"https:\/\/www.dumainteractiva.com\/web\/wp-content\/uploads\/2022\/05\/web.png","type":"image\/png"}],"twitter_card":"summary_large_image","twitter_title":"Webs a medida - Duma Next","twitter_description":"En Duma Next somos expertos en desarrollo web a medida, multiformato, con importaci\u00f3n\/exportaci\u00f3n de datos a bases de datos externas.","twitter_image":"https:\/\/i0.wp.com\/www.dumainteractiva.com\/web\/wp-content\/uploads\/2022\/05\/web.png?fit=472%2C276&ssl=1","twitter_misc":{"Tiempo de lectura":"2 minutos"},"schema":{"@context":"https:\/\/schema.org","@graph":[{"@type":"WebPage","@id":"https:\/\/www.dumainteractiva.com\/web\/es\/web-a-medida\/","url":"https:\/\/www.dumainteractiva.com\/web\/es\/web-a-medida\/","name":"Webs a medida - Duma Next","isPartOf":{"@id":"https:\/\/www.dumainteractiva.com\/web\/#website"},"primaryImageOfPage":{"@id":"https:\/\/www.dumainteractiva.com\/web\/es\/web-a-medida\/#primaryimage"},"image":{"@id":"https:\/\/www.dumainteractiva.com\/web\/es\/web-a-medida\/#primaryimage"},"thumbnailUrl":"https:\/\/www.dumainteractiva.com\/web\/wp-content\/uploads\/2022\/05\/Custom-dimensions-670x450-px-Custom-dimensions-1024x276.jpeg","datePublished":"2022-05-12T07:47:07+00:00","dateModified":"2025-12-01T15:03:32+00:00","description":"En Duma Next somos expertos en desarrollo web a medida, multiformato, con importaci\u00f3n\/exportaci\u00f3n de datos a bases de datos externas.","breadcrumb":{"@id":"https:\/\/www.dumainteractiva.com\/web\/es\/web-a-medida\/#breadcrumb"},"inLanguage":"es","potentialAction":[{"@type":"ReadAction","target":["https:\/\/www.dumainteractiva.com\/web\/es\/web-a-medida\/"]}]},{"@type":"ImageObject","inLanguage":"es","@id":"https:\/\/www.dumainteractiva.com\/web\/es\/web-a-medida\/#primaryimage","url":"https:\/\/www.dumainteractiva.com\/web\/wp-content\/uploads\/2022\/05\/Custom-dimensions-670x450-px-Custom-dimensions-1024x276.jpeg","contentUrl":"https:\/\/www.dumainteractiva.com\/web\/wp-content\/uploads\/2022\/05\/Custom-dimensions-670x450-px-Custom-dimensions-1024x276.jpeg"},{"@type":"BreadcrumbList","@id":"https:\/\/www.dumainteractiva.com\/web\/es\/web-a-medida\/#breadcrumb","itemListElement":[{"@type":"ListItem","position":1,"name":"Portada","item":"https:\/\/www.dumainteractiva.com\/web\/"},{"@type":"ListItem","position":2,"name":"Webs a medida"}]},{"@type":"WebSite","@id":"https:\/\/www.dumainteractiva.com\/web\/#website","url":"https:\/\/www.dumainteractiva.com\/web\/","name":"Duma Next","description":"Agencia Interactiva de programaci\u00f3n ERP, desarrollo App y dise\u00f1o web multiplataforma","publisher":{"@id":"https:\/\/www.dumainteractiva.com\/web\/#organization"},"potentialAction":[{"@type":"SearchAction","target":{"@type":"EntryPoint","urlTemplate":"https:\/\/www.dumainteractiva.com\/web\/?s={search_term_string}"},"query-input":{"@type":"PropertyValueSpecification","valueRequired":true,"valueName":"search_term_string"}}],"inLanguage":"es"},{"@type":"Organization","@id":"https:\/\/www.dumainteractiva.com\/web\/#organization","name":"Duma Next","url":"https:\/\/www.dumainteractiva.com\/web\/","logo":{"@type":"ImageObject","inLanguage":"es","@id":"https:\/\/www.dumainteractiva.com\/web\/#\/schema\/logo\/image\/","url":"https:\/\/i0.wp.com\/www.dumainteractiva.com\/web\/wp-content\/uploads\/2022\/05\/Duma_logo_2022-transparent.png?fit=1239%2C836&ssl=1","contentUrl":"https:\/\/i0.wp.com\/www.dumainteractiva.com\/web\/wp-content\/uploads\/2022\/05\/Duma_logo_2022-transparent.png?fit=1239%2C836&ssl=1","width":1239,"height":836,"caption":"Duma Next"},"image":{"@id":"https:\/\/www.dumainteractiva.com\/web\/#\/schema\/logo\/image\/"},"sameAs":["https:\/\/www.facebook.com\/dumainteractiva"]}]}},"jetpack_sharing_enabled":true,"_links":{"self":[{"href":"https:\/\/www.dumainteractiva.com\/web\/wp-json\/wp\/v2\/pages\/786","targetHints":{"allow":["GET"]}}],"collection":[{"href":"https:\/\/www.dumainteractiva.com\/web\/wp-json\/wp\/v2\/pages"}],"about":[{"href":"https:\/\/www.dumainteractiva.com\/web\/wp-json\/wp\/v2\/types\/page"}],"author":[{"embeddable":true,"href":"https:\/\/www.dumainteractiva.com\/web\/wp-json\/wp\/v2\/users\/1"}],"replies":[{"embeddable":true,"href":"https:\/\/www.dumainteractiva.com\/web\/wp-json\/wp\/v2\/comments?post=786"}],"version-history":[{"count":14,"href":"https:\/\/www.dumainteractiva.com\/web\/wp-json\/wp\/v2\/pages\/786\/revisions"}],"predecessor-version":[{"id":2522,"href":"https:\/\/www.dumainteractiva.com\/web\/wp-json\/wp\/v2\/pages\/786\/revisions\/2522"}],"wp:attachment":[{"href":"https:\/\/www.dumainteractiva.com\/web\/wp-json\/wp\/v2\/media?parent=786"}],"curies":[{"name":"wp","href":"https:\/\/api.w.org\/{rel}","templated":true}]}}