{"id":805,"date":"2022-05-12T08:26:49","date_gmt":"2022-05-12T08:26:49","guid":{"rendered":"https:\/\/www.dumainteractiva.com\/web\/?page_id=805"},"modified":"2025-12-01T15:05:08","modified_gmt":"2025-12-01T15:05:08","slug":"apps-a-mida","status":"publish","type":"page","link":"https:\/\/www.dumainteractiva.com\/web\/apps-a-mida\/","title":{"rendered":"Apps a mida"},"content":{"rendered":"\n<figure class=\"wp-block-image alignfull size-large\"><img data-recalc-dims=\"1\" fetchpriority=\"high\" decoding=\"async\" width=\"1024\" height=\"251\" src=\"https:\/\/i0.wp.com\/www.dumainteractiva.com\/web\/wp-content\/uploads\/2022\/05\/bannerbg-Mobile-1500x700-2.jpg?resize=1024%2C251&#038;ssl=1\" alt=\"\" class=\"wp-image-1582\" srcset=\"https:\/\/i0.wp.com\/www.dumainteractiva.com\/web\/wp-content\/uploads\/2022\/05\/bannerbg-Mobile-1500x700-2.jpg?resize=1024%2C251&amp;ssl=1 1024w, https:\/\/i0.wp.com\/www.dumainteractiva.com\/web\/wp-content\/uploads\/2022\/05\/bannerbg-Mobile-1500x700-2.jpg?resize=300%2C74&amp;ssl=1 300w, https:\/\/i0.wp.com\/www.dumainteractiva.com\/web\/wp-content\/uploads\/2022\/05\/bannerbg-Mobile-1500x700-2.jpg?resize=768%2C188&amp;ssl=1 768w, https:\/\/i0.wp.com\/www.dumainteractiva.com\/web\/wp-content\/uploads\/2022\/05\/bannerbg-Mobile-1500x700-2.jpg?w=1500&amp;ssl=1 1500w\" sizes=\"(max-width: 1000px) 100vw, 1000px\" \/><\/figure>\n\n\n\n<p>A <strong>Duma Next<\/strong> desenvolupem APPs per m\u00f2bil i tablet, per Android i iOS, apps de comunicaci\u00f3, corporatives, comer\u00e7 electr\u00f2nic, fidelitzaci\u00f3, o qualsevol altre cosa que ens vulgueu proposar.<\/p>\n\n\n\n<p>&gt;&gt; <strong>Missatges push App<\/strong>, amb confirmaci\u00f3 de lectura, adjunts i resposta. <\/p>\n\n\n\n<p>&gt;&gt; Sistema de <strong>pagaments TPV<\/strong>, sense comissions, els diners van directe al vostre compte corrent. Possibilitat d&#8217;afegir m\u00e9s d&#8217;un TPV.<\/p>\n\n\n\n<p>&gt;&gt; Sistema de&nbsp;<strong>reserva d&#8217;espais<\/strong> i <strong>agenda digital<\/strong>.<\/p>\n\n\n\n<p>&gt;&gt; Sistema de&nbsp;registre de clients o socis, fidelitzaci\u00f3, pagament de mensualitats, reserva de cursos o activitats.<\/p>\n\n\n\n<p>&gt;&gt; Amb l&#8217;App contribu\u00efm a cuidar el medi ambient estalviant paper, ja que tots els <strong>documents, circulars i arxius arriben als dispositius dels usuaris en format digital<\/strong>.<\/p>\n\n\n\n<p>&gt;&gt;&nbsp;<strong>Servei de&nbsp;desenvolupament personalitzat&nbsp;per a qualsevol secci\u00f3 o funcionalitat que necessitin.<\/strong><\/p>\n\n\n\n<p>&gt;&gt; Possibilitat de connectar amb l&#8217;<strong><a href=\"https:\/\/www.dumainteractiva.com\/web\/programacio-erp\/\">ERP corporatiu<\/a><\/strong> <strong>desenvolupat per nosaltres<\/strong>, i enlla\u00e7at amb la web i l&#8217;App: intranets a mida, gesti\u00f3 de processos, gesti\u00f3 de personal, gesti\u00f3 documental, enlla\u00e7ats amb web i app. <\/p>\n\n\n\n<div class=\"wp-block-columns is-layout-flex wp-container-core-columns-is-layout-9d6595d7 wp-block-columns-is-layout-flex\">\n<div class=\"wp-block-column is-vertically-aligned-center is-layout-flow wp-block-column-is-layout-flow\"><div class=\"wp-block-image\">\n<figure class=\"aligncenter size-full\"><img data-recalc-dims=\"1\" decoding=\"async\" width=\"560\" height=\"324\" src=\"https:\/\/i0.wp.com\/www.dumainteractiva.com\/web\/wp-content\/uploads\/2022\/05\/app.png?resize=560%2C324&#038;ssl=1\" alt=\"\" class=\"wp-image-106\" srcset=\"https:\/\/i0.wp.com\/www.dumainteractiva.com\/web\/wp-content\/uploads\/2022\/05\/app.png?w=560&amp;ssl=1 560w, https:\/\/i0.wp.com\/www.dumainteractiva.com\/web\/wp-content\/uploads\/2022\/05\/app.png?resize=300%2C174&amp;ssl=1 300w\" sizes=\"(max-width: 560px) 100vw, 560px\" \/><\/figure>\n<\/div><\/div>\n\n\n\n<div class=\"wp-block-column is-layout-flow wp-block-column-is-layout-flow\">\n<p><strong>Disposem d&#8217;un sistema propi de gesti\u00f3 per<\/strong>:<\/p>\n\n\n\n<ul class=\"wp-block-list\">\n<li><a href=\"https:\/\/www.dumainteractiva.com\/web\/ca\/centres-educatius\/\">APP a mida per a centres educatius<\/a><\/li>\n\n\n\n<li><a href=\"https:\/\/www.dumainteractiva.com\/web\/ca\/centres-esportius-i-clubs\/\">APP a mida per a centres esportius<\/a><\/li>\n\n\n\n<li><a href=\"https:\/\/www.dumainteractiva.com\/web\/ca\/centres-medics\/\">APP a mida per a centres m\u00e8dics<\/a><\/li>\n\n\n\n<li><a href=\"https:\/\/www.dumainteractiva.com\/web\/ca\/ajuntaments\/\">APP a mida per a ajuntaments<\/a><\/li>\n\n\n\n<li><a href=\"https:\/\/www.dumainteractiva.com\/web\/ca\/pimes\/\">APP a mida per a comer\u00e7os<\/a><\/li>\n\n\n\n<li><a href=\"https:\/\/www.dumainteractiva.com\/web\/ca\/centres-educatius\/#comunicappedu\">ComunicAPP Edu (centres educatius i AFAs)<\/a><\/li>\n\n\n\n<li><a href=\"https:\/\/www.dumainteractiva.com\/web\/ca\/comunicapp-finques\/\">ComunicAPP Finques (administradors de finques)<\/a><\/li>\n\n\n\n<li><a href=\"https:\/\/www.dumainteractiva.com\/web\/ca\/centres-medics\/#comunicappsalut\">ComunicAPP Salut (centres m\u00e8dics)<\/a><\/li>\n<\/ul>\n<\/div>\n<\/div>\n\n\n\n<div class=\"wp-block-buttons is-content-justification-center is-layout-flex wp-container-core-buttons-is-layout-16018d1d wp-block-buttons-is-layout-flex\">\n<div class=\"wp-block-button aligncenter\"><a class=\"wp-block-button__link wp-element-button\" href=\"https:\/\/www.dumainteractiva.com\/web\/ca\/contacta-cat\/\">SOL\u00b7LICITA AQU\u00cd INFORMACI\u00d3 O PRESSUPOST DETALLAT<\/a><\/div>\n<\/div>\n","protected":false},"excerpt":{"rendered":"<p>A Duma Next desenvolupem APPs per m\u00f2bil i tablet, per Android i iOS, apps de comunicaci\u00f3, corporatives, comer\u00e7 electr\u00f2nic, fidelitzaci\u00f3, o qualsevol altre cosa que ens vulgueu proposar. &gt;&gt; Missatges&hellip;<\/p>\n","protected":false},"author":1,"featured_media":0,"parent":0,"menu_order":0,"comment_status":"closed","ping_status":"closed","template":"","meta":{"footnotes":""},"class_list":["post-805","page","type-page","status-publish","hentry"],"yoast_head":"<!-- This site is optimized with the Yoast SEO plugin v27.2 - https:\/\/yoast.com\/product\/yoast-seo-wordpress\/ -->\n<title>Apps a mida - Duma Next<\/title>\n<meta name=\"description\" content=\"A Duma Next desenvolupem APPs per m\u00f2bil i tablet, per Android i iOS, apps de comunicaci\u00f3, corporatives, comer\u00e7 electr\u00f2nic, fidelitzaci\u00f3, o qualsevol altre cosa que ens volgueu proposar.\" \/>\n<meta name=\"robots\" content=\"index, follow, max-snippet:-1, max-image-preview:large, max-video-preview:-1\" \/>\n<link rel=\"canonical\" href=\"https:\/\/www.dumainteractiva.com\/web\/apps-a-mida\/\" \/>\n<meta property=\"og:locale\" content=\"es_ES\" \/>\n<meta property=\"og:type\" content=\"article\" \/>\n<meta property=\"og:title\" content=\"Apps a mida - Duma Next\" \/>\n<meta property=\"og:description\" content=\"A Duma Next desenvolupem APPs per m\u00f2bil i tablet, per Android i iOS, apps de comunicaci\u00f3, corporatives, comer\u00e7 electr\u00f2nic, fidelitzaci\u00f3, o qualsevol altre cosa que ens volgueu proposar.\" \/>\n<meta property=\"og:url\" content=\"https:\/\/www.dumainteractiva.com\/web\/apps-a-mida\/\" \/>\n<meta property=\"og:site_name\" content=\"Duma Next\" \/>\n<meta property=\"article:publisher\" content=\"https:\/\/www.facebook.com\/dumainteractiva\" \/>\n<meta property=\"article:modified_time\" content=\"2025-12-01T15:05:08+00:00\" \/>\n<meta property=\"og:image\" content=\"https:\/\/www.dumainteractiva.com\/web\/wp-content\/uploads\/2022\/05\/app.png\" \/>\n\t<meta property=\"og:image:width\" content=\"560\" \/>\n\t<meta property=\"og:image:height\" content=\"324\" \/>\n\t<meta property=\"og:image:type\" content=\"image\/png\" \/>\n<meta name=\"twitter:card\" content=\"summary_large_image\" \/>\n<meta name=\"twitter:title\" content=\"Apps a mida - Duma Next\" \/>\n<meta name=\"twitter:description\" content=\"A Duma Next desenvolupem APPs per m\u00f2bil i tablet, per Android i iOS, apps de comunicaci\u00f3, corporatives, comer\u00e7 electr\u00f2nic, fidelitzaci\u00f3, o qualsevol altre cosa que ens volgueu proposar.\" \/>\n<meta name=\"twitter:image\" content=\"https:\/\/i0.wp.com\/www.dumainteractiva.com\/web\/wp-content\/uploads\/2022\/05\/app.png?fit=560%2C324&ssl=1\" \/>\n<meta name=\"twitter:label1\" content=\"Tiempo de lectura\" \/>\n\t<meta name=\"twitter:data1\" content=\"2 minutos\" \/>\n<script type=\"application\/ld+json\" class=\"yoast-schema-graph\">{\"@context\":\"https:\/\/schema.org\",\"@graph\":[{\"@type\":\"WebPage\",\"@id\":\"https:\/\/www.dumainteractiva.com\/web\/apps-a-mida\/\",\"url\":\"https:\/\/www.dumainteractiva.com\/web\/apps-a-mida\/\",\"name\":\"Apps a mida - Duma Next\",\"isPartOf\":{\"@id\":\"https:\/\/www.dumainteractiva.com\/web\/#website\"},\"primaryImageOfPage\":{\"@id\":\"https:\/\/www.dumainteractiva.com\/web\/apps-a-mida\/#primaryimage\"},\"image\":{\"@id\":\"https:\/\/www.dumainteractiva.com\/web\/apps-a-mida\/#primaryimage\"},\"thumbnailUrl\":\"https:\/\/www.dumainteractiva.com\/web\/wp-content\/uploads\/2022\/05\/bannerbg-Mobile-1500x700-2-1024x251.jpg\",\"datePublished\":\"2022-05-12T08:26:49+00:00\",\"dateModified\":\"2025-12-01T15:05:08+00:00\",\"description\":\"A Duma Next desenvolupem APPs per m\u00f2bil i tablet, per Android i iOS, apps de comunicaci\u00f3, corporatives, comer\u00e7 electr\u00f2nic, fidelitzaci\u00f3, o qualsevol altre cosa que ens volgueu proposar.\",\"breadcrumb\":{\"@id\":\"https:\/\/www.dumainteractiva.com\/web\/apps-a-mida\/#breadcrumb\"},\"inLanguage\":\"es\",\"potentialAction\":[{\"@type\":\"ReadAction\",\"target\":[\"https:\/\/www.dumainteractiva.com\/web\/apps-a-mida\/\"]}]},{\"@type\":\"ImageObject\",\"inLanguage\":\"es\",\"@id\":\"https:\/\/www.dumainteractiva.com\/web\/apps-a-mida\/#primaryimage\",\"url\":\"https:\/\/i0.wp.com\/www.dumainteractiva.com\/web\/wp-content\/uploads\/2022\/05\/bannerbg-Mobile-1500x700-2.jpg?fit=1500%2C368&ssl=1\",\"contentUrl\":\"https:\/\/i0.wp.com\/www.dumainteractiva.com\/web\/wp-content\/uploads\/2022\/05\/bannerbg-Mobile-1500x700-2.jpg?fit=1500%2C368&ssl=1\",\"width\":1500,\"height\":368},{\"@type\":\"BreadcrumbList\",\"@id\":\"https:\/\/www.dumainteractiva.com\/web\/apps-a-mida\/#breadcrumb\",\"itemListElement\":[{\"@type\":\"ListItem\",\"position\":1,\"name\":\"Portada\",\"item\":\"https:\/\/www.dumainteractiva.com\/web\/\"},{\"@type\":\"ListItem\",\"position\":2,\"name\":\"Apps a mida\"}]},{\"@type\":\"WebSite\",\"@id\":\"https:\/\/www.dumainteractiva.com\/web\/#website\",\"url\":\"https:\/\/www.dumainteractiva.com\/web\/\",\"name\":\"Duma Next\",\"description\":\"Agencia Interactiva de programaci\u00f3n ERP, desarrollo App y dise\u00f1o web multiplataforma\",\"publisher\":{\"@id\":\"https:\/\/www.dumainteractiva.com\/web\/#organization\"},\"potentialAction\":[{\"@type\":\"SearchAction\",\"target\":{\"@type\":\"EntryPoint\",\"urlTemplate\":\"https:\/\/www.dumainteractiva.com\/web\/?s={search_term_string}\"},\"query-input\":{\"@type\":\"PropertyValueSpecification\",\"valueRequired\":true,\"valueName\":\"search_term_string\"}}],\"inLanguage\":\"es\"},{\"@type\":\"Organization\",\"@id\":\"https:\/\/www.dumainteractiva.com\/web\/#organization\",\"name\":\"Duma Next\",\"url\":\"https:\/\/www.dumainteractiva.com\/web\/\",\"logo\":{\"@type\":\"ImageObject\",\"inLanguage\":\"es\",\"@id\":\"https:\/\/www.dumainteractiva.com\/web\/#\/schema\/logo\/image\/\",\"url\":\"https:\/\/i0.wp.com\/www.dumainteractiva.com\/web\/wp-content\/uploads\/2022\/05\/Duma_logo_2022-transparent.png?fit=1239%2C836&ssl=1\",\"contentUrl\":\"https:\/\/i0.wp.com\/www.dumainteractiva.com\/web\/wp-content\/uploads\/2022\/05\/Duma_logo_2022-transparent.png?fit=1239%2C836&ssl=1\",\"width\":1239,\"height\":836,\"caption\":\"Duma Next\"},\"image\":{\"@id\":\"https:\/\/www.dumainteractiva.com\/web\/#\/schema\/logo\/image\/\"},\"sameAs\":[\"https:\/\/www.facebook.com\/dumainteractiva\"]}]}<\/script>\n<!-- \/ Yoast SEO plugin. -->","yoast_head_json":{"title":"Apps a mida - Duma Next","description":"A Duma Next desenvolupem APPs per m\u00f2bil i tablet, per Android i iOS, apps de comunicaci\u00f3, corporatives, comer\u00e7 electr\u00f2nic, fidelitzaci\u00f3, o qualsevol altre cosa que ens volgueu proposar.","robots":{"index":"index","follow":"follow","max-snippet":"max-snippet:-1","max-image-preview":"max-image-preview:large","max-video-preview":"max-video-preview:-1"},"canonical":"https:\/\/www.dumainteractiva.com\/web\/apps-a-mida\/","og_locale":"es_ES","og_type":"article","og_title":"Apps a mida - Duma Next","og_description":"A Duma Next desenvolupem APPs per m\u00f2bil i tablet, per Android i iOS, apps de comunicaci\u00f3, corporatives, comer\u00e7 electr\u00f2nic, fidelitzaci\u00f3, o qualsevol altre cosa que ens volgueu proposar.","og_url":"https:\/\/www.dumainteractiva.com\/web\/apps-a-mida\/","og_site_name":"Duma Next","article_publisher":"https:\/\/www.facebook.com\/dumainteractiva","article_modified_time":"2025-12-01T15:05:08+00:00","og_image":[{"width":560,"height":324,"url":"https:\/\/www.dumainteractiva.com\/web\/wp-content\/uploads\/2022\/05\/app.png","type":"image\/png"}],"twitter_card":"summary_large_image","twitter_title":"Apps a mida - Duma Next","twitter_description":"A Duma Next desenvolupem APPs per m\u00f2bil i tablet, per Android i iOS, apps de comunicaci\u00f3, corporatives, comer\u00e7 electr\u00f2nic, fidelitzaci\u00f3, o qualsevol altre cosa que ens volgueu proposar.","twitter_image":"https:\/\/i0.wp.com\/www.dumainteractiva.com\/web\/wp-content\/uploads\/2022\/05\/app.png?fit=560%2C324&ssl=1","twitter_misc":{"Tiempo de lectura":"2 minutos"},"schema":{"@context":"https:\/\/schema.org","@graph":[{"@type":"WebPage","@id":"https:\/\/www.dumainteractiva.com\/web\/apps-a-mida\/","url":"https:\/\/www.dumainteractiva.com\/web\/apps-a-mida\/","name":"Apps a mida - Duma Next","isPartOf":{"@id":"https:\/\/www.dumainteractiva.com\/web\/#website"},"primaryImageOfPage":{"@id":"https:\/\/www.dumainteractiva.com\/web\/apps-a-mida\/#primaryimage"},"image":{"@id":"https:\/\/www.dumainteractiva.com\/web\/apps-a-mida\/#primaryimage"},"thumbnailUrl":"https:\/\/www.dumainteractiva.com\/web\/wp-content\/uploads\/2022\/05\/bannerbg-Mobile-1500x700-2-1024x251.jpg","datePublished":"2022-05-12T08:26:49+00:00","dateModified":"2025-12-01T15:05:08+00:00","description":"A Duma Next desenvolupem APPs per m\u00f2bil i tablet, per Android i iOS, apps de comunicaci\u00f3, corporatives, comer\u00e7 electr\u00f2nic, fidelitzaci\u00f3, o qualsevol altre cosa que ens volgueu proposar.","breadcrumb":{"@id":"https:\/\/www.dumainteractiva.com\/web\/apps-a-mida\/#breadcrumb"},"inLanguage":"es","potentialAction":[{"@type":"ReadAction","target":["https:\/\/www.dumainteractiva.com\/web\/apps-a-mida\/"]}]},{"@type":"ImageObject","inLanguage":"es","@id":"https:\/\/www.dumainteractiva.com\/web\/apps-a-mida\/#primaryimage","url":"https:\/\/i0.wp.com\/www.dumainteractiva.com\/web\/wp-content\/uploads\/2022\/05\/bannerbg-Mobile-1500x700-2.jpg?fit=1500%2C368&ssl=1","contentUrl":"https:\/\/i0.wp.com\/www.dumainteractiva.com\/web\/wp-content\/uploads\/2022\/05\/bannerbg-Mobile-1500x700-2.jpg?fit=1500%2C368&ssl=1","width":1500,"height":368},{"@type":"BreadcrumbList","@id":"https:\/\/www.dumainteractiva.com\/web\/apps-a-mida\/#breadcrumb","itemListElement":[{"@type":"ListItem","position":1,"name":"Portada","item":"https:\/\/www.dumainteractiva.com\/web\/"},{"@type":"ListItem","position":2,"name":"Apps a mida"}]},{"@type":"WebSite","@id":"https:\/\/www.dumainteractiva.com\/web\/#website","url":"https:\/\/www.dumainteractiva.com\/web\/","name":"Duma Next","description":"Agencia Interactiva de programaci\u00f3n ERP, desarrollo App y dise\u00f1o web multiplataforma","publisher":{"@id":"https:\/\/www.dumainteractiva.com\/web\/#organization"},"potentialAction":[{"@type":"SearchAction","target":{"@type":"EntryPoint","urlTemplate":"https:\/\/www.dumainteractiva.com\/web\/?s={search_term_string}"},"query-input":{"@type":"PropertyValueSpecification","valueRequired":true,"valueName":"search_term_string"}}],"inLanguage":"es"},{"@type":"Organization","@id":"https:\/\/www.dumainteractiva.com\/web\/#organization","name":"Duma Next","url":"https:\/\/www.dumainteractiva.com\/web\/","logo":{"@type":"ImageObject","inLanguage":"es","@id":"https:\/\/www.dumainteractiva.com\/web\/#\/schema\/logo\/image\/","url":"https:\/\/i0.wp.com\/www.dumainteractiva.com\/web\/wp-content\/uploads\/2022\/05\/Duma_logo_2022-transparent.png?fit=1239%2C836&ssl=1","contentUrl":"https:\/\/i0.wp.com\/www.dumainteractiva.com\/web\/wp-content\/uploads\/2022\/05\/Duma_logo_2022-transparent.png?fit=1239%2C836&ssl=1","width":1239,"height":836,"caption":"Duma Next"},"image":{"@id":"https:\/\/www.dumainteractiva.com\/web\/#\/schema\/logo\/image\/"},"sameAs":["https:\/\/www.facebook.com\/dumainteractiva"]}]}},"jetpack_sharing_enabled":true,"_links":{"self":[{"href":"https:\/\/www.dumainteractiva.com\/web\/wp-json\/wp\/v2\/pages\/805","targetHints":{"allow":["GET"]}}],"collection":[{"href":"https:\/\/www.dumainteractiva.com\/web\/wp-json\/wp\/v2\/pages"}],"about":[{"href":"https:\/\/www.dumainteractiva.com\/web\/wp-json\/wp\/v2\/types\/page"}],"author":[{"embeddable":true,"href":"https:\/\/www.dumainteractiva.com\/web\/wp-json\/wp\/v2\/users\/1"}],"replies":[{"embeddable":true,"href":"https:\/\/www.dumainteractiva.com\/web\/wp-json\/wp\/v2\/comments?post=805"}],"version-history":[{"count":18,"href":"https:\/\/www.dumainteractiva.com\/web\/wp-json\/wp\/v2\/pages\/805\/revisions"}],"predecessor-version":[{"id":2523,"href":"https:\/\/www.dumainteractiva.com\/web\/wp-json\/wp\/v2\/pages\/805\/revisions\/2523"}],"wp:attachment":[{"href":"https:\/\/www.dumainteractiva.com\/web\/wp-json\/wp\/v2\/media?parent=805"}],"curies":[{"name":"wp","href":"https:\/\/api.w.org\/{rel}","templated":true}]}}